{"id":58018,"date":"2025-11-28T13:48:59","date_gmt":"2025-11-28T13:48:59","guid":{"rendered":"https:\/\/senabel.com\/?post_type=product&#038;p=58018"},"modified":"2025-11-28T15:06:17","modified_gmt":"2025-11-28T15:06:17","slug":"malet-brasilianskt-kaffe-medium-kardemumma","status":"publish","type":"product","link":"https:\/\/senabel.com\/sv\/product\/ground-brazilian-coffee-medium-cardamom\/","title":{"rendered":"Malet brasilianskt kaffe \u2013 Mediumrost"},"content":{"rendered":"<p data-start=\"36\" data-end=\"225\">Noggrant malet brasilianskt kaffe av utm\u00e4rkt kvalitet, blandat med kardemumma f\u00f6r att ge dig en balanserad smak som kombinerar kaffets starka smak med kardemummans aromatiska doft. Passar f\u00f6r kaffe\u00e4lskare som dricker kaffe varje dag tack vare sin rika smak och mjuka konsistens.<\/p>\n<p data-start=\"227\" data-end=\"241\"><strong data-start=\"227\" data-end=\"239\">Funktioner<\/strong><\/p>\n<ul data-start=\"242\" data-end=\"378\">\n<li data-start=\"242\" data-end=\"279\">\n<p data-start=\"244\" data-end=\"279\">H\u00f6gkvalitativt brasilianskt malet kaffe<\/p>\n<\/li>\n<li data-start=\"280\" data-end=\"311\">\n<p data-start=\"282\" data-end=\"311\">Medelh\u00f6g v\u00e4rme f\u00f6r en balanserad smak<\/p>\n<\/li>\n<li data-start=\"312\" data-end=\"342\">\n<p data-start=\"314\" data-end=\"342\">Kraftig aromatisk doft och j\u00e4mn smak<\/p>\n<\/li>\n<li data-start=\"343\" data-end=\"378\">\n<p data-start=\"345\" data-end=\"378\">Finslipning l\u00e4mplig f\u00f6r olika prepareringsmetoder<\/p>\n<\/li>\n<\/ul>\n<p data-start=\"380\" data-end=\"399\"><strong data-start=\"380\" data-end=\"397\">Produktinformation<\/strong><\/p>\n<ul data-start=\"400\" data-end=\"546\">\n<li data-start=\"400\" data-end=\"434\">\n<p data-start=\"402\" data-end=\"434\">Tillg\u00e4ngliga vikter: 500 g \u2013 1000 g<\/p>\n<\/li>\n<li data-start=\"435\" data-end=\"477\">\n<p data-start=\"437\" data-end=\"477\">Typ: Malet brasilianskt kaffe med medelstor kardemumma<\/p>\n<\/li>\n<li data-start=\"478\" data-end=\"546\">\n<p data-start=\"480\" data-end=\"546\">Anv\u00e4ndning: F\u00f6r turkiskt kaffe, l\u00e4tt arabiskt kaffe och vardagskaffe<\/p>\n<\/li>\n<\/ul>\n<p data-start=\"548\" data-end=\"676\" data-is-last-node=\"\" data-is-only-node=\"\"><strong data-start=\"548\" data-end=\"559\">F\u00f6rvaring<\/strong><br data-start=\"559\" data-end=\"562\" \/>F\u00f6rvara p\u00e5 en sval, torr plats i en t\u00e4tt f\u00f6rsluten beh\u00e5llare. Konsumeras helst kort efter \u00f6ppnandet f\u00f6r att bevara den friska smaken.<\/p>","protected":false},"excerpt":{"rendered":"<p>Noggrant malet brasilianskt kaffe av utm\u00e4rkt kvalitet, blandat med kardemumma f\u00f6r att ge dig en balanserad smak som kombinerar kaffets starka smak med kardemummans aromatiska doft. Passar f\u00f6r kaffe\u00e4lskare som dricker kaffe varje dag tack vare sin rika smak och mjuka konsistens.<\/p>","protected":false},"featured_media":58014,"template":"","meta":[],"product_brand":[],"product_cat":[282],"product_tag":[],"class_list":{"0":"post-58018","1":"product","2":"type-product","3":"status-publish","4":"has-post-thumbnail","6":"product_cat-282","8":"first","9":"instock","10":"taxable","11":"shipping-taxable","12":"purchasable","13":"product-type-variable"},"_links":{"self":[{"href":"https:\/\/senabel.com\/sv\/wp-json\/wp\/v2\/product\/58018","targetHints":{"allow":["GET"]}}],"collection":[{"href":"https:\/\/senabel.com\/sv\/wp-json\/wp\/v2\/product"}],"about":[{"href":"https:\/\/senabel.com\/sv\/wp-json\/wp\/v2\/types\/product"}],"version-history":[{"count":2,"href":"https:\/\/senabel.com\/sv\/wp-json\/wp\/v2\/product\/58018\/revisions"}],"predecessor-version":[{"id":58025,"href":"https:\/\/senabel.com\/sv\/wp-json\/wp\/v2\/product\/58018\/revisions\/58025"}],"wp:featuredmedia":[{"embeddable":true,"href":"https:\/\/senabel.com\/sv\/wp-json\/wp\/v2\/media\/58014"}],"wp:attachment":[{"href":"https:\/\/senabel.com\/sv\/wp-json\/wp\/v2\/media?parent=58018"}],"wp:term":[{"taxonomy":"product_brand","embeddable":true,"href":"https:\/\/senabel.com\/sv\/wp-json\/wp\/v2\/product_brand?post=58018"},{"taxonomy":"product_cat","embeddable":true,"href":"https:\/\/senabel.com\/sv\/wp-json\/wp\/v2\/product_cat?post=58018"},{"taxonomy":"product_tag","embeddable":true,"href":"https:\/\/senabel.com\/sv\/wp-json\/wp\/v2\/product_tag?post=58018"}],"curies":[{"name":"wp","href":"https:\/\/api.w.org\/{rel}","templated":true}]}}