{"id":58013,"date":"2025-11-28T15:01:21","date_gmt":"2025-11-28T15:01:21","guid":{"rendered":"https:\/\/senabel.com\/?post_type=product&#038;p=58013"},"modified":"2025-11-28T15:05:22","modified_gmt":"2025-11-28T15:05:22","slug":"malet-brasilianskt-kaffe-utan-kardemumma","status":"publish","type":"product","link":"https:\/\/senabel.com\/sv\/product\/ground-brazilian-coffee-plain-without-cardamom\/","title":{"rendered":"Malet brasilianskt kaffe \u2013 naturellt, utan kardemumma"},"content":{"rendered":"<p data-start=\"42\" data-end=\"266\">Noggrant malet brasilianskt kaffe av h\u00f6gsta kvalitet med en rik smak och stark arom, som ger dig en autentisk och balanserad kopp kaffe. Det har en ren smak utan tillsatser, perfekt f\u00f6r dig som \u00e4lskar svart kaffe och f\u00f6redrar den naturliga smaken av h\u00f6gkvalitativa brasilianska kaffeb\u00f6nor.<\/p>\n<p data-start=\"268\" data-end=\"282\"><strong data-start=\"268\" data-end=\"280\">Funktioner<\/strong><\/p>\n<ul data-start=\"283\" data-end=\"436\">\n<li data-start=\"283\" data-end=\"322\">\n<p data-start=\"285\" data-end=\"322\">Ren brasiliansk malet kaffe utan kardemumma<\/p>\n<\/li>\n<li data-start=\"323\" data-end=\"354\">\n<p data-start=\"325\" data-end=\"354\">Kraftig smak och rik aromatisk doft<\/p>\n<\/li>\n<li data-start=\"355\" data-end=\"394\">\n<p data-start=\"357\" data-end=\"394\">Homogen malning l\u00e4mplig f\u00f6r olika beredningsmetoder<\/p>\n<\/li>\n<li data-start=\"395\" data-end=\"436\">\n<p data-start=\"397\" data-end=\"436\">Perfekt f\u00f6r turkiskt kaffe eller vardagskaffe<\/p>\n<\/li>\n<\/ul>\n<p data-start=\"438\" data-end=\"457\"><strong data-start=\"438\" data-end=\"455\">Produktinformation<\/strong><\/p>\n<ul data-start=\"458\" data-end=\"604\">\n<li data-start=\"458\" data-end=\"492\">\n<p data-start=\"460\" data-end=\"492\">Tillg\u00e4ngliga vikter: 500 g \u2013 1000 g<\/p>\n<\/li>\n<li data-start=\"493\" data-end=\"529\">\n<p data-start=\"495\" data-end=\"529\">Typ: Malet brasilianskt kaffe<\/p>\n<\/li>\n<li data-start=\"530\" data-end=\"604\">\n<p data-start=\"532\" data-end=\"604\">Anv\u00e4ndning: Turkiskt kaffe, arabiskt svart kaffe, daglig tillagning hemma<\/p>\n<\/li>\n<\/ul>\n<p data-start=\"606\" data-end=\"734\" data-is-last-node=\"\" data-is-only-node=\"\"><strong data-start=\"606\" data-end=\"617\">F\u00f6rvaring<\/strong><br data-start=\"617\" data-end=\"620\" \/>F\u00f6rvara p\u00e5 en sval, torr plats i en t\u00e4tt f\u00f6rsluten beh\u00e5llare. Konsumeras helst kort efter \u00f6ppnandet f\u00f6r att bevara den friska smaken.<\/p>","protected":false},"excerpt":{"rendered":"<p>Noggrant malet brasilianskt kaffe av h\u00f6gsta kvalitet med en rik smak och stark arom, som ger dig en autentisk och balanserad kopp kaffe. Det har en ren smak utan tillsatser, perfekt f\u00f6r dig som \u00e4lskar svart kaffe och f\u00f6redrar den naturliga smaken av h\u00f6gkvalitativa brasilianska kaffeb\u00f6nor.<\/p>","protected":false},"featured_media":58014,"template":"","meta":[],"product_brand":[],"product_cat":[282],"product_tag":[],"class_list":{"0":"post-58013","1":"product","2":"type-product","3":"status-publish","4":"has-post-thumbnail","6":"product_cat-282","8":"first","9":"instock","10":"taxable","11":"shipping-taxable","12":"purchasable","13":"product-type-variable"},"_links":{"self":[{"href":"https:\/\/senabel.com\/sv\/wp-json\/wp\/v2\/product\/58013","targetHints":{"allow":["GET"]}}],"collection":[{"href":"https:\/\/senabel.com\/sv\/wp-json\/wp\/v2\/product"}],"about":[{"href":"https:\/\/senabel.com\/sv\/wp-json\/wp\/v2\/types\/product"}],"version-history":[{"count":2,"href":"https:\/\/senabel.com\/sv\/wp-json\/wp\/v2\/product\/58013\/revisions"}],"predecessor-version":[{"id":58041,"href":"https:\/\/senabel.com\/sv\/wp-json\/wp\/v2\/product\/58013\/revisions\/58041"}],"wp:featuredmedia":[{"embeddable":true,"href":"https:\/\/senabel.com\/sv\/wp-json\/wp\/v2\/media\/58014"}],"wp:attachment":[{"href":"https:\/\/senabel.com\/sv\/wp-json\/wp\/v2\/media?parent=58013"}],"wp:term":[{"taxonomy":"product_brand","embeddable":true,"href":"https:\/\/senabel.com\/sv\/wp-json\/wp\/v2\/product_brand?post=58013"},{"taxonomy":"product_cat","embeddable":true,"href":"https:\/\/senabel.com\/sv\/wp-json\/wp\/v2\/product_cat?post=58013"},{"taxonomy":"product_tag","embeddable":true,"href":"https:\/\/senabel.com\/sv\/wp-json\/wp\/v2\/product_tag?post=58013"}],"curies":[{"name":"wp","href":"https:\/\/api.w.org\/{rel}","templated":true}]}}