{"id":57941,"date":"2025-11-27T09:36:46","date_gmt":"2025-11-27T09:36:46","guid":{"rendered":"https:\/\/senabel.com\/?post_type=product&#038;p=57941"},"modified":"2026-03-26T20:58:03","modified_gmt":"2026-03-26T20:58:03","slug":"kunafa-500-g","status":"publish","type":"product","link":"https:\/\/senabel.com\/sv\/product\/kunafa-500g\/","title":{"rendered":"Mjuk knafeh med animaliskt ghee \u2013 500 g"},"content":{"rendered":"<p data-start=\"40\" data-end=\"260\">H\u00f6gkvalitativ mjuk kunafa tillagad med premium animaliskt ghee f\u00f6r att ge dig en autentisk orientalisk smak och rik arom. Den k\u00e4nnetecknas av sina fina, j\u00e4mna tr\u00e5dar, vilket g\u00f6r den idealisk f\u00f6r att tillaga de l\u00e4ckraste typerna av kunafa hemma, vare sig det \u00e4r med gr\u00e4dde, ost eller n\u00e5gon annan fyllning du f\u00f6redrar.<\/p>\n<p data-start=\"262\" data-end=\"276\"><strong data-start=\"262\" data-end=\"274\">Funktioner<\/strong><\/p>\n<ul data-start=\"277\" data-end=\"418\">\n<li data-start=\"277\" data-end=\"314\">\n<p data-start=\"279\" data-end=\"314\">Mjuk knafeh tillagad med animaliskt ghee<\/p>\n<\/li>\n<li data-start=\"315\" data-end=\"350\">\n<p data-start=\"317\" data-end=\"350\">Tunna, j\u00e4mna str\u00e4ngar f\u00f6r j\u00e4mn tillagning<\/p>\n<\/li>\n<li data-start=\"351\" data-end=\"383\">\n<p data-start=\"353\" data-end=\"383\">Rik smak och \u00e4kta orientalisk arom<\/p>\n<\/li>\n<li data-start=\"384\" data-end=\"418\">\n<p data-start=\"386\" data-end=\"418\">L\u00e4mplig f\u00f6r alla typer av knafeh-recept<\/p>\n<\/li>\n<\/ul>\n<p data-start=\"420\" data-end=\"439\"><strong data-start=\"420\" data-end=\"437\">Produktinformation<\/strong><\/p>\n<ul data-start=\"440\" data-end=\"557\">\n<li data-start=\"440\" data-end=\"455\">\n<p data-start=\"442\" data-end=\"455\">Vikt: 500g<\/p>\n<\/li>\n<li data-start=\"456\" data-end=\"494\">\n<p data-start=\"458\" data-end=\"494\">Typ: Mjuk kunafa med animaliskt ghee<\/p>\n<\/li>\n<li data-start=\"495\" data-end=\"557\">\n<p data-start=\"497\" data-end=\"557\">Anv\u00e4ndning: Till knafeh med gr\u00e4dde, ost eller andra orientaliska recept.<\/p>\n<\/li>\n<\/ul>\n<p data-start=\"559\" data-end=\"675\" data-is-last-node=\"\" data-is-only-node=\"\"><strong data-start=\"559\" data-end=\"570\">F\u00f6rvaring<\/strong><br data-start=\"570\" data-end=\"573\" \/>F\u00f6rvara p\u00e5 en sval, torr plats i en t\u00e4tt f\u00f6rsluten beh\u00e5llare. Kan kylf\u00f6rvaras eller frysas f\u00f6r att bibeh\u00e5lla f\u00e4rskheten l\u00e4ngre.<\/p>","protected":false},"excerpt":{"rendered":"<p>H\u00f6gkvalitativ mjuk kunafa tillagad med premium animaliskt ghee f\u00f6r att ge dig en autentisk orientalisk smak och rik arom. Den k\u00e4nnetecknas av sina fina, j\u00e4mna tr\u00e5dar, vilket g\u00f6r den idealisk f\u00f6r att tillaga de l\u00e4ckraste typerna av kunafa hemma, vare sig det \u00e4r med gr\u00e4dde, ost eller n\u00e5gon annan fyllning du f\u00f6redrar.<\/p>","protected":false},"featured_media":57942,"template":"","meta":[],"product_brand":[],"product_cat":[220,297,347],"product_tag":[],"class_list":{"0":"post-57941","1":"product","2":"type-product","3":"status-publish","4":"has-post-thumbnail","6":"product_cat-220","7":"product_cat-297","8":"product_cat-347","10":"first","11":"instock","12":"taxable","13":"shipping-taxable","14":"purchasable","15":"product-type-simple"},"_links":{"self":[{"href":"https:\/\/senabel.com\/sv\/wp-json\/wp\/v2\/product\/57941","targetHints":{"allow":["GET"]}}],"collection":[{"href":"https:\/\/senabel.com\/sv\/wp-json\/wp\/v2\/product"}],"about":[{"href":"https:\/\/senabel.com\/sv\/wp-json\/wp\/v2\/types\/product"}],"version-history":[{"count":1,"href":"https:\/\/senabel.com\/sv\/wp-json\/wp\/v2\/product\/57941\/revisions"}],"predecessor-version":[{"id":57943,"href":"https:\/\/senabel.com\/sv\/wp-json\/wp\/v2\/product\/57941\/revisions\/57943"}],"wp:featuredmedia":[{"embeddable":true,"href":"https:\/\/senabel.com\/sv\/wp-json\/wp\/v2\/media\/57942"}],"wp:attachment":[{"href":"https:\/\/senabel.com\/sv\/wp-json\/wp\/v2\/media?parent=57941"}],"wp:term":[{"taxonomy":"product_brand","embeddable":true,"href":"https:\/\/senabel.com\/sv\/wp-json\/wp\/v2\/product_brand?post=57941"},{"taxonomy":"product_cat","embeddable":true,"href":"https:\/\/senabel.com\/sv\/wp-json\/wp\/v2\/product_cat?post=57941"},{"taxonomy":"product_tag","embeddable":true,"href":"https:\/\/senabel.com\/sv\/wp-json\/wp\/v2\/product_tag?post=57941"}],"curies":[{"name":"wp","href":"https:\/\/api.w.org\/{rel}","templated":true}]}}