{"id":57936,"date":"2025-11-27T08:54:49","date_gmt":"2025-11-27T08:54:49","guid":{"rendered":"https:\/\/senabel.com\/?post_type=product&#038;p=57936"},"modified":"2026-04-25T17:48:01","modified_gmt":"2026-04-25T17:48:01","slug":"noashif-blandar-100-g","status":"publish","type":"product","link":"https:\/\/senabel.com\/sv\/product\/mixes-noashif-100g\/","title":{"rendered":"Mashrab \u2013 100 g"},"content":{"rendered":"<p data-start=\"23\" data-end=\"285\">Ett lyxigt sortiment av kex fr\u00e5n Sanabel, med en variation av omsorgsfullt rostade och bakade bitar som ger dig en rik smak och krispig konsistens i varje tugga. Denna l\u00e5da kombinerar flera smaker, s\u00e5som pistage och sesam, f\u00f6r att passa olika smaker, vilket g\u00f6r den till ett perfekt val f\u00f6r g\u00e4stfrihet eller som en elegant present.<\/p>\n<p data-start=\"287\" data-end=\"301\"><strong data-start=\"287\" data-end=\"299\">Funktioner<\/strong><\/p>\n<ul data-start=\"302\" data-end=\"436\">\n<li data-start=\"302\" data-end=\"332\">\n<p data-start=\"304\" data-end=\"332\">Ett noggrant utvalt sortiment av handdukar<\/p>\n<\/li>\n<li data-start=\"370\" data-end=\"411\">\n<p data-start=\"372\" data-end=\"411\">Krispig konsistens och en smak som kombinerar l\u00e4tthet och fyllighet<\/p>\n<\/li>\n<li data-start=\"412\" data-end=\"436\">\n<p data-start=\"414\" data-end=\"436\">L\u00e4mplig f\u00f6r g\u00e4stfrihet och g\u00e5vor<\/p>\n<\/li>\n<\/ul>\n<p data-start=\"438\" data-end=\"457\"><strong data-start=\"438\" data-end=\"455\">Produktinformation<\/strong><\/p>\n<ul data-start=\"458\" data-end=\"578\">\n<li data-start=\"458\" data-end=\"473\">\n<p data-start=\"460\" data-end=\"473\">Vikt: 100 g<\/p>\n<\/li>\n<li data-start=\"474\" data-end=\"503\">\n<p data-start=\"476\" data-end=\"503\">Typ: Diverse handdukar<\/p>\n<\/li>\n<li data-start=\"504\" data-end=\"536\">\n<p data-start=\"506\" data-end=\"536\">F\u00f6rpackning: Lyxig l\u00e5da fr\u00e5n Sanabel<\/p>\n<\/li>\n<li data-start=\"537\" data-end=\"578\">\n<p data-start=\"539\" data-end=\"578\">Anv\u00e4ndning: F\u00f6r g\u00e4stfrihet eller som ett lyxigt mellanm\u00e5l<\/p>\n<\/li>\n<\/ul>\n<p data-start=\"580\" data-end=\"709\" data-is-last-node=\"\" data-is-only-node=\"\"><strong data-start=\"580\" data-end=\"591\">F\u00f6rvaring<\/strong><br data-start=\"591\" data-end=\"594\" \/>F\u00f6rvara p\u00e5 en sval, torr plats i en t\u00e4tt f\u00f6rsluten beh\u00e5llare. Konsumeras helst kort efter \u00f6ppnandet f\u00f6r att bibeh\u00e5lla krispigheten och kvaliteten.<\/p>","protected":false},"excerpt":{"rendered":"<p>Ett lyxigt sortiment av kex fr\u00e5n Sanabel, med en variation av omsorgsfullt rostade och bakade bitar som ger dig en rik smak och krispig konsistens i varje tugga. Denna l\u00e5da kombinerar flera smaker, s\u00e5som pistage och sesam, f\u00f6r att passa olika smaker, vilket g\u00f6r den till ett perfekt val f\u00f6r g\u00e4stfrihet eller som en elegant present.<\/p>","protected":false},"featured_media":57937,"template":"","meta":[],"product_brand":[],"product_cat":[220,221,347],"product_tag":[],"class_list":{"0":"post-57936","1":"product","2":"type-product","3":"status-publish","4":"has-post-thumbnail","6":"product_cat-220","7":"product_cat-221","8":"product_cat-347","10":"first","11":"instock","12":"taxable","13":"shipping-taxable","14":"purchasable","15":"product-type-simple"},"_links":{"self":[{"href":"https:\/\/senabel.com\/sv\/wp-json\/wp\/v2\/product\/57936","targetHints":{"allow":["GET"]}}],"collection":[{"href":"https:\/\/senabel.com\/sv\/wp-json\/wp\/v2\/product"}],"about":[{"href":"https:\/\/senabel.com\/sv\/wp-json\/wp\/v2\/types\/product"}],"version-history":[{"count":4,"href":"https:\/\/senabel.com\/sv\/wp-json\/wp\/v2\/product\/57936\/revisions"}],"predecessor-version":[{"id":58958,"href":"https:\/\/senabel.com\/sv\/wp-json\/wp\/v2\/product\/57936\/revisions\/58958"}],"wp:featuredmedia":[{"embeddable":true,"href":"https:\/\/senabel.com\/sv\/wp-json\/wp\/v2\/media\/57937"}],"wp:attachment":[{"href":"https:\/\/senabel.com\/sv\/wp-json\/wp\/v2\/media?parent=57936"}],"wp:term":[{"taxonomy":"product_brand","embeddable":true,"href":"https:\/\/senabel.com\/sv\/wp-json\/wp\/v2\/product_brand?post=57936"},{"taxonomy":"product_cat","embeddable":true,"href":"https:\/\/senabel.com\/sv\/wp-json\/wp\/v2\/product_cat?post=57936"},{"taxonomy":"product_tag","embeddable":true,"href":"https:\/\/senabel.com\/sv\/wp-json\/wp\/v2\/product_tag?post=57936"}],"curies":[{"name":"wp","href":"https:\/\/api.w.org\/{rel}","templated":true}]}}