{"id":57928,"date":"2025-11-27T09:25:02","date_gmt":"2025-11-27T09:25:02","guid":{"rendered":"https:\/\/senabel.com\/?post_type=product&#038;p=57928"},"modified":"2026-04-25T15:29:01","modified_gmt":"2026-04-25T15:29:01","slug":"vanliga-dingokakor","status":"publish","type":"product","link":"https:\/\/senabel.com\/sv\/product\/plain-dingo-biscuits\/","title":{"rendered":"Dingo Plain Biscuits \u2013 400 g"},"content":{"rendered":"<p data-start=\"30\" data-end=\"255\">Dingo Plain Biscuits, med sin l\u00e4tta och krispiga smak, passar hela familjen och f\u00f6r daglig anv\u00e4ndning. Deras krispiga konsistens och enkla smak g\u00f6r dem perfekta att doppa i te eller kaffe, eller att anv\u00e4nda i desserter som cheesecake och kalla t\u00e5rtor.<\/p>\n<p data-start=\"257\" data-end=\"271\"><strong data-start=\"257\" data-end=\"269\">Funktioner<\/strong><\/p>\n<ul data-start=\"272\" data-end=\"412\">\n<li data-start=\"272\" data-end=\"299\">\n<p data-start=\"274\" data-end=\"299\">Vanliga krispiga och l\u00e4tta kex<\/p>\n<\/li>\n<li data-start=\"300\" data-end=\"334\">\n<p data-start=\"302\" data-end=\"334\">Passar bra till te och kaffe<\/p>\n<\/li>\n<li data-start=\"335\" data-end=\"379\">\n<p data-start=\"337\" data-end=\"379\">Perfekt f\u00f6r anv\u00e4ndning i desserter och matlagningsrecept<\/p>\n<\/li>\n<li data-start=\"380\" data-end=\"412\">\n<p data-start=\"382\" data-end=\"412\">En enkel smak som tilltalar b\u00e5de vuxna och barn.<\/p>\n<\/li>\n<\/ul>\n<p data-start=\"414\" data-end=\"433\"><strong data-start=\"414\" data-end=\"431\">Produktinformation<\/strong><\/p>\n<ul data-start=\"434\" data-end=\"521\">\n<li data-start=\"434\" data-end=\"449\">\n<p data-start=\"436\" data-end=\"449\">Vikt: 400 g<\/p>\n<\/li>\n<li data-start=\"450\" data-end=\"472\">\n<p data-start=\"452\" data-end=\"472\">Typ: Vanliga kex<\/p>\n<\/li>\n<li data-start=\"473\" data-end=\"521\">\n<p data-start=\"475\" data-end=\"521\">Anv\u00e4ndning: F\u00f6r g\u00e4stfrihet, snacks och desserter<\/p>\n<\/li>\n<\/ul>\n<p data-start=\"523\" data-end=\"632\" data-is-last-node=\"\" data-is-only-node=\"\"><strong data-start=\"523\" data-end=\"534\">F\u00f6rvaring<\/strong><br data-start=\"534\" data-end=\"537\" \/>F\u00f6rvara p\u00e5 en sval, torr plats, skyddad fr\u00e5n fukt. F\u00f6r att bibeh\u00e5lla krispigheten \u00e4r det b\u00e4st att f\u00f6rsluta f\u00f6rpackningen ordentligt efter \u00f6ppnandet.<\/p>","protected":false},"excerpt":{"rendered":"<p>Dingo Plain Biscuits, med sin l\u00e4tta och krispiga smak, passar hela familjen och f\u00f6r daglig anv\u00e4ndning. Deras krispiga konsistens och enkla smak g\u00f6r dem perfekta att doppa i te eller kaffe, eller att anv\u00e4nda i desserter som cheesecake och kalla t\u00e5rtor.<\/p>","protected":false},"featured_media":57929,"template":"","meta":[],"product_brand":[],"product_cat":[349,377],"product_tag":[],"class_list":{"0":"post-57928","1":"product","2":"type-product","3":"status-publish","4":"has-post-thumbnail","6":"product_cat-349","7":"product_cat-377","9":"first","10":"instock","11":"taxable","12":"shipping-taxable","13":"purchasable","14":"product-type-simple"},"_links":{"self":[{"href":"https:\/\/senabel.com\/sv\/wp-json\/wp\/v2\/product\/57928","targetHints":{"allow":["GET"]}}],"collection":[{"href":"https:\/\/senabel.com\/sv\/wp-json\/wp\/v2\/product"}],"about":[{"href":"https:\/\/senabel.com\/sv\/wp-json\/wp\/v2\/types\/product"}],"version-history":[{"count":3,"href":"https:\/\/senabel.com\/sv\/wp-json\/wp\/v2\/product\/57928\/revisions"}],"predecessor-version":[{"id":63984,"href":"https:\/\/senabel.com\/sv\/wp-json\/wp\/v2\/product\/57928\/revisions\/63984"}],"wp:featuredmedia":[{"embeddable":true,"href":"https:\/\/senabel.com\/sv\/wp-json\/wp\/v2\/media\/57929"}],"wp:attachment":[{"href":"https:\/\/senabel.com\/sv\/wp-json\/wp\/v2\/media?parent=57928"}],"wp:term":[{"taxonomy":"product_brand","embeddable":true,"href":"https:\/\/senabel.com\/sv\/wp-json\/wp\/v2\/product_brand?post=57928"},{"taxonomy":"product_cat","embeddable":true,"href":"https:\/\/senabel.com\/sv\/wp-json\/wp\/v2\/product_cat?post=57928"},{"taxonomy":"product_tag","embeddable":true,"href":"https:\/\/senabel.com\/sv\/wp-json\/wp\/v2\/product_tag?post=57928"}],"curies":[{"name":"wp","href":"https:\/\/api.w.org\/{rel}","templated":true}]}}