{"id":57923,"date":"2025-11-27T09:29:34","date_gmt":"2025-11-27T09:29:34","guid":{"rendered":"https:\/\/senabel.com\/?post_type=product&#038;p=57923"},"modified":"2026-03-12T00:35:41","modified_gmt":"2026-03-12T00:35:41","slug":"ben-brazili-fatih","status":"publish","type":"product","link":"https:\/\/senabel.com\/sv\/product\/ben-brazili-fatih\/","title":{"rendered":"Brasilianskt k\u00e4rleksfett \u2013 500 g \/ 1000 g"},"content":{"rendered":"<p data-start=\"36\" data-end=\"275\">L\u00e4ttrostade brasilianska kaffeb\u00f6nor ger dig en l\u00e4tt och uppfriskande smak med en behaglig syrlighet som passar dig som \u00e4lskar kaffe med en mjuk smak. Denna rostning har en ljus arom och en tydlig smak av de ursprungliga kaffeb\u00f6norna, vilket g\u00f6r den till ett l\u00e4mpligt val f\u00f6r filterkaffe och l\u00e4tt espresso.<\/p>\n<p data-start=\"277\" data-end=\"291\"><strong data-start=\"277\" data-end=\"289\">Funktioner<\/strong><\/p>\n<ul data-start=\"292\" data-end=\"468\">\n<li data-start=\"292\" data-end=\"330\">\n<p data-start=\"294\" data-end=\"330\">H\u00f6gkvalitativt brasilianskt kaffe med l\u00e4tt rostning<\/p>\n<\/li>\n<li data-start=\"331\" data-end=\"377\">\n<p data-start=\"333\" data-end=\"377\">En l\u00e4tt smak och behaglig syra som passar en lugn gom.<\/p>\n<\/li>\n<li data-start=\"378\" data-end=\"438\">\n<p data-start=\"380\" data-end=\"438\">L\u00e4mplig f\u00f6r filterkaffe, l\u00e4tt espresso och vardagskaffe<\/p>\n<\/li>\n<li data-start=\"439\" data-end=\"468\">\n<p data-start=\"441\" data-end=\"468\">Distinkt aromatisk doft och mjuk smak<\/p>\n<\/li>\n<\/ul>\n<p data-start=\"470\" data-end=\"489\"><strong data-start=\"470\" data-end=\"487\">Produktinformation<\/strong><\/p>\n<ul data-start=\"490\" data-end=\"617\">\n<li data-start=\"490\" data-end=\"514\">\n<p data-start=\"492\" data-end=\"514\">Vikt: 500 g eller 1000 g<\/p>\n<\/li>\n<li data-start=\"515\" data-end=\"546\">\n<p data-start=\"517\" data-end=\"546\">Typ: L\u00e4ttrostade brasilianska b\u00f6nor<\/p>\n<\/li>\n<li data-start=\"547\" data-end=\"617\">\n<p data-start=\"549\" data-end=\"617\">Anv\u00e4ndning: Perfekt f\u00f6r filterkaffe, amerikanskt kaffe och l\u00e4tt espresso.<\/p>\n<\/li>\n<\/ul>\n<p data-start=\"619\" data-end=\"735\" data-is-last-node=\"\" data-is-only-node=\"\"><strong data-start=\"619\" data-end=\"630\">F\u00f6rvaring<\/strong><br data-start=\"630\" data-end=\"633\" \/>F\u00f6rvara p\u00e5 en sval, torr plats i en t\u00e4tt f\u00f6rsluten beh\u00e5llare. Det \u00e4r b\u00e4st att mala endast den m\u00e4ngd som beh\u00f6vs f\u00f6r att bevara den f\u00e4rska smaken.<\/p>","protected":false},"excerpt":{"rendered":"<p>L\u00e4ttrostade brasilianska kaffeb\u00f6nor ger dig en l\u00e4tt och uppfriskande smak med en behaglig syrlighet som passar dig som \u00e4lskar kaffe med en mjuk smak. Denna rostning har en ljus arom och en tydlig smak av de ursprungliga kaffeb\u00f6norna, vilket g\u00f6r den till ett l\u00e4mpligt val f\u00f6r filterkaffe och l\u00e4tt espresso.<\/p>","protected":false},"featured_media":57926,"template":"","meta":[],"product_brand":[],"product_cat":[282],"product_tag":[],"class_list":{"0":"post-57923","1":"product","2":"type-product","3":"status-publish","4":"has-post-thumbnail","6":"product_cat-282","8":"first","9":"instock","10":"taxable","11":"shipping-taxable","12":"purchasable","13":"product-type-variable"},"_links":{"self":[{"href":"https:\/\/senabel.com\/sv\/wp-json\/wp\/v2\/product\/57923","targetHints":{"allow":["GET"]}}],"collection":[{"href":"https:\/\/senabel.com\/sv\/wp-json\/wp\/v2\/product"}],"about":[{"href":"https:\/\/senabel.com\/sv\/wp-json\/wp\/v2\/types\/product"}],"version-history":[{"count":2,"href":"https:\/\/senabel.com\/sv\/wp-json\/wp\/v2\/product\/57923\/revisions"}],"predecessor-version":[{"id":57965,"href":"https:\/\/senabel.com\/sv\/wp-json\/wp\/v2\/product\/57923\/revisions\/57965"}],"wp:featuredmedia":[{"embeddable":true,"href":"https:\/\/senabel.com\/sv\/wp-json\/wp\/v2\/media\/57926"}],"wp:attachment":[{"href":"https:\/\/senabel.com\/sv\/wp-json\/wp\/v2\/media?parent=57923"}],"wp:term":[{"taxonomy":"product_brand","embeddable":true,"href":"https:\/\/senabel.com\/sv\/wp-json\/wp\/v2\/product_brand?post=57923"},{"taxonomy":"product_cat","embeddable":true,"href":"https:\/\/senabel.com\/sv\/wp-json\/wp\/v2\/product_cat?post=57923"},{"taxonomy":"product_tag","embeddable":true,"href":"https:\/\/senabel.com\/sv\/wp-json\/wp\/v2\/product_tag?post=57923"}],"curies":[{"name":"wp","href":"https:\/\/api.w.org\/{rel}","templated":true}]}}