{"id":57917,"date":"2025-11-27T09:30:20","date_gmt":"2025-11-27T09:30:20","guid":{"rendered":"https:\/\/senabel.com\/?post_type=product&#038;p=57917"},"modified":"2026-03-15T11:57:08","modified_gmt":"2026-03-15T11:57:08","slug":"brasiliansk-mittfaltare","status":"publish","type":"product","link":"https:\/\/senabel.com\/sv\/product\/ben-brazilian-middle\/","title":{"rendered":"Brasiliansk medium k\u00e4rlek \u2013 500 g \/ 1000 g"},"content":{"rendered":"<p data-start=\"35\" data-end=\"267\">Medelrostade brasilianska kaffeb\u00f6nor ger dig en balanserad smak som kombinerar styrka och mjukhet, med en behaglig arom som passar olika tillagningsmetoder. Denna sort k\u00e4nnetecknas av en m\u00e5ttlig smak som tillfredsst\u00e4ller de flesta smakl\u00f6kar, vilket g\u00f6r den till ett perfekt val f\u00f6r vardagskaffe hemma eller p\u00e5 jobbet.<\/p>\n<p data-start=\"269\" data-end=\"283\"><strong data-start=\"269\" data-end=\"281\">Funktioner<\/strong><\/p>\n<ul data-start=\"284\" data-end=\"461\">\n<li data-start=\"284\" data-end=\"319\">\n<p data-start=\"286\" data-end=\"319\">H\u00f6gkvalitativa brasilianska kaffeb\u00f6nor<\/p>\n<\/li>\n<li data-start=\"320\" data-end=\"367\">\n<p data-start=\"322\" data-end=\"367\">Mediumrost ger en balanserad smak och mjuk arom.<\/p>\n<\/li>\n<li data-start=\"368\" data-end=\"429\">\n<p data-start=\"370\" data-end=\"429\">Perfekt f\u00f6r tillagning av turkiskt kaffe, espresso och filterkaffe<\/p>\n<\/li>\n<li data-start=\"430\" data-end=\"461\">\n<p data-start=\"432\" data-end=\"461\">Distinkt aromatisk doft och j\u00e4mn smak<\/p>\n<\/li>\n<\/ul>\n<p data-start=\"463\" data-end=\"482\"><strong data-start=\"463\" data-end=\"480\">Produktinformation<\/strong><\/p>\n<ul data-start=\"483\" data-end=\"583\">\n<li data-start=\"483\" data-end=\"507\">\n<p data-start=\"485\" data-end=\"507\">Vikt: 500 g eller 1000 g<\/p>\n<\/li>\n<li data-start=\"508\" data-end=\"538\">\n<p data-start=\"510\" data-end=\"538\">Typ: Medelrostade brasilianska b\u00f6nor<\/p>\n<\/li>\n<li data-start=\"539\" data-end=\"583\">\n<p data-start=\"541\" data-end=\"583\">Anv\u00e4ndning: L\u00e4mplig f\u00f6r de flesta vanliga tillagningsmetoder<\/p>\n<\/li>\n<\/ul>\n<p data-start=\"585\" data-end=\"700\" data-is-last-node=\"\" data-is-only-node=\"\"><strong data-start=\"585\" data-end=\"596\">F\u00f6rvaring<\/strong><br data-start=\"596\" data-end=\"599\" \/>F\u00f6rvara p\u00e5 en sval, torr plats i en t\u00e4tt f\u00f6rsluten beh\u00e5llare. Det \u00e4r b\u00e4st att mala b\u00f6norna efter behov f\u00f6r att bevara deras friska smak.<\/p>","protected":false},"excerpt":{"rendered":"<p>Medelrostade brasilianska kaffeb\u00f6nor ger dig en balanserad smak som kombinerar styrka och mjukhet, med en behaglig arom som passar olika tillagningsmetoder. Denna sort k\u00e4nnetecknas av en m\u00e5ttlig smak som tillfredsst\u00e4ller de flesta smakl\u00f6kar, vilket g\u00f6r den till ett perfekt val f\u00f6r vardagskaffe hemma eller p\u00e5 jobbet.<\/p>","protected":false},"featured_media":57921,"template":"","meta":[],"product_brand":[],"product_cat":[282],"product_tag":[],"class_list":{"0":"post-57917","1":"product","2":"type-product","3":"status-publish","4":"has-post-thumbnail","6":"product_cat-282","8":"first","9":"instock","10":"taxable","11":"shipping-taxable","12":"purchasable","13":"product-type-variable"},"_links":{"self":[{"href":"https:\/\/senabel.com\/sv\/wp-json\/wp\/v2\/product\/57917","targetHints":{"allow":["GET"]}}],"collection":[{"href":"https:\/\/senabel.com\/sv\/wp-json\/wp\/v2\/product"}],"about":[{"href":"https:\/\/senabel.com\/sv\/wp-json\/wp\/v2\/types\/product"}],"version-history":[{"count":2,"href":"https:\/\/senabel.com\/sv\/wp-json\/wp\/v2\/product\/57917\/revisions"}],"predecessor-version":[{"id":57964,"href":"https:\/\/senabel.com\/sv\/wp-json\/wp\/v2\/product\/57917\/revisions\/57964"}],"wp:featuredmedia":[{"embeddable":true,"href":"https:\/\/senabel.com\/sv\/wp-json\/wp\/v2\/media\/57921"}],"wp:attachment":[{"href":"https:\/\/senabel.com\/sv\/wp-json\/wp\/v2\/media?parent=57917"}],"wp:term":[{"taxonomy":"product_brand","embeddable":true,"href":"https:\/\/senabel.com\/sv\/wp-json\/wp\/v2\/product_brand?post=57917"},{"taxonomy":"product_cat","embeddable":true,"href":"https:\/\/senabel.com\/sv\/wp-json\/wp\/v2\/product_cat?post=57917"},{"taxonomy":"product_tag","embeddable":true,"href":"https:\/\/senabel.com\/sv\/wp-json\/wp\/v2\/product_tag?post=57917"}],"curies":[{"name":"wp","href":"https:\/\/api.w.org\/{rel}","templated":true}]}}