{"id":57769,"date":"2025-11-21T17:36:06","date_gmt":"2025-11-21T17:36:06","guid":{"rendered":"https:\/\/senabel.com\/?post_type=product&#038;p=57769"},"modified":"2026-04-01T20:26:37","modified_gmt":"2026-04-01T20:26:37","slug":"currykrydda-250-g","status":"publish","type":"product","link":"https:\/\/senabel.com\/sv\/product\/curry-spice-250g\/","title":{"rendered":"Currypulver \u2013 250 g"},"content":{"rendered":"<p data-start=\"22\" data-end=\"240\">Med sin starka smak och distinkta gyllene f\u00e4rg ger \u00e4kta currypulver dina r\u00e4tter en rik orientalisk smak och en aptitretande doft. Det \u00e4r en av de mest popul\u00e4ra kryddorna i det indiska och asiatiska k\u00f6ket och ger en varm och balanserad touch till olika typer av mat.<\/p>\n<p data-start=\"242\" data-end=\"256\"><strong data-start=\"242\" data-end=\"254\">Funktioner<\/strong><\/p>\n<ul data-start=\"257\" data-end=\"425\">\n<li data-start=\"257\" data-end=\"294\">\n<p data-start=\"259\" data-end=\"294\">H\u00f6gkvalitativ malen curry med stark smak<\/p>\n<\/li>\n<li data-start=\"295\" data-end=\"331\">\n<p data-start=\"297\" data-end=\"331\">Ger r\u00e4tterna en attraktiv gyllene f\u00e4rg<\/p>\n<\/li>\n<li data-start=\"332\" data-end=\"378\">\n<p data-start=\"334\" data-end=\"378\">Passar till indisk, asiatisk och orientalisk mat<\/p>\n<\/li>\n<li data-start=\"379\" data-end=\"425\">\n<p data-start=\"381\" data-end=\"425\">En balanserad blandning av kryddor utan artificiella tillsatser.<\/p>\n<\/li>\n<\/ul>\n<p data-start=\"427\" data-end=\"446\"><strong data-start=\"427\" data-end=\"444\">Produktinformation<\/strong><\/p>\n<ul data-start=\"447\" data-end=\"549\">\n<li data-start=\"447\" data-end=\"462\">\n<p data-start=\"449\" data-end=\"462\">Vikt: 250 g<\/p>\n<\/li>\n<li data-start=\"463\" data-end=\"484\">\n<p data-start=\"465\" data-end=\"484\">Typ: Malen curry<\/p>\n<\/li>\n<li data-start=\"485\" data-end=\"549\">\n<p data-start=\"487\" data-end=\"549\">Anv\u00e4ndning: Till kyckling, ris, soppor, grytor och orientalisk mat.<\/p>\n<\/li>\n<\/ul>\n<p data-start=\"551\" data-end=\"666\" data-is-last-node=\"\" data-is-only-node=\"\"><strong data-start=\"551\" data-end=\"562\">F\u00f6rvaring<\/strong><br data-start=\"562\" data-end=\"565\" \/>F\u00f6rvara p\u00e5 en sval, torr plats i en t\u00e4tt f\u00f6rsluten beh\u00e5llare, skyddad fr\u00e5n fukt och v\u00e4rme f\u00f6r att bevara smak och arom.<\/p>","protected":false},"excerpt":{"rendered":"<p>Med sin starka smak och distinkta gyllene f\u00e4rg ger \u00e4kta currypulver dina r\u00e4tter en rik orientalisk smak och en aptitretande doft. Det \u00e4r en av de mest popul\u00e4ra kryddorna i det indiska och asiatiska k\u00f6ket och ger en varm och balanserad touch till olika typer av mat.<\/p>","protected":false},"featured_media":57770,"template":"","meta":[],"product_brand":[],"product_cat":[349,327],"product_tag":[],"class_list":{"0":"post-57769","1":"product","2":"type-product","3":"status-publish","4":"has-post-thumbnail","6":"product_cat-349","7":"product_cat-327","9":"first","10":"instock","11":"taxable","12":"shipping-taxable","13":"purchasable","14":"product-type-simple"},"_links":{"self":[{"href":"https:\/\/senabel.com\/sv\/wp-json\/wp\/v2\/product\/57769","targetHints":{"allow":["GET"]}}],"collection":[{"href":"https:\/\/senabel.com\/sv\/wp-json\/wp\/v2\/product"}],"about":[{"href":"https:\/\/senabel.com\/sv\/wp-json\/wp\/v2\/types\/product"}],"version-history":[{"count":2,"href":"https:\/\/senabel.com\/sv\/wp-json\/wp\/v2\/product\/57769\/revisions"}],"predecessor-version":[{"id":57772,"href":"https:\/\/senabel.com\/sv\/wp-json\/wp\/v2\/product\/57769\/revisions\/57772"}],"wp:featuredmedia":[{"embeddable":true,"href":"https:\/\/senabel.com\/sv\/wp-json\/wp\/v2\/media\/57770"}],"wp:attachment":[{"href":"https:\/\/senabel.com\/sv\/wp-json\/wp\/v2\/media?parent=57769"}],"wp:term":[{"taxonomy":"product_brand","embeddable":true,"href":"https:\/\/senabel.com\/sv\/wp-json\/wp\/v2\/product_brand?post=57769"},{"taxonomy":"product_cat","embeddable":true,"href":"https:\/\/senabel.com\/sv\/wp-json\/wp\/v2\/product_cat?post=57769"},{"taxonomy":"product_tag","embeddable":true,"href":"https:\/\/senabel.com\/sv\/wp-json\/wp\/v2\/product_tag?post=57769"}],"curies":[{"name":"wp","href":"https:\/\/api.w.org\/{rel}","templated":true}]}}