{"id":57765,"date":"2025-11-20T16:09:40","date_gmt":"2025-11-20T16:09:40","guid":{"rendered":"https:\/\/senabel.com\/?post_type=product&#038;p=57765"},"modified":"2026-04-17T03:23:39","modified_gmt":"2026-04-17T03:23:39","slug":"shtoura-apelsinblomsvatten-500-ml","status":"publish","type":"product","link":"https:\/\/senabel.com\/sv\/product\/shtoura-orange-blossom-water-500ml\/","title":{"rendered":"Chtoura blomma vatten - 500ml"},"content":{"rendered":"<p data-start=\"29\" data-end=\"239\">Naturligt blomvatten, med sin lyxiga aromatiska doft och distinkta smak, \u00e4r en av de viktigaste ingredienserna i orientaliska desserter och drycker. Det ger r\u00e4tter en frisk doft av apelsinblommor och ger en distinkt touch till hemmarecept som beh\u00f6ver en mjuk och autentisk smak.<\/p>\n<p data-start=\"241\" data-end=\"255\"><strong data-start=\"241\" data-end=\"253\">Funktioner<\/strong><\/p>\n<ul data-start=\"256\" data-end=\"398\">\n<li data-start=\"256\" data-end=\"291\">\n<p data-start=\"258\" data-end=\"291\">Naturligt rosenvatten med en distinkt aromatisk smak<\/p>\n<\/li>\n<li data-start=\"292\" data-end=\"329\">\n<p data-start=\"294\" data-end=\"329\">Perfekt f\u00f6r orientaliska s\u00f6tsaker och drycker<\/p>\n<\/li>\n<li data-start=\"330\" data-end=\"365\">\n<p data-start=\"332\" data-end=\"365\">Ger recepten en unik smak och doft<\/p>\n<\/li>\n<li data-start=\"366\" data-end=\"398\">\n<p data-start=\"368\" data-end=\"398\">L\u00e4mplig f\u00f6r daglig anv\u00e4ndning i hemmet<\/p>\n<\/li>\n<\/ul>\n<p data-start=\"400\" data-end=\"419\"><strong data-start=\"400\" data-end=\"417\">Produktinformation<\/strong><\/p>\n<ul data-start=\"420\" data-end=\"531\">\n<li data-start=\"420\" data-end=\"436\">\n<p data-start=\"422\" data-end=\"436\">Kapacitet: 500 ml<\/p>\n<\/li>\n<li data-start=\"437\" data-end=\"461\">\n<p data-start=\"439\" data-end=\"461\">Typ: Naturligt rosenvatten<\/p>\n<\/li>\n<li data-start=\"462\" data-end=\"531\">\n<p data-start=\"464\" data-end=\"531\">Anv\u00e4ndning: Till desserter, drycker, orientalisk mat och hemrecept.<\/p>\n<\/li>\n<\/ul>\n<p data-start=\"533\" data-end=\"666\" data-is-last-node=\"\" data-is-only-node=\"\"><strong data-start=\"533\" data-end=\"544\">F\u00f6rvaring<\/strong><br data-start=\"544\" data-end=\"547\" \/>F\u00f6rvara p\u00e5 en sval, torr plats utan direkt solljus. Det \u00e4r b\u00e4st att st\u00e4nga beh\u00e5llaren ordentligt efter anv\u00e4ndning f\u00f6r att bevara smak och kvalitet.<\/p>","protected":false},"excerpt":{"rendered":"<p>Naturligt blomvatten, med sin lyxiga aromatiska doft och distinkta smak, \u00e4r en av de viktigaste ingredienserna i orientaliska desserter och drycker. Det ger r\u00e4tter en frisk doft av apelsinblommor och ger en distinkt touch till hemmarecept som beh\u00f6ver en mjuk och autentisk smak.<\/p>","protected":false},"featured_media":57766,"template":"","meta":[],"product_brand":[],"product_cat":[347,327,349],"product_tag":[],"class_list":{"0":"post-57765","1":"product","2":"type-product","3":"status-publish","4":"has-post-thumbnail","6":"product_cat-347","7":"product_cat-327","8":"product_cat-349","10":"first","11":"instock","12":"taxable","13":"shipping-taxable","14":"purchasable","15":"product-type-simple"},"_links":{"self":[{"href":"https:\/\/senabel.com\/sv\/wp-json\/wp\/v2\/product\/57765","targetHints":{"allow":["GET"]}}],"collection":[{"href":"https:\/\/senabel.com\/sv\/wp-json\/wp\/v2\/product"}],"about":[{"href":"https:\/\/senabel.com\/sv\/wp-json\/wp\/v2\/types\/product"}],"version-history":[{"count":2,"href":"https:\/\/senabel.com\/sv\/wp-json\/wp\/v2\/product\/57765\/revisions"}],"predecessor-version":[{"id":57768,"href":"https:\/\/senabel.com\/sv\/wp-json\/wp\/v2\/product\/57765\/revisions\/57768"}],"wp:featuredmedia":[{"embeddable":true,"href":"https:\/\/senabel.com\/sv\/wp-json\/wp\/v2\/media\/57766"}],"wp:attachment":[{"href":"https:\/\/senabel.com\/sv\/wp-json\/wp\/v2\/media?parent=57765"}],"wp:term":[{"taxonomy":"product_brand","embeddable":true,"href":"https:\/\/senabel.com\/sv\/wp-json\/wp\/v2\/product_brand?post=57765"},{"taxonomy":"product_cat","embeddable":true,"href":"https:\/\/senabel.com\/sv\/wp-json\/wp\/v2\/product_cat?post=57765"},{"taxonomy":"product_tag","embeddable":true,"href":"https:\/\/senabel.com\/sv\/wp-json\/wp\/v2\/product_tag?post=57765"}],"curies":[{"name":"wp","href":"https:\/\/api.w.org\/{rel}","templated":true}]}}