{"id":57762,"date":"2025-11-20T16:07:03","date_gmt":"2025-11-20T16:07:03","guid":{"rendered":"https:\/\/senabel.com\/?post_type=product&#038;p=57762"},"modified":"2026-04-15T11:25:00","modified_gmt":"2026-04-15T11:25:00","slug":"shtoura-rosenvatten-500-ml","status":"publish","type":"product","link":"https:\/\/senabel.com\/sv\/product\/shtoura-rose-water-500ml\/","title":{"rendered":"Shatura Rosenvatten - 500ml"},"content":{"rendered":"<p data-start=\"27\" data-end=\"258\">Naturligt rosenvatten, med sin raffinerade aromatiska smak och fr\u00e4scha doft, \u00e4r en viktig ingrediens i orientaliska desserter och drycker, och anv\u00e4nds ocks\u00e5 f\u00f6r att ge en vacker touch till hemrecept. Det k\u00e4nnetecknas av sin renhet och h\u00f6ga kvalitet som ger dina r\u00e4tter en distinkt karakt\u00e4r och rik arom.<\/p>\n<p data-start=\"260\" data-end=\"274\"><strong data-start=\"260\" data-end=\"272\">Funktioner<\/strong><\/p>\n<ul data-start=\"275\" data-end=\"417\">\n<li data-start=\"275\" data-end=\"310\">\n<p data-start=\"277\" data-end=\"310\">Naturligt rosenvatten med en distinkt aromatisk smak<\/p>\n<\/li>\n<li data-start=\"311\" data-end=\"348\">\n<p data-start=\"313\" data-end=\"348\">Perfekt f\u00f6r orientaliska s\u00f6tsaker och drycker<\/p>\n<\/li>\n<li data-start=\"349\" data-end=\"384\">\n<p data-start=\"351\" data-end=\"384\">Ger recepten en distinkt smak och arom<\/p>\n<\/li>\n<li data-start=\"385\" data-end=\"417\">\n<p data-start=\"387\" data-end=\"417\">L\u00e4mplig f\u00f6r daglig anv\u00e4ndning i hemmet<\/p>\n<\/li>\n<\/ul>\n<p data-start=\"419\" data-end=\"438\"><strong data-start=\"419\" data-end=\"436\">Produktinformation<\/strong><\/p>\n<ul data-start=\"439\" data-end=\"531\">\n<li data-start=\"439\" data-end=\"455\">\n<p data-start=\"441\" data-end=\"455\">Kapacitet: 500 ml<\/p>\n<\/li>\n<li data-start=\"456\" data-end=\"480\">\n<p data-start=\"458\" data-end=\"480\">Typ: Naturligt rosenvatten<\/p>\n<\/li>\n<li data-start=\"481\" data-end=\"531\">\n<p data-start=\"483\" data-end=\"531\">Anv\u00e4ndning: Till desserter, drycker och hemrecept<\/p>\n<\/li>\n<\/ul>\n<p data-start=\"533\" data-end=\"666\" data-is-last-node=\"\" data-is-only-node=\"\"><strong data-start=\"533\" data-end=\"544\">F\u00f6rvaring<\/strong><br data-start=\"544\" data-end=\"547\" \/>F\u00f6rvara p\u00e5 en sval, torr plats utan direkt solljus. Det \u00e4r b\u00e4st att st\u00e4nga beh\u00e5llaren ordentligt efter anv\u00e4ndning f\u00f6r att bevara smak och kvalitet.<\/p>","protected":false},"excerpt":{"rendered":"<p>Naturligt rosenvatten, med sin raffinerade aromatiska smak och fr\u00e4scha doft, \u00e4r en viktig ingrediens i orientaliska desserter och drycker, och anv\u00e4nds ocks\u00e5 f\u00f6r att ge en vacker touch till hemrecept. Det k\u00e4nnetecknas av sin renhet och h\u00f6ga kvalitet som ger dina r\u00e4tter en distinkt karakt\u00e4r och rik arom.<\/p>","protected":false},"featured_media":57763,"template":"","meta":[],"product_brand":[],"product_cat":[349,327],"product_tag":[],"class_list":{"0":"post-57762","1":"product","2":"type-product","3":"status-publish","4":"has-post-thumbnail","6":"product_cat-349","7":"product_cat-327","9":"first","10":"instock","11":"taxable","12":"shipping-taxable","13":"purchasable","14":"product-type-simple"},"_links":{"self":[{"href":"https:\/\/senabel.com\/sv\/wp-json\/wp\/v2\/product\/57762","targetHints":{"allow":["GET"]}}],"collection":[{"href":"https:\/\/senabel.com\/sv\/wp-json\/wp\/v2\/product"}],"about":[{"href":"https:\/\/senabel.com\/sv\/wp-json\/wp\/v2\/types\/product"}],"version-history":[{"count":1,"href":"https:\/\/senabel.com\/sv\/wp-json\/wp\/v2\/product\/57762\/revisions"}],"predecessor-version":[{"id":57764,"href":"https:\/\/senabel.com\/sv\/wp-json\/wp\/v2\/product\/57762\/revisions\/57764"}],"wp:featuredmedia":[{"embeddable":true,"href":"https:\/\/senabel.com\/sv\/wp-json\/wp\/v2\/media\/57763"}],"wp:attachment":[{"href":"https:\/\/senabel.com\/sv\/wp-json\/wp\/v2\/media?parent=57762"}],"wp:term":[{"taxonomy":"product_brand","embeddable":true,"href":"https:\/\/senabel.com\/sv\/wp-json\/wp\/v2\/product_brand?post=57762"},{"taxonomy":"product_cat","embeddable":true,"href":"https:\/\/senabel.com\/sv\/wp-json\/wp\/v2\/product_cat?post=57762"},{"taxonomy":"product_tag","embeddable":true,"href":"https:\/\/senabel.com\/sv\/wp-json\/wp\/v2\/product_tag?post=57762"}],"curies":[{"name":"wp","href":"https:\/\/api.w.org\/{rel}","templated":true}]}}