{"id":57752,"date":"2025-11-20T15:44:14","date_gmt":"2025-11-20T15:44:14","guid":{"rendered":"https:\/\/senabel.com\/?post_type=product&#038;p=57752"},"modified":"2026-04-24T07:38:21","modified_gmt":"2026-04-24T07:38:21","slug":"koshk-baladi-al-ghouta-800g","status":"publish","type":"product","link":"https:\/\/senabel.com\/sv\/product\/koshk-baladi-al-ghouta-800g\/","title":{"rendered":"Baladi Kiosk - Ghouta - 800g"},"content":{"rendered":"<p data-start=\"30\" data-end=\"242\">En autentisk Baladi-kiosk fr\u00e5n varum\u00e4rket Ghouta, som k\u00e4nnetecknas av sin traditionella smak och kr\u00e4miga konsistens som kombinerar en autentisk orientalisk smak med kvalitetsberedning. Perfekt f\u00f6r soppor, aptitretare och hemlagade m\u00e5ltider som beh\u00f6ver en varm och fyllig smak.<\/p>\n<p data-start=\"244\" data-end=\"258\"><strong data-start=\"244\" data-end=\"256\">Funktioner<\/strong><\/p>\n<ul data-start=\"259\" data-end=\"417\">\n<li data-start=\"259\" data-end=\"295\">\n<p data-start=\"261\" data-end=\"295\">H\u00f6gkvalitativ kiosk med \u00e4kta smak<\/p>\n<\/li>\n<li data-start=\"296\" data-end=\"335\">\n<p data-start=\"298\" data-end=\"335\">Kr\u00e4mig konsistens, perfekt f\u00f6r soppor och aptitretare<\/p>\n<\/li>\n<li data-start=\"336\" data-end=\"372\">\n<p data-start=\"338\" data-end=\"372\">F\u00e4rdig att anv\u00e4nda och l\u00e4tt att tillaga produkt<\/p>\n<\/li>\n<li data-start=\"373\" data-end=\"417\">\n<p data-start=\"375\" data-end=\"417\">L\u00e4mplig f\u00f6r vardagsmat och orientaliska recept<\/p>\n<\/li>\n<\/ul>\n<p data-start=\"419\" data-end=\"438\"><strong data-start=\"419\" data-end=\"436\">Produktinformation<\/strong><\/p>\n<ul data-start=\"439\" data-end=\"538\">\n<li data-start=\"439\" data-end=\"454\">\n<p data-start=\"441\" data-end=\"454\">Vikt: 800g<\/p>\n<\/li>\n<li data-start=\"455\" data-end=\"479\">\n<p data-start=\"457\" data-end=\"479\">Typ: F\u00e4rdigbyggd lantlig kiosk<\/p>\n<\/li>\n<li data-start=\"480\" data-end=\"538\">\n<p data-start=\"482\" data-end=\"538\">Anv\u00e4ndning: Till soppor, s\u00e5ser, aptitretare och hemlagade recept.<\/p>\n<\/li>\n<\/ul>\n<p data-start=\"540\" data-end=\"669\" data-is-last-node=\"\" data-is-only-node=\"\"><strong data-start=\"540\" data-end=\"551\">F\u00f6rvaring<\/strong><br data-start=\"551\" data-end=\"554\" \/>F\u00f6rvara p\u00e5 en sval, torr plats utan direkt solljus. Det rekommenderas att f\u00f6rpackningen f\u00f6rsluts ordentligt efter \u00f6ppnandet f\u00f6r att bevara smak och kvalitet.<\/p>","protected":false},"excerpt":{"rendered":"<p>En autentisk Baladi-kiosk fr\u00e5n varum\u00e4rket Ghouta, som k\u00e4nnetecknas av sin traditionella smak och kr\u00e4miga konsistens som kombinerar en autentisk orientalisk smak med kvalitetsberedning. Perfekt f\u00f6r soppor, aptitretare och hemlagade m\u00e5ltider som beh\u00f6ver en varm och fyllig smak.<\/p>","protected":false},"featured_media":57753,"template":"","meta":[],"product_brand":[],"product_cat":[349,347],"product_tag":[],"class_list":{"0":"post-57752","1":"product","2":"type-product","3":"status-publish","4":"has-post-thumbnail","6":"product_cat-349","7":"product_cat-347","9":"first","10":"instock","11":"taxable","12":"shipping-taxable","13":"purchasable","14":"product-type-simple"},"_links":{"self":[{"href":"https:\/\/senabel.com\/sv\/wp-json\/wp\/v2\/product\/57752","targetHints":{"allow":["GET"]}}],"collection":[{"href":"https:\/\/senabel.com\/sv\/wp-json\/wp\/v2\/product"}],"about":[{"href":"https:\/\/senabel.com\/sv\/wp-json\/wp\/v2\/types\/product"}],"version-history":[{"count":3,"href":"https:\/\/senabel.com\/sv\/wp-json\/wp\/v2\/product\/57752\/revisions"}],"predecessor-version":[{"id":60251,"href":"https:\/\/senabel.com\/sv\/wp-json\/wp\/v2\/product\/57752\/revisions\/60251"}],"wp:featuredmedia":[{"embeddable":true,"href":"https:\/\/senabel.com\/sv\/wp-json\/wp\/v2\/media\/57753"}],"wp:attachment":[{"href":"https:\/\/senabel.com\/sv\/wp-json\/wp\/v2\/media?parent=57752"}],"wp:term":[{"taxonomy":"product_brand","embeddable":true,"href":"https:\/\/senabel.com\/sv\/wp-json\/wp\/v2\/product_brand?post=57752"},{"taxonomy":"product_cat","embeddable":true,"href":"https:\/\/senabel.com\/sv\/wp-json\/wp\/v2\/product_cat?post=57752"},{"taxonomy":"product_tag","embeddable":true,"href":"https:\/\/senabel.com\/sv\/wp-json\/wp\/v2\/product_tag?post=57752"}],"curies":[{"name":"wp","href":"https:\/\/api.w.org\/{rel}","templated":true}]}}