{"id":57749,"date":"2025-11-20T15:42:19","date_gmt":"2025-11-20T15:42:19","guid":{"rendered":"https:\/\/senabel.com\/?post_type=product&#038;p=57749"},"modified":"2026-01-18T12:33:13","modified_gmt":"2026-01-18T12:33:13","slug":"nouga-500","status":"publish","type":"product","link":"https:\/\/senabel.com\/sv\/product\/nouga-500\/","title":{"rendered":"Libanesisk nougat med pistagen\u00f6tter \u2013 500 g"},"content":{"rendered":"<p data-start=\"30\" data-end=\"282\">En lyxig libanesisk nougat med mjuk konsistens och rik smak, fylld med en gener\u00f6s m\u00e4ngd f\u00e4rska pistagen\u00f6tter f\u00f6r en perfekt balans mellan s\u00f6tma och n\u00f6tsmak. Varje bit \u00e4r individuellt f\u00f6rpackad f\u00f6r att bevara smak och kvalitet, vilket g\u00f6r den idealisk f\u00f6r servering och g\u00e4stfrihet eller som en speciell dessert till kaffe.<\/p>\n<p data-start=\"284\" data-end=\"298\"><strong data-start=\"284\" data-end=\"296\">Funktioner<\/strong><\/p>\n<ul data-start=\"299\" data-end=\"465\">\n<li data-start=\"299\" data-end=\"335\">\n<p data-start=\"301\" data-end=\"335\">Mjuk nougat fylld med f\u00e4rska pistagen\u00f6tter<\/p>\n<\/li>\n<li data-start=\"336\" data-end=\"386\">\n<p data-start=\"338\" data-end=\"386\">Individuellt f\u00f6rpackade bitar f\u00f6r att bevara konsistens och hygien<\/p>\n<\/li>\n<li data-start=\"387\" data-end=\"439\">\n<p data-start=\"389\" data-end=\"439\">En balanserad smak som kombinerar nougatens s\u00f6tma med pistaschens krispighet<\/p>\n<\/li>\n<li data-start=\"440\" data-end=\"465\">\n<p data-start=\"442\" data-end=\"465\">Perfekt f\u00f6r g\u00e4stfrihet och g\u00e5vor<\/p>\n<\/li>\n<\/ul>\n<p data-start=\"467\" data-end=\"486\"><strong data-start=\"467\" data-end=\"484\">Produktinformation<\/strong><\/p>\n<ul data-start=\"487\" data-end=\"611\">\n<li data-start=\"487\" data-end=\"502\">\n<p data-start=\"489\" data-end=\"502\">Vikt: 500g<\/p>\n<\/li>\n<li data-start=\"503\" data-end=\"534\">\n<p data-start=\"505\" data-end=\"534\">Typ av produkt: Libanesisk pistagenougat<\/p>\n<\/li>\n<li data-start=\"535\" data-end=\"565\">\n<p data-start=\"537\" data-end=\"565\">F\u00f6rpackning: Individuellt f\u00f6rpackade bitar<\/p>\n<\/li>\n<li data-start=\"566\" data-end=\"611\">\n<p data-start=\"568\" data-end=\"611\">Anv\u00e4ndning: F\u00f6r g\u00e4stfrihet eller som en vardaglig dessert med kaffe<\/p>\n<\/li>\n<\/ul>\n<p data-start=\"613\" data-end=\"742\" data-is-last-node=\"\" data-is-only-node=\"\"><strong data-start=\"613\" data-end=\"624\">F\u00f6rvaring<\/strong><br data-start=\"624\" data-end=\"627\" \/>F\u00f6rvaras svalt, torrt och skyddat fr\u00e5n direkt solljus. F\u00f6rslut f\u00f6rpackningen v\u00e4l efter \u00f6ppnandet f\u00f6r att bevara f\u00e4rskhet och kvalitet.<\/p>","protected":false},"excerpt":{"rendered":"<p>En lyxig libanesisk nougat med mjuk konsistens och rik smak, fylld med en gener\u00f6s m\u00e4ngd f\u00e4rska pistagen\u00f6tter f\u00f6r en perfekt balans mellan s\u00f6tma och n\u00f6tsmak. Varje bit \u00e4r individuellt f\u00f6rpackad f\u00f6r att bevara smak och kvalitet, vilket g\u00f6r den idealisk f\u00f6r servering och g\u00e4stfrihet eller som en speciell dessert till kaffe.<\/p>","protected":false},"featured_media":57750,"template":"","meta":[],"product_brand":[],"product_cat":[347,299],"product_tag":[],"class_list":{"0":"post-57749","1":"product","2":"type-product","3":"status-publish","4":"has-post-thumbnail","6":"product_cat-347","7":"product_cat-299","9":"first","10":"outofstock","11":"taxable","12":"shipping-taxable","13":"purchasable","14":"product-type-simple"},"_links":{"self":[{"href":"https:\/\/senabel.com\/sv\/wp-json\/wp\/v2\/product\/57749","targetHints":{"allow":["GET"]}}],"collection":[{"href":"https:\/\/senabel.com\/sv\/wp-json\/wp\/v2\/product"}],"about":[{"href":"https:\/\/senabel.com\/sv\/wp-json\/wp\/v2\/types\/product"}],"version-history":[{"count":3,"href":"https:\/\/senabel.com\/sv\/wp-json\/wp\/v2\/product\/57749\/revisions"}],"predecessor-version":[{"id":58003,"href":"https:\/\/senabel.com\/sv\/wp-json\/wp\/v2\/product\/57749\/revisions\/58003"}],"wp:featuredmedia":[{"embeddable":true,"href":"https:\/\/senabel.com\/sv\/wp-json\/wp\/v2\/media\/57750"}],"wp:attachment":[{"href":"https:\/\/senabel.com\/sv\/wp-json\/wp\/v2\/media?parent=57749"}],"wp:term":[{"taxonomy":"product_brand","embeddable":true,"href":"https:\/\/senabel.com\/sv\/wp-json\/wp\/v2\/product_brand?post=57749"},{"taxonomy":"product_cat","embeddable":true,"href":"https:\/\/senabel.com\/sv\/wp-json\/wp\/v2\/product_cat?post=57749"},{"taxonomy":"product_tag","embeddable":true,"href":"https:\/\/senabel.com\/sv\/wp-json\/wp\/v2\/product_tag?post=57749"}],"curies":[{"name":"wp","href":"https:\/\/api.w.org\/{rel}","templated":true}]}}