{"id":57742,"date":"2025-11-21T17:37:30","date_gmt":"2025-11-21T17:37:30","guid":{"rendered":"https:\/\/senabel.com\/?post_type=product&#038;p=57742"},"modified":"2026-03-27T15:23:36","modified_gmt":"2026-03-27T15:23:36","slug":"torkad-oregano-120-g","status":"publish","type":"product","link":"https:\/\/senabel.com\/sv\/product\/dried-oregano-120g\/","title":{"rendered":"Mjuk oregano \u2013 120 g"},"content":{"rendered":"<p data-start=\"26\" data-end=\"237\">H\u00f6gkvalitativ torkad naturlig oregano, som k\u00e4nnetecknas av sin starka doft och varma smak som ger olika r\u00e4tter en distinkt djup. Det \u00e4r en av de viktigaste \u00f6rterna i medelhavsk\u00f6ket och anv\u00e4nds ofta f\u00f6r att krydda k\u00f6tt, pizza, pasta och s\u00e5ser.<\/p>\n<p data-start=\"239\" data-end=\"253\"><strong data-start=\"239\" data-end=\"251\">Funktioner<\/strong><\/p>\n<ul data-start=\"254\" data-end=\"413\">\n<li data-start=\"254\" data-end=\"298\">\n<p data-start=\"256\" data-end=\"298\">Naturlig oregano med stark smak och aromatisk doft<\/p>\n<\/li>\n<li data-start=\"299\" data-end=\"349\">\n<p data-start=\"301\" data-end=\"349\">Ger en balanserad smak till italienska och orientaliska r\u00e4tter.<\/p>\n<\/li>\n<li data-start=\"350\" data-end=\"389\">\n<p data-start=\"352\" data-end=\"389\">L\u00e4mplig f\u00f6r marinering, matlagning och tillagning av s\u00e5ser<\/p>\n<\/li>\n<li data-start=\"390\" data-end=\"413\">\n<p data-start=\"392\" data-end=\"413\">Utan artificiella tillsatser<\/p>\n<\/li>\n<\/ul>\n<p data-start=\"415\" data-end=\"434\"><strong data-start=\"415\" data-end=\"432\">Produktinformation<\/strong><\/p>\n<ul data-start=\"435\" data-end=\"545\">\n<li data-start=\"435\" data-end=\"450\">\n<p data-start=\"437\" data-end=\"450\">Vikt: 120 g<\/p>\n<\/li>\n<li data-start=\"451\" data-end=\"481\">\n<p data-start=\"453\" data-end=\"481\">Typ: Naturligt torkad oregano<\/p>\n<\/li>\n<li data-start=\"482\" data-end=\"545\">\n<p data-start=\"484\" data-end=\"545\">Anv\u00e4ndning: Till pizza, pasta, sallader, k\u00f6ttmarinader och s\u00e5ser<\/p>\n<\/li>\n<\/ul>\n<p data-start=\"547\" data-end=\"668\" data-is-last-node=\"\" data-is-only-node=\"\"><strong data-start=\"547\" data-end=\"558\">F\u00f6rvaring<\/strong><br data-start=\"558\" data-end=\"561\" \/>F\u00f6rvara p\u00e5 en sval, torr plats i en t\u00e4tt f\u00f6rsluten beh\u00e5llare, skyddad fr\u00e5n fukt och v\u00e4rme f\u00f6r att bevara den aromatiska smaken.<\/p>","protected":false},"excerpt":{"rendered":"<p>H\u00f6gkvalitativ torkad naturlig oregano, som k\u00e4nnetecknas av sin starka doft och varma smak som ger olika r\u00e4tter en distinkt djup. Det \u00e4r en av de viktigaste \u00f6rterna i medelhavsk\u00f6ket och anv\u00e4nds ofta f\u00f6r att krydda k\u00f6tt, pizza, pasta och s\u00e5ser.<\/p>","protected":false},"featured_media":57743,"template":"","meta":[],"product_brand":[],"product_cat":[327],"product_tag":[],"class_list":{"0":"post-57742","1":"product","2":"type-product","3":"status-publish","4":"has-post-thumbnail","6":"product_cat-327","8":"first","9":"instock","10":"taxable","11":"shipping-taxable","12":"purchasable","13":"product-type-simple"},"_links":{"self":[{"href":"https:\/\/senabel.com\/sv\/wp-json\/wp\/v2\/product\/57742","targetHints":{"allow":["GET"]}}],"collection":[{"href":"https:\/\/senabel.com\/sv\/wp-json\/wp\/v2\/product"}],"about":[{"href":"https:\/\/senabel.com\/sv\/wp-json\/wp\/v2\/types\/product"}],"version-history":[{"count":3,"href":"https:\/\/senabel.com\/sv\/wp-json\/wp\/v2\/product\/57742\/revisions"}],"predecessor-version":[{"id":58431,"href":"https:\/\/senabel.com\/sv\/wp-json\/wp\/v2\/product\/57742\/revisions\/58431"}],"wp:featuredmedia":[{"embeddable":true,"href":"https:\/\/senabel.com\/sv\/wp-json\/wp\/v2\/media\/57743"}],"wp:attachment":[{"href":"https:\/\/senabel.com\/sv\/wp-json\/wp\/v2\/media?parent=57742"}],"wp:term":[{"taxonomy":"product_brand","embeddable":true,"href":"https:\/\/senabel.com\/sv\/wp-json\/wp\/v2\/product_brand?post=57742"},{"taxonomy":"product_cat","embeddable":true,"href":"https:\/\/senabel.com\/sv\/wp-json\/wp\/v2\/product_cat?post=57742"},{"taxonomy":"product_tag","embeddable":true,"href":"https:\/\/senabel.com\/sv\/wp-json\/wp\/v2\/product_tag?post=57742"}],"curies":[{"name":"wp","href":"https:\/\/api.w.org\/{rel}","templated":true}]}}