{"id":57734,"date":"2025-11-21T17:38:11","date_gmt":"2025-11-21T17:38:11","guid":{"rendered":"https:\/\/senabel.com\/?post_type=product&#038;p=57734"},"modified":"2026-04-19T19:05:36","modified_gmt":"2026-04-19T19:05:36","slug":"krassefron-250-g","status":"publish","type":"product","link":"https:\/\/senabel.com\/sv\/product\/cress-seeds-250g\/","title":{"rendered":"V\u00e5tarvfr\u00f6n \u2013 100 g"},"content":{"rendered":"<p data-start=\"24\" data-end=\"257\">Naturliga fenugreekfr\u00f6n, med sin m\u00f6rka f\u00e4rg och distinkta smak, \u00e4r k\u00e4nda f\u00f6r sitt h\u00f6ga n\u00e4ringsv\u00e4rde och sina m\u00e5nga anv\u00e4ndningsomr\u00e5den i k\u00f6ket. Dessa fr\u00f6n har en l\u00e4tt konsistens och mild smak, vilket g\u00f6r dem till ett utm\u00e4rkt tillskott i h\u00e4lsosamma recept, drycker och traditionella hemlagade blandningar.<\/p>\n<p data-start=\"259\" data-end=\"273\"><strong data-start=\"259\" data-end=\"271\">Funktioner<\/strong><\/p>\n<ul data-start=\"274\" data-end=\"461\">\n<li data-start=\"274\" data-end=\"307\">\n<p data-start=\"276\" data-end=\"307\">H\u00f6gkvalitativa naturliga fenugreekfr\u00f6n<\/p>\n<\/li>\n<li data-start=\"308\" data-end=\"357\">\n<p data-start=\"310\" data-end=\"357\">Rik p\u00e5 n\u00e4rings\u00e4mnen och l\u00e4mplig f\u00f6r h\u00e4lsosamma recept<\/p>\n<\/li>\n<li data-start=\"358\" data-end=\"408\">\n<p data-start=\"360\" data-end=\"408\">Mild smak som passar bra till olika drycker och r\u00e4tter<\/p>\n<\/li>\n<li data-start=\"409\" data-end=\"461\">\n<p data-start=\"411\" data-end=\"461\">Kan tills\u00e4ttas i bakverk eller \u00e4tas med honung och mj\u00f6lk.<\/p>\n<\/li>\n<\/ul>\n<p data-start=\"463\" data-end=\"482\"><strong data-start=\"463\" data-end=\"480\">Produktinformation<\/strong><\/p>\n<ul data-start=\"483\" data-end=\"595\">\n<li data-start=\"483\" data-end=\"498\">\n<p data-start=\"485\" data-end=\"498\">Vikt: 100 g<\/p>\n<\/li>\n<li data-start=\"499\" data-end=\"526\">\n<p data-start=\"501\" data-end=\"526\">Typ: Naturliga fenugreekfr\u00f6n<\/p>\n<\/li>\n<li data-start=\"527\" data-end=\"595\">\n<p data-start=\"529\" data-end=\"595\">Anv\u00e4ndning: F\u00f6r drycker, h\u00e4lsosamma blandningar, bakverk och traditionella recept.<\/p>\n<\/li>\n<\/ul>\n<p data-start=\"597\" data-end=\"711\" data-is-last-node=\"\" data-is-only-node=\"\"><strong data-start=\"597\" data-end=\"608\">F\u00f6rvaring<\/strong><br data-start=\"608\" data-end=\"611\" \/>F\u00f6rvara p\u00e5 en sval, torr plats i en t\u00e4tt f\u00f6rsluten beh\u00e5llare, skyddad fr\u00e5n fukt och v\u00e4rme f\u00f6r att bibeh\u00e5lla kvalitet och smak.<\/p>","protected":false},"excerpt":{"rendered":"<p>Naturliga fenugreekfr\u00f6n, med sin m\u00f6rka f\u00e4rg och distinkta smak, \u00e4r k\u00e4nda f\u00f6r sitt h\u00f6ga n\u00e4ringsv\u00e4rde och sina m\u00e5nga anv\u00e4ndningsomr\u00e5den i k\u00f6ket. Dessa fr\u00f6n har en l\u00e4tt konsistens och mild smak, vilket g\u00f6r dem till ett utm\u00e4rkt tillskott i h\u00e4lsosamma recept, drycker och traditionella hemlagade blandningar.<\/p>","protected":false},"featured_media":57735,"template":"","meta":[],"product_brand":[],"product_cat":[349,327],"product_tag":[],"class_list":{"0":"post-57734","1":"product","2":"type-product","3":"status-publish","4":"has-post-thumbnail","6":"product_cat-349","7":"product_cat-327","9":"first","10":"instock","11":"taxable","12":"shipping-taxable","13":"purchasable","14":"product-type-simple"},"_links":{"self":[{"href":"https:\/\/senabel.com\/sv\/wp-json\/wp\/v2\/product\/57734","targetHints":{"allow":["GET"]}}],"collection":[{"href":"https:\/\/senabel.com\/sv\/wp-json\/wp\/v2\/product"}],"about":[{"href":"https:\/\/senabel.com\/sv\/wp-json\/wp\/v2\/types\/product"}],"version-history":[{"count":4,"href":"https:\/\/senabel.com\/sv\/wp-json\/wp\/v2\/product\/57734\/revisions"}],"predecessor-version":[{"id":63092,"href":"https:\/\/senabel.com\/sv\/wp-json\/wp\/v2\/product\/57734\/revisions\/63092"}],"wp:featuredmedia":[{"embeddable":true,"href":"https:\/\/senabel.com\/sv\/wp-json\/wp\/v2\/media\/57735"}],"wp:attachment":[{"href":"https:\/\/senabel.com\/sv\/wp-json\/wp\/v2\/media?parent=57734"}],"wp:term":[{"taxonomy":"product_brand","embeddable":true,"href":"https:\/\/senabel.com\/sv\/wp-json\/wp\/v2\/product_brand?post=57734"},{"taxonomy":"product_cat","embeddable":true,"href":"https:\/\/senabel.com\/sv\/wp-json\/wp\/v2\/product_cat?post=57734"},{"taxonomy":"product_tag","embeddable":true,"href":"https:\/\/senabel.com\/sv\/wp-json\/wp\/v2\/product_tag?post=57734"}],"curies":[{"name":"wp","href":"https:\/\/api.w.org\/{rel}","templated":true}]}}