{"id":57730,"date":"2025-11-21T17:38:32","date_gmt":"2025-11-21T17:38:32","guid":{"rendered":"https:\/\/senabel.com\/?post_type=product&#038;p=57730"},"modified":"2026-04-20T14:14:42","modified_gmt":"2026-04-20T14:14:42","slug":"rostade-sesamfron-250-g","status":"publish","type":"product","link":"https:\/\/senabel.com\/sv\/product\/roasted-sesame-seeds-250g\/","title":{"rendered":"Rostade sesamfr\u00f6n \u2013 250 g"},"content":{"rendered":"<p data-start=\"22\" data-end=\"243\">H\u00f6gkvalitativa rostade sesamfr\u00f6n med en krispig konsistens och rik smak, perfekta f\u00f6r bakverk, desserter och vardagsmat. Rostade med omsorg f\u00f6r att bevara den naturliga smaken och den karakteristiska aromen, vilket g\u00f6r dem till ett perfekt tillskott i recept som beh\u00f6ver en autentisk orientalisk touch.<\/p>\n<p data-start=\"245\" data-end=\"259\"><strong data-start=\"245\" data-end=\"257\">Funktioner<\/strong><\/p>\n<ul data-start=\"260\" data-end=\"416\">\n<li data-start=\"260\" data-end=\"302\">\n<p data-start=\"262\" data-end=\"302\">F\u00e4rska rostade sesamfr\u00f6n med en rik smak och distinkt arom<\/p>\n<\/li>\n<li data-start=\"303\" data-end=\"343\">\n<p data-start=\"305\" data-end=\"343\">Krispig konsistens som passar till bakverk och desserter<\/p>\n<\/li>\n<li data-start=\"344\" data-end=\"392\">\n<p data-start=\"346\" data-end=\"392\">Perfekt att str\u00f6 \u00f6ver bakverk, maamoul och br\u00f6d<\/p>\n<\/li>\n<li data-start=\"393\" data-end=\"416\">\n<p data-start=\"395\" data-end=\"416\">Utan artificiella tillsatser<\/p>\n<\/li>\n<\/ul>\n<p data-start=\"418\" data-end=\"437\"><strong data-start=\"418\" data-end=\"435\">Produktinformation<\/strong><\/p>\n<ul data-start=\"438\" data-end=\"538\">\n<li data-start=\"438\" data-end=\"453\">\n<p data-start=\"440\" data-end=\"453\">Vikt: 250 g<\/p>\n<\/li>\n<li data-start=\"454\" data-end=\"489\">\n<p data-start=\"456\" data-end=\"489\">Typ: F\u00e4rdiga rostade sesamfr\u00f6n<\/p>\n<\/li>\n<li data-start=\"490\" data-end=\"538\">\n<p data-start=\"492\" data-end=\"538\">Anv\u00e4ndning: Till desserter, bakverk, dekoration och matlagning<\/p>\n<\/li>\n<\/ul>\n<p data-start=\"540\" data-end=\"647\" data-is-last-node=\"\" data-is-only-node=\"\"><strong data-start=\"540\" data-end=\"551\">F\u00f6rvaring<\/strong><br data-start=\"551\" data-end=\"554\" \/>F\u00f6rvara p\u00e5 en sval, torr plats i en t\u00e4tt f\u00f6rsluten beh\u00e5llare, skyddad fr\u00e5n fukt f\u00f6r att bevara krispigheten och smaken.<\/p>","protected":false},"excerpt":{"rendered":"<p>H\u00f6gkvalitativa rostade sesamfr\u00f6n med en krispig konsistens och rik smak, perfekta f\u00f6r bakverk, desserter och vardagsmat. Rostade med omsorg f\u00f6r att bevara den naturliga smaken och den karakteristiska aromen, vilket g\u00f6r dem till ett perfekt tillskott i recept som beh\u00f6ver en autentisk orientalisk touch.<\/p>","protected":false},"featured_media":57731,"template":"","meta":[],"product_brand":[],"product_cat":[349,327],"product_tag":[],"class_list":{"0":"post-57730","1":"product","2":"type-product","3":"status-publish","4":"has-post-thumbnail","6":"product_cat-349","7":"product_cat-327","9":"first","10":"instock","11":"taxable","12":"shipping-taxable","13":"purchasable","14":"product-type-simple"},"_links":{"self":[{"href":"https:\/\/senabel.com\/sv\/wp-json\/wp\/v2\/product\/57730","targetHints":{"allow":["GET"]}}],"collection":[{"href":"https:\/\/senabel.com\/sv\/wp-json\/wp\/v2\/product"}],"about":[{"href":"https:\/\/senabel.com\/sv\/wp-json\/wp\/v2\/types\/product"}],"version-history":[{"count":3,"href":"https:\/\/senabel.com\/sv\/wp-json\/wp\/v2\/product\/57730\/revisions"}],"predecessor-version":[{"id":60948,"href":"https:\/\/senabel.com\/sv\/wp-json\/wp\/v2\/product\/57730\/revisions\/60948"}],"wp:featuredmedia":[{"embeddable":true,"href":"https:\/\/senabel.com\/sv\/wp-json\/wp\/v2\/media\/57731"}],"wp:attachment":[{"href":"https:\/\/senabel.com\/sv\/wp-json\/wp\/v2\/media?parent=57730"}],"wp:term":[{"taxonomy":"product_brand","embeddable":true,"href":"https:\/\/senabel.com\/sv\/wp-json\/wp\/v2\/product_brand?post=57730"},{"taxonomy":"product_cat","embeddable":true,"href":"https:\/\/senabel.com\/sv\/wp-json\/wp\/v2\/product_cat?post=57730"},{"taxonomy":"product_tag","embeddable":true,"href":"https:\/\/senabel.com\/sv\/wp-json\/wp\/v2\/product_tag?post=57730"}],"curies":[{"name":"wp","href":"https:\/\/api.w.org\/{rel}","templated":true}]}}