{"id":57725,"date":"2025-11-21T17:38:44","date_gmt":"2025-11-21T17:38:44","guid":{"rendered":"https:\/\/senabel.com\/?post_type=product&#038;p=57725"},"modified":"2026-04-28T14:42:18","modified_gmt":"2026-04-28T14:42:18","slug":"ratt-kakaopulver-250-g","status":"publish","type":"product","link":"https:\/\/senabel.com\/sv\/product\/raw-cocoa-powder-250g\/","title":{"rendered":"R\u00e5tt kakaopulver \u2013 250 g"},"content":{"rendered":"<p data-start=\"28\" data-end=\"280\">H\u00f6gkvalitativ ren kakao med en mjuk konsistens och rik f\u00e4rg, perfekt f\u00f6r att laga l\u00e4ckra hemlagade recept. Den har en koncentrerad smak som ger desserter och drycker en djup touch av \u00e4kta chokladsmak, vilket g\u00f6r den till det perfekta valet f\u00f6r dig som \u00e4lskar naturliga smaker i bakverk och varma och kalla drycker.<\/p>\n<p data-start=\"282\" data-end=\"296\"><strong data-start=\"282\" data-end=\"294\">Funktioner<\/strong><\/p>\n<ul data-start=\"297\" data-end=\"465\">\n<li data-start=\"297\" data-end=\"336\">\n<p data-start=\"299\" data-end=\"336\">Ren r\u00e5 kakao med en rik smak och mjuk konsistens<\/p>\n<\/li>\n<li data-start=\"337\" data-end=\"390\">\n<p data-start=\"339\" data-end=\"390\">Passar till desserter, kakor, varma och kalla drycker<\/p>\n<\/li>\n<li data-start=\"391\" data-end=\"444\">\n<p data-start=\"393\" data-end=\"444\">En m\u00f6rk f\u00e4rg ger din recept ett tilltalande utseende och en balanserad smak.<\/p>\n<\/li>\n<li data-start=\"445\" data-end=\"465\">\n<p data-start=\"447\" data-end=\"465\">Inga konstgjorda tillsatser<\/p>\n<\/li>\n<\/ul>\n<p data-start=\"467\" data-end=\"486\"><strong data-start=\"467\" data-end=\"484\">Produktinformation<\/strong><\/p>\n<ul data-start=\"487\" data-end=\"569\">\n<li data-start=\"487\" data-end=\"502\">\n<p data-start=\"489\" data-end=\"502\">Vikt: 250 g<\/p>\n<\/li>\n<li data-start=\"503\" data-end=\"529\">\n<p data-start=\"505\" data-end=\"529\">Typ: R\u00e5tt kakaopulver<\/p>\n<\/li>\n<li data-start=\"530\" data-end=\"569\">\n<p data-start=\"532\" data-end=\"569\">Anv\u00e4ndning: Till matlagning, desserter och drycker<\/p>\n<\/li>\n<\/ul>\n<p data-start=\"571\" data-end=\"693\" data-is-last-node=\"\" data-is-only-node=\"\"><strong data-start=\"571\" data-end=\"582\">F\u00f6rvaring<\/strong><br data-start=\"582\" data-end=\"585\" \/>F\u00f6rvara p\u00e5 en sval, torr plats i en t\u00e4tt f\u00f6rsluten beh\u00e5llare, skyddad fr\u00e5n fukt och starka lukter f\u00f6r att bevara smak och kvalitet.<\/p>","protected":false},"excerpt":{"rendered":"<p>H\u00f6gkvalitativ ren kakao med en mjuk konsistens och rik f\u00e4rg, perfekt f\u00f6r att laga l\u00e4ckra hemlagade recept. Den har en koncentrerad smak som ger desserter och drycker en djup touch av \u00e4kta chokladsmak, vilket g\u00f6r den till det perfekta valet f\u00f6r dig som \u00e4lskar naturliga smaker i bakverk och varma och kalla drycker.<\/p>","protected":false},"featured_media":57726,"template":"","meta":[],"product_brand":[],"product_cat":[349,327],"product_tag":[],"class_list":{"0":"post-57725","1":"product","2":"type-product","3":"status-publish","4":"has-post-thumbnail","6":"product_cat-349","7":"product_cat-327","9":"first","10":"instock","11":"taxable","12":"shipping-taxable","13":"purchasable","14":"product-type-simple"},"_links":{"self":[{"href":"https:\/\/senabel.com\/sv\/wp-json\/wp\/v2\/product\/57725","targetHints":{"allow":["GET"]}}],"collection":[{"href":"https:\/\/senabel.com\/sv\/wp-json\/wp\/v2\/product"}],"about":[{"href":"https:\/\/senabel.com\/sv\/wp-json\/wp\/v2\/types\/product"}],"version-history":[{"count":1,"href":"https:\/\/senabel.com\/sv\/wp-json\/wp\/v2\/product\/57725\/revisions"}],"predecessor-version":[{"id":57729,"href":"https:\/\/senabel.com\/sv\/wp-json\/wp\/v2\/product\/57725\/revisions\/57729"}],"wp:featuredmedia":[{"embeddable":true,"href":"https:\/\/senabel.com\/sv\/wp-json\/wp\/v2\/media\/57726"}],"wp:attachment":[{"href":"https:\/\/senabel.com\/sv\/wp-json\/wp\/v2\/media?parent=57725"}],"wp:term":[{"taxonomy":"product_brand","embeddable":true,"href":"https:\/\/senabel.com\/sv\/wp-json\/wp\/v2\/product_brand?post=57725"},{"taxonomy":"product_cat","embeddable":true,"href":"https:\/\/senabel.com\/sv\/wp-json\/wp\/v2\/product_cat?post=57725"},{"taxonomy":"product_tag","embeddable":true,"href":"https:\/\/senabel.com\/sv\/wp-json\/wp\/v2\/product_tag?post=57725"}],"curies":[{"name":"wp","href":"https:\/\/api.w.org\/{rel}","templated":true}]}}