{"id":57609,"date":"2025-11-17T15:20:40","date_gmt":"2025-11-17T15:20:40","guid":{"rendered":"https:\/\/senabel.com\/?post_type=product&#038;p=57609"},"modified":"2026-04-22T13:43:01","modified_gmt":"2026-04-22T13:43:01","slug":"torkade-grekiska-fikon-500-g","status":"publish","type":"product","link":"https:\/\/senabel.com\/sv\/product\/dried-greek-figs-500g\/","title":{"rendered":"Torkade grekiska fikon - 500g"},"content":{"rendered":"<p data-start=\"28\" data-end=\"227\">Premium Greek Figs \u00e4r stora b\u00e4r med en rik naturlig smak och en mjuk och uts\u00f6kt konsistens. De \u00e4r noggrant utvalda och f\u00f6rpackade p\u00e5 ett s\u00e4tt som bevarar deras f\u00e4rskhet och kvalitet, och \u00e4r ett perfekt val f\u00f6r h\u00e4lsosamma snacks eller som tillsats i recept.<\/p>\n<p data-start=\"229\" data-end=\"243\"><strong data-start=\"229\" data-end=\"241\">Funktioner<\/strong><\/p>\n<ul data-start=\"244\" data-end=\"411\">\n<li data-start=\"244\" data-end=\"273\">\n<p data-start=\"246\" data-end=\"273\">Grekiska fikon, stora och mjuka<\/p>\n<\/li>\n<li data-start=\"274\" data-end=\"306\">\n<p data-start=\"276\" data-end=\"306\">Rik, naturlig smak utan tillsatser<\/p>\n<\/li>\n<li data-start=\"307\" data-end=\"358\">\n<p data-start=\"309\" data-end=\"358\">L\u00e4mplig som ett h\u00e4lsosamt mellanm\u00e5l eller i desserter<\/p>\n<\/li>\n<li data-start=\"359\" data-end=\"411\">\n<p data-start=\"361\" data-end=\"411\">Ett utm\u00e4rkt val f\u00f6r dem som \u00e4lskar torkad frukt av h\u00f6g kvalitet<\/p>\n<\/li>\n<\/ul>\n<p data-start=\"413\" data-end=\"432\"><strong data-start=\"413\" data-end=\"430\">Produktinformation<\/strong><\/p>\n<ul data-start=\"433\" data-end=\"505\">\n<li data-start=\"433\" data-end=\"452\">\n<p data-start=\"435\" data-end=\"452\">Vikt: <strong data-start=\"442\" data-end=\"450\">500g<\/strong><\/p>\n<\/li>\n<li data-start=\"477\" data-end=\"505\">\n<p data-start=\"479\" data-end=\"505\">Typ: <strong data-start=\"486\" data-end=\"503\">Lyxiga torkade fikon<\/strong><\/p>\n<\/li>\n<\/ul>\n<p data-start=\"507\" data-end=\"601\" data-is-last-node=\"\" data-is-only-node=\"\"><strong data-start=\"507\" data-end=\"518\">F\u00f6rvaring<\/strong><br data-start=\"518\" data-end=\"521\" \/>F\u00f6rvaras svalt och torrt, helst f\u00f6rseglade efter \u00f6ppnandet f\u00f6r att bevara f\u00e4rskhet och smak.<\/p>","protected":false},"excerpt":{"rendered":"<p>Premium Greek Figs \u00e4r stora b\u00e4r med en rik naturlig smak och en mjuk och uts\u00f6kt konsistens. De \u00e4r noggrant utvalda och f\u00f6rpackade p\u00e5 ett s\u00e4tt som bevarar deras f\u00e4rskhet och kvalitet, och \u00e4r ett perfekt val f\u00f6r h\u00e4lsosamma snacks eller som tillsats i recept.<\/p>","protected":false},"featured_media":57610,"template":"","meta":[],"product_brand":[],"product_cat":[367,347],"product_tag":[],"class_list":{"0":"post-57609","1":"product","2":"type-product","3":"status-publish","4":"has-post-thumbnail","6":"product_cat-367","7":"product_cat-347","9":"first","10":"instock","11":"taxable","12":"shipping-taxable","13":"purchasable","14":"product-type-simple"},"_links":{"self":[{"href":"https:\/\/senabel.com\/sv\/wp-json\/wp\/v2\/product\/57609","targetHints":{"allow":["GET"]}}],"collection":[{"href":"https:\/\/senabel.com\/sv\/wp-json\/wp\/v2\/product"}],"about":[{"href":"https:\/\/senabel.com\/sv\/wp-json\/wp\/v2\/types\/product"}],"version-history":[{"count":4,"href":"https:\/\/senabel.com\/sv\/wp-json\/wp\/v2\/product\/57609\/revisions"}],"predecessor-version":[{"id":63891,"href":"https:\/\/senabel.com\/sv\/wp-json\/wp\/v2\/product\/57609\/revisions\/63891"}],"wp:featuredmedia":[{"embeddable":true,"href":"https:\/\/senabel.com\/sv\/wp-json\/wp\/v2\/media\/57610"}],"wp:attachment":[{"href":"https:\/\/senabel.com\/sv\/wp-json\/wp\/v2\/media?parent=57609"}],"wp:term":[{"taxonomy":"product_brand","embeddable":true,"href":"https:\/\/senabel.com\/sv\/wp-json\/wp\/v2\/product_brand?post=57609"},{"taxonomy":"product_cat","embeddable":true,"href":"https:\/\/senabel.com\/sv\/wp-json\/wp\/v2\/product_cat?post=57609"},{"taxonomy":"product_tag","embeddable":true,"href":"https:\/\/senabel.com\/sv\/wp-json\/wp\/v2\/product_tag?post=57609"}],"curies":[{"name":"wp","href":"https:\/\/api.w.org\/{rel}","templated":true}]}}