{"id":57603,"date":"2025-11-17T15:18:41","date_gmt":"2025-11-17T15:18:41","guid":{"rendered":"https:\/\/senabel.com\/?post_type=product&#038;p=57603"},"modified":"2026-04-24T14:02:01","modified_gmt":"2026-04-24T14:02:01","slug":"chokladask-for-pojkar-for-speciella-tillfallen-50-stycken","status":"publish","type":"product","link":"https:\/\/senabel.com\/sv\/product\/boys-chocolate-box-for-special-occasions-50-pieces\/","title":{"rendered":"Pojkar Chokladask - F\u00f6r tillf\u00e4llen - 50 stycken"},"content":{"rendered":"<p data-start=\"33\" data-end=\"270\">En distinkt och personlig manlig babyshowerbox med en elegant bl\u00e5 f\u00e4rgskala och babybilder som ger den ett attraktivt och sofistikerat utseende. Den inneh\u00e5ller 50 omsorgsfullt f\u00f6rpackade chokladpraliner, redo att serveras hemma eller p\u00e5 sjukhuset, perfekta som g\u00e5vor p\u00e5 babyshower.<\/p>\n<p data-start=\"272\" data-end=\"286\"><strong data-start=\"272\" data-end=\"284\">Funktioner<\/strong><\/p>\n<ul data-start=\"287\" data-end=\"474\">\n<li data-start=\"287\" data-end=\"331\">\n<p data-start=\"289\" data-end=\"331\">Specialdesignad f\u00f6r pojkar i bl\u00e5 f\u00e4rg<\/p>\n<\/li>\n<li data-start=\"332\" data-end=\"376\">\n<p data-start=\"334\" data-end=\"376\">50 chokladkakor f\u00f6rpackade med s\u00f6ta barnteckningar<\/p>\n<\/li>\n<li data-start=\"377\" data-end=\"426\">\n<p data-start=\"379\" data-end=\"426\">Snyggt utformad med ett lyxigt bl\u00e5tt band redo f\u00f6r g\u00e5va<\/p>\n<\/li>\n<li data-start=\"427\" data-end=\"474\">\n<p data-start=\"429\" data-end=\"474\">L\u00e4mplig som present vid g\u00e4stfrihet och baby shower<\/p>\n<\/li>\n<\/ul>\n<p data-start=\"476\" data-end=\"495\"><strong data-start=\"476\" data-end=\"493\">Produktinformation<\/strong><\/p>\n<ul data-start=\"496\" data-end=\"631\">\n<li data-start=\"496\" data-end=\"514\">\n<p data-start=\"498\" data-end=\"514\">Antalet: 50 stycken<\/p>\n<\/li>\n<li data-start=\"515\" data-end=\"545\">\n<p data-start=\"517\" data-end=\"545\">Typ: Assorterade inslagna praliner<\/p>\n<\/li>\n<li data-start=\"546\" data-end=\"572\">\n<p data-start=\"548\" data-end=\"572\">F\u00e4rgen: Bl\u00e5 - Baby Boy<\/p>\n<\/li>\n<li data-start=\"573\" data-end=\"631\">\n<p data-start=\"575\" data-end=\"631\">Anv\u00e4ndning: Baby shower, g\u00e5vor, g\u00e4stfrihet<\/p>\n<\/li>\n<\/ul>\n<p data-start=\"633\" data-end=\"725\" data-is-last-node=\"\" data-is-only-node=\"\"><strong data-start=\"633\" data-end=\"644\">F\u00f6rvaring<\/strong><br data-start=\"644\" data-end=\"647\" \/>F\u00f6rvara p\u00e5 en sval, torr plats utan direkt solljus f\u00f6r att bevara chokladens kvalitet.<\/p>","protected":false},"excerpt":{"rendered":"<p>En distinkt och personlig manlig babyshowerbox med en elegant bl\u00e5 f\u00e4rgskala och babybilder som ger den ett attraktivt och sofistikerat utseende. Den inneh\u00e5ller 50 omsorgsfullt f\u00f6rpackade chokladpraliner, redo att serveras hemma eller p\u00e5 sjukhuset, perfekta som g\u00e5vor p\u00e5 babyshower.<\/p>","protected":false},"featured_media":57604,"template":"","meta":[],"product_brand":[],"product_cat":[297],"product_tag":[],"class_list":{"0":"post-57603","1":"product","2":"type-product","3":"status-publish","4":"has-post-thumbnail","6":"product_cat-297","8":"first","9":"instock","10":"taxable","11":"shipping-taxable","12":"purchasable","13":"product-type-simple"},"_links":{"self":[{"href":"https:\/\/senabel.com\/sv\/wp-json\/wp\/v2\/product\/57603","targetHints":{"allow":["GET"]}}],"collection":[{"href":"https:\/\/senabel.com\/sv\/wp-json\/wp\/v2\/product"}],"about":[{"href":"https:\/\/senabel.com\/sv\/wp-json\/wp\/v2\/types\/product"}],"version-history":[{"count":1,"href":"https:\/\/senabel.com\/sv\/wp-json\/wp\/v2\/product\/57603\/revisions"}],"predecessor-version":[{"id":57608,"href":"https:\/\/senabel.com\/sv\/wp-json\/wp\/v2\/product\/57603\/revisions\/57608"}],"wp:featuredmedia":[{"embeddable":true,"href":"https:\/\/senabel.com\/sv\/wp-json\/wp\/v2\/media\/57604"}],"wp:attachment":[{"href":"https:\/\/senabel.com\/sv\/wp-json\/wp\/v2\/media?parent=57603"}],"wp:term":[{"taxonomy":"product_brand","embeddable":true,"href":"https:\/\/senabel.com\/sv\/wp-json\/wp\/v2\/product_brand?post=57603"},{"taxonomy":"product_cat","embeddable":true,"href":"https:\/\/senabel.com\/sv\/wp-json\/wp\/v2\/product_cat?post=57603"},{"taxonomy":"product_tag","embeddable":true,"href":"https:\/\/senabel.com\/sv\/wp-json\/wp\/v2\/product_tag?post=57603"}],"curies":[{"name":"wp","href":"https:\/\/api.w.org\/{rel}","templated":true}]}}