{"id":57595,"date":"2025-11-17T15:16:27","date_gmt":"2025-11-17T15:16:27","guid":{"rendered":"https:\/\/senabel.com\/?post_type=product&#038;p=57595"},"modified":"2026-04-24T14:02:01","modified_gmt":"2026-04-24T14:02:01","slug":"chokladask-for-flickor-for-speciella-tillfallen-50-stycken","status":"publish","type":"product","link":"https:\/\/senabel.com\/sv\/product\/girls-chocolate-box-for-special-occasions-50-pieces\/","title":{"rendered":"Chokladask f\u00f6r flickor - Tillf\u00e4llen - 50 stycken"},"content":{"rendered":"<p data-start=\"32\" data-end=\"273\">En vacker, personlig babyshowerbox f\u00f6r en liten flicka, med en mjuk rosa design och s\u00f6ta babybilder som ger boxen en varm, festlig k\u00e4nsla. Den inneh\u00e5ller 50 praliner som \u00e4r prydligt inslagna och redo att serveras, vilket g\u00f6r den till det perfekta valet f\u00f6r babyshowerfavoriter eller presenter.<\/p>\n<p data-start=\"275\" data-end=\"289\"><strong data-start=\"275\" data-end=\"287\">Funktioner<\/strong><\/p>\n<ul data-start=\"290\" data-end=\"506\">\n<li data-start=\"290\" data-end=\"335\">\n<p data-start=\"292\" data-end=\"335\">Design f\u00f6r nyf\u00f6dda flickor i en attraktiv rosa f\u00e4rg<\/p>\n<\/li>\n<li data-start=\"336\" data-end=\"390\">\n<p data-start=\"338\" data-end=\"390\">Inneh\u00e5ller 50 praliner inslagna i s\u00f6ta barnteckningar<\/p>\n<\/li>\n<li data-start=\"391\" data-end=\"440\">\n<p data-start=\"393\" data-end=\"440\">Snyggt utformad med ett lyxigt rosa band redo att anv\u00e4ndas<\/p>\n<\/li>\n<li data-start=\"441\" data-end=\"506\">\n<p data-start=\"443\" data-end=\"506\">Perfekt f\u00f6r babyshower eller sjukhusg\u00e5vor<\/p>\n<\/li>\n<\/ul>\n<p data-start=\"508\" data-end=\"527\"><strong data-start=\"508\" data-end=\"525\">Produktinformation<\/strong><\/p>\n<ul data-start=\"528\" data-end=\"651\">\n<li data-start=\"528\" data-end=\"546\">\n<p data-start=\"530\" data-end=\"546\">Antalet: 50 stycken<\/p>\n<\/li>\n<li data-start=\"547\" data-end=\"577\">\n<p data-start=\"549\" data-end=\"577\">Typ: Assorterade inslagna praliner<\/p>\n<\/li>\n<li data-start=\"578\" data-end=\"605\">\n<p data-start=\"580\" data-end=\"605\">F\u00e4rgen: Rosa - Babyflicka<\/p>\n<\/li>\n<li data-start=\"606\" data-end=\"651\">\n<p data-start=\"608\" data-end=\"651\">Anv\u00e4ndning: F\u00f6delsedagar, bes\u00f6k, g\u00e5vor<\/p>\n<\/li>\n<\/ul>\n<p data-start=\"653\" data-end=\"742\" data-is-last-node=\"\" data-is-only-node=\"\"><strong data-start=\"653\" data-end=\"664\">F\u00f6rvaring<\/strong><br data-start=\"664\" data-end=\"667\" \/>F\u00f6rvara p\u00e5 en sval, torr plats utan direkt v\u00e4rme f\u00f6r att bevara chokladens kvalitet.<\/p>","protected":false},"excerpt":{"rendered":"<p>En vacker, personlig babyshowerbox f\u00f6r en liten flicka, med en mjuk rosa design och s\u00f6ta babybilder som ger boxen en varm, festlig k\u00e4nsla. Den inneh\u00e5ller 50 praliner som \u00e4r prydligt inslagna och redo att serveras, vilket g\u00f6r den till det perfekta valet f\u00f6r babyshowerfavoriter eller presenter.<\/p>","protected":false},"featured_media":57596,"template":"","meta":[],"product_brand":[],"product_cat":[297],"product_tag":[],"class_list":{"0":"post-57595","1":"product","2":"type-product","3":"status-publish","4":"has-post-thumbnail","6":"product_cat-297","8":"first","9":"instock","10":"taxable","11":"shipping-taxable","12":"purchasable","13":"product-type-simple"},"_links":{"self":[{"href":"https:\/\/senabel.com\/sv\/wp-json\/wp\/v2\/product\/57595","targetHints":{"allow":["GET"]}}],"collection":[{"href":"https:\/\/senabel.com\/sv\/wp-json\/wp\/v2\/product"}],"about":[{"href":"https:\/\/senabel.com\/sv\/wp-json\/wp\/v2\/types\/product"}],"version-history":[{"count":1,"href":"https:\/\/senabel.com\/sv\/wp-json\/wp\/v2\/product\/57595\/revisions"}],"predecessor-version":[{"id":57601,"href":"https:\/\/senabel.com\/sv\/wp-json\/wp\/v2\/product\/57595\/revisions\/57601"}],"wp:featuredmedia":[{"embeddable":true,"href":"https:\/\/senabel.com\/sv\/wp-json\/wp\/v2\/media\/57596"}],"wp:attachment":[{"href":"https:\/\/senabel.com\/sv\/wp-json\/wp\/v2\/media?parent=57595"}],"wp:term":[{"taxonomy":"product_brand","embeddable":true,"href":"https:\/\/senabel.com\/sv\/wp-json\/wp\/v2\/product_brand?post=57595"},{"taxonomy":"product_cat","embeddable":true,"href":"https:\/\/senabel.com\/sv\/wp-json\/wp\/v2\/product_cat?post=57595"},{"taxonomy":"product_tag","embeddable":true,"href":"https:\/\/senabel.com\/sv\/wp-json\/wp\/v2\/product_tag?post=57595"}],"curies":[{"name":"wp","href":"https:\/\/api.w.org\/{rel}","templated":true}]}}