{"id":57577,"date":"2025-11-17T15:10:45","date_gmt":"2025-11-17T15:10:45","guid":{"rendered":"https:\/\/senabel.com\/?post_type=product&#038;p=57577"},"modified":"2026-05-05T17:45:46","modified_gmt":"2026-05-05T17:45:46","slug":"blandad-chokladask-guld-och-svart-108-bitar","status":"publish","type":"product","link":"https:\/\/senabel.com\/sv\/product\/assorted-chocolate-box-gold-and-black-108-pieces\/","title":{"rendered":"Blandad chokladask - guld och svart - 108 bitar"},"content":{"rendered":"<p data-start=\"46\" data-end=\"268\">Denna eleganta ask i svart och guld inneh\u00e5ller ett urval av de finaste pralinerna, lyxigt f\u00f6rpackade, vilket g\u00f6r den till den perfekta presenten f\u00f6r speciella tillf\u00e4llen, h\u00f6gtider och bes\u00f6k. Ett sofistikerat utseende, ett harmoniskt arrangemang och en smak som kommer att tillfredsst\u00e4lla alla gommar.<\/p>\n<p data-start=\"270\" data-end=\"284\"><strong data-start=\"270\" data-end=\"282\">Funktioner<\/strong><\/p>\n<ul data-start=\"285\" data-end=\"504\">\n<li data-start=\"285\" data-end=\"323\">\n<p data-start=\"287\" data-end=\"323\">Lyxig f\u00e4rgskala i guld och svart<\/p>\n<\/li>\n<li data-start=\"324\" data-end=\"365\">\n<p data-start=\"326\" data-end=\"365\">Inneh\u00e5ller 108 sorterade praliner<\/p>\n<\/li>\n<li data-start=\"366\" data-end=\"417\">\n<p data-start=\"368\" data-end=\"417\">Noggrant utvalda praliner f\u00f6r att s\u00e4kerst\u00e4lla kvalitet och smak<\/p>\n<\/li>\n<li data-start=\"418\" data-end=\"466\">\n<p data-start=\"420\" data-end=\"466\">Passar som en f\u00e4rdig present f\u00f6r alla tillf\u00e4llen<\/p>\n<\/li>\n<li data-start=\"467\" data-end=\"504\">\n<p data-start=\"469\" data-end=\"504\">Omslagen med ett elegant band f\u00f6r en sofistikerad touch<\/p>\n<\/li>\n<\/ul>\n<p data-start=\"506\" data-end=\"525\"><strong data-start=\"506\" data-end=\"523\">Produktinformation<\/strong><\/p>\n<ul data-start=\"526\" data-end=\"674\">\n<li data-start=\"526\" data-end=\"545\">\n<p data-start=\"528\" data-end=\"545\">Antalet: 108 stycken<\/p>\n<\/li>\n<li data-start=\"546\" data-end=\"593\">\n<p data-start=\"548\" data-end=\"593\">Typ: Assorterade chokladbitar (fyllda - sl\u00e4ta - f\u00f6rpackade)<\/p>\n<\/li>\n<li data-start=\"594\" data-end=\"637\">\n<p data-start=\"596\" data-end=\"637\">F\u00f6rpackning: Deluxe-box med svart guldband<\/p>\n<\/li>\n<li data-start=\"638\" data-end=\"674\">\n<p data-start=\"640\" data-end=\"674\">L\u00e4mplig f\u00f6r: G\u00e5vor och speciella tillf\u00e4llen<\/p>\n<\/li>\n<\/ul>\n<p data-start=\"676\" data-end=\"773\" data-is-last-node=\"\" data-is-only-node=\"\"><strong data-start=\"676\" data-end=\"687\">F\u00f6rvaring<\/strong><br data-start=\"687\" data-end=\"690\" \/>F\u00f6rvara p\u00e5 en sval, torr plats utan direkt v\u00e4rme f\u00f6r att bevara chokladens smak och konsistens.<\/p>","protected":false},"excerpt":{"rendered":"<p>Denna eleganta ask i svart och guld inneh\u00e5ller ett urval av de finaste pralinerna, lyxigt f\u00f6rpackade, vilket g\u00f6r den till den perfekta presenten f\u00f6r speciella tillf\u00e4llen, h\u00f6gtider och bes\u00f6k. Ett sofistikerat utseende, ett harmoniskt arrangemang och en smak som kommer att tillfredsst\u00e4lla alla gommar.<\/p>","protected":false},"featured_media":57578,"template":"","meta":[],"product_brand":[],"product_cat":[297,456],"product_tag":[],"class_list":{"0":"post-57577","1":"product","2":"type-product","3":"status-publish","4":"has-post-thumbnail","6":"product_cat-297","7":"product_cat-456","9":"first","10":"outofstock","11":"taxable","12":"shipping-taxable","13":"purchasable","14":"product-type-simple"},"_links":{"self":[{"href":"https:\/\/senabel.com\/sv\/wp-json\/wp\/v2\/product\/57577","targetHints":{"allow":["GET"]}}],"collection":[{"href":"https:\/\/senabel.com\/sv\/wp-json\/wp\/v2\/product"}],"about":[{"href":"https:\/\/senabel.com\/sv\/wp-json\/wp\/v2\/types\/product"}],"version-history":[{"count":1,"href":"https:\/\/senabel.com\/sv\/wp-json\/wp\/v2\/product\/57577\/revisions"}],"predecessor-version":[{"id":57583,"href":"https:\/\/senabel.com\/sv\/wp-json\/wp\/v2\/product\/57577\/revisions\/57583"}],"wp:featuredmedia":[{"embeddable":true,"href":"https:\/\/senabel.com\/sv\/wp-json\/wp\/v2\/media\/57578"}],"wp:attachment":[{"href":"https:\/\/senabel.com\/sv\/wp-json\/wp\/v2\/media?parent=57577"}],"wp:term":[{"taxonomy":"product_brand","embeddable":true,"href":"https:\/\/senabel.com\/sv\/wp-json\/wp\/v2\/product_brand?post=57577"},{"taxonomy":"product_cat","embeddable":true,"href":"https:\/\/senabel.com\/sv\/wp-json\/wp\/v2\/product_cat?post=57577"},{"taxonomy":"product_tag","embeddable":true,"href":"https:\/\/senabel.com\/sv\/wp-json\/wp\/v2\/product_tag?post=57577"}],"curies":[{"name":"wp","href":"https:\/\/api.w.org\/{rel}","templated":true}]}}