{"id":57479,"date":"2025-11-13T09:48:34","date_gmt":"2025-11-13T09:48:34","guid":{"rendered":"https:\/\/senabel.com\/?post_type=product&#038;p=57479"},"modified":"2026-04-21T16:00:00","modified_gmt":"2026-04-21T16:00:00","slug":"akta-irakisk-tahini-med-valnotter-500-g","status":"publish","type":"product","link":"https:\/\/senabel.com\/sv\/product\/%d8%af%d9%87%d9%8a%d9%86%d8%a9-%d8%b9%d8%b1%d8%a7%d9%82%d9%8a%d8%a9-%d8%a3%d8%b5%d9%84%d9%8a%d8%a9-%d9%85%d8%b9-%d8%a7%d9%84%d8%ac%d9%88%d8%b2-500%d8%ba\/","title":{"rendered":"Original irakisk Dahina med valn\u00f6tter - 500g"},"content":{"rendered":"<p data-start=\"26\" data-end=\"244\">Njut av den autentiska smaken av arv med <strong data-start=\"56\" data-end=\"76\">Al Duhaynah Al Iraqi fr\u00e5n Alaws Al Iraqi<\/strong>En traditionell dessert som uttrycker doften av det irakiska k\u00f6ket och v\u00e4rmen fr\u00e5n den orientaliska g\u00e4stfriheten. Med sin rika smak och lyxiga ingredienser kombinerar den en s\u00f6t smak med naturlig melass och en mjuk, seg konsistens.<\/p>\n<p data-start=\"246\" data-end=\"260\"><strong data-start=\"246\" data-end=\"258\">Funktioner<\/strong><\/p>\n<ul data-start=\"261\" data-end=\"438\">\n<li data-start=\"261\" data-end=\"302\">\n<p data-start=\"263\" data-end=\"302\">En popul\u00e4r traditionell efterr\u00e4tt fr\u00e5n det irakiska k\u00f6ket<\/p>\n<\/li>\n<li data-start=\"303\" data-end=\"349\">\n<p data-start=\"305\" data-end=\"349\">Tillverkad med naturlig dadelmelass, mj\u00f6l och arabisk ghee<\/p>\n<\/li>\n<li data-start=\"350\" data-end=\"397\">\n<p data-start=\"352\" data-end=\"397\">En distinkt smak som kombinerar m\u00f6rhet och rik s\u00f6tma<\/p>\n<\/li>\n<li data-start=\"398\" data-end=\"438\">\n<p data-start=\"400\" data-end=\"438\">Idealisk f\u00f6r servering vid evenemang och representation<\/p>\n<\/li>\n<\/ul>\n<p data-start=\"440\" data-end=\"459\"><strong data-start=\"440\" data-end=\"457\">Produktinformation<\/strong><\/p>\n<ul data-start=\"460\" data-end=\"588\">\n<li data-start=\"484\" data-end=\"510\">\n<p data-start=\"486\" data-end=\"510\">Nettovikt: 500g<\/p>\n<\/li>\n<li data-start=\"534\" data-end=\"588\">\n<p data-start=\"536\" data-end=\"588\">Ingredienser: Mj\u00f6l, dadelmelass, socker, ghee, mj\u00f6lk, kokosn\u00f6t<\/p>\n<\/li>\n<\/ul>\n<p data-start=\"590\" data-end=\"612\"><strong data-start=\"590\" data-end=\"610\">F\u00f6rvaring och sk\u00f6tsel<\/strong><\/p>\n<ul data-start=\"613\" data-end=\"714\" data-is-last-node=\"\" data-is-only-node=\"\">\n<li data-start=\"613\" data-end=\"661\">\n<p data-start=\"615\" data-end=\"661\">F\u00f6rvaras svalt, torrt och skyddat fr\u00e5n solljus<\/p>\n<\/li>\n<li data-start=\"662\" data-end=\"714\" data-is-last-node=\"\">\n<p data-start=\"664\" data-end=\"714\" data-is-last-node=\"\">Konsumera inom h\u00e5llbarhetstiden f\u00f6r att bevara den ursprungliga smaken<\/p>\n<\/li>\n<\/ul>","protected":false},"excerpt":{"rendered":"<p>Njut av den autentiska smaken av arv med <strong data-start=\"56\" data-end=\"76\">Al Duhaynah Al Iraqi fr\u00e5n Alaws Al Iraqi<\/strong>En traditionell dessert som uttrycker doften av det irakiska k\u00f6ket och v\u00e4rmen fr\u00e5n den orientaliska g\u00e4stfriheten. Med sin rika smak och lyxiga ingredienser kombinerar den en s\u00f6t smak med naturlig melass och en mjuk, seg konsistens.<\/p>","protected":false},"featured_media":56712,"template":"","meta":[],"product_brand":[],"product_cat":[221],"product_tag":[],"class_list":{"0":"post-57479","1":"product","2":"type-product","3":"status-publish","4":"has-post-thumbnail","6":"product_cat-221","8":"first","9":"instock","10":"taxable","11":"shipping-taxable","12":"purchasable","13":"product-type-simple"},"_links":{"self":[{"href":"https:\/\/senabel.com\/sv\/wp-json\/wp\/v2\/product\/57479","targetHints":{"allow":["GET"]}}],"collection":[{"href":"https:\/\/senabel.com\/sv\/wp-json\/wp\/v2\/product"}],"about":[{"href":"https:\/\/senabel.com\/sv\/wp-json\/wp\/v2\/types\/product"}],"version-history":[{"count":3,"href":"https:\/\/senabel.com\/sv\/wp-json\/wp\/v2\/product\/57479\/revisions"}],"predecessor-version":[{"id":60607,"href":"https:\/\/senabel.com\/sv\/wp-json\/wp\/v2\/product\/57479\/revisions\/60607"}],"wp:featuredmedia":[{"embeddable":true,"href":"https:\/\/senabel.com\/sv\/wp-json\/wp\/v2\/media\/56712"}],"wp:attachment":[{"href":"https:\/\/senabel.com\/sv\/wp-json\/wp\/v2\/media?parent=57479"}],"wp:term":[{"taxonomy":"product_brand","embeddable":true,"href":"https:\/\/senabel.com\/sv\/wp-json\/wp\/v2\/product_brand?post=57479"},{"taxonomy":"product_cat","embeddable":true,"href":"https:\/\/senabel.com\/sv\/wp-json\/wp\/v2\/product_cat?post=57479"},{"taxonomy":"product_tag","embeddable":true,"href":"https:\/\/senabel.com\/sv\/wp-json\/wp\/v2\/product_tag?post=57479"}],"curies":[{"name":"wp","href":"https:\/\/api.w.org\/{rel}","templated":true}]}}