{"id":57438,"date":"2025-11-12T14:04:10","date_gmt":"2025-11-12T14:04:10","guid":{"rendered":"https:\/\/senabel.com\/?post_type=product&#038;p=57438"},"modified":"2026-03-15T01:53:48","modified_gmt":"2026-03-15T01:53:48","slug":"chokladgodis-for-flickor-500-gram","status":"publish","type":"product","link":"https:\/\/senabel.com\/sv\/product\/baby-girls-treat-chocolates-500-grams\/","title":{"rendered":"Diyafa Baby Girls Choklad - 500g"},"content":{"rendered":"<p>En speciell touch f\u00f6r att v\u00e4lkomna ett nyf\u00f6tt barn \ud83d\udc97<br \/>\nL\u00e4ckra chokladbitar i ett vackert rosa omslag med orden Baby Girl och en bild p\u00e5 en liten flicka som ger gl\u00e4dje och \u00f6mhet till din g\u00e4stfrihet. Perfekta f\u00f6r fav\u00f6rer, g\u00e4stfrihetsbrickor och familjeevenemang.<\/p>\n<p>Funktioner<\/p>\n<p>Len och uts\u00f6kt chokladsmak<\/p>\n<p>Elegant rosa omslag f\u00f6r en flickas mottagning<\/p>\n<p>Idealisk f\u00f6r g\u00e4stfrihet, bes\u00f6k, uppst\u00e4llning av kaffebrickor<\/p>\n<p>Att v\u00e4lja r\u00e4tt vid f\u00f6dslar och v\u00e4lsignelser<\/p>\n<p>Produktinformation<\/p>\n<p>Nettovikt: 500g<\/p>\n<p>Varorna \u00e4r individuellt f\u00f6rpackade<\/p>\n<p>F\u00e4rgen: Rosa x Vit<\/p>\n<p>L\u00e4mplig f\u00f6r omedelbar servering utan n\u00e5gon f\u00f6rberedelse<\/p>\n<p>F\u00f6rvaring<\/p>\n<p>F\u00f6rvaras p\u00e5 en sval och torr plats<\/p>\n<p>Skyddas fr\u00e5n solen f\u00f6r att bevara chokladens konsistens<\/p>","protected":false},"excerpt":{"rendered":"<p>En speciell touch f\u00f6r att h\u00e4lsa den nyf\u00f6dda gratulationerna<br \/>\nL\u00e4ckra chokladbitar i ett vackert rosa omslag med orden Baby Girl och en bild p\u00e5 en liten flicka som ger gl\u00e4dje och \u00f6mhet till din g\u00e4stfrihet. Perfekta f\u00f6r fav\u00f6rer, g\u00e4stfrihetsbrickor och familjeevenemang.<\/p>","protected":false},"featured_media":57439,"template":"","meta":[],"product_brand":[],"product_cat":[347,297],"product_tag":[],"class_list":{"0":"post-57438","1":"product","2":"type-product","3":"status-publish","4":"has-post-thumbnail","6":"product_cat-347","7":"product_cat-297","9":"first","10":"instock","11":"taxable","12":"shipping-taxable","13":"purchasable","14":"product-type-simple"},"_links":{"self":[{"href":"https:\/\/senabel.com\/sv\/wp-json\/wp\/v2\/product\/57438","targetHints":{"allow":["GET"]}}],"collection":[{"href":"https:\/\/senabel.com\/sv\/wp-json\/wp\/v2\/product"}],"about":[{"href":"https:\/\/senabel.com\/sv\/wp-json\/wp\/v2\/types\/product"}],"version-history":[{"count":2,"href":"https:\/\/senabel.com\/sv\/wp-json\/wp\/v2\/product\/57438\/revisions"}],"predecessor-version":[{"id":59433,"href":"https:\/\/senabel.com\/sv\/wp-json\/wp\/v2\/product\/57438\/revisions\/59433"}],"wp:featuredmedia":[{"embeddable":true,"href":"https:\/\/senabel.com\/sv\/wp-json\/wp\/v2\/media\/57439"}],"wp:attachment":[{"href":"https:\/\/senabel.com\/sv\/wp-json\/wp\/v2\/media?parent=57438"}],"wp:term":[{"taxonomy":"product_brand","embeddable":true,"href":"https:\/\/senabel.com\/sv\/wp-json\/wp\/v2\/product_brand?post=57438"},{"taxonomy":"product_cat","embeddable":true,"href":"https:\/\/senabel.com\/sv\/wp-json\/wp\/v2\/product_cat?post=57438"},{"taxonomy":"product_tag","embeddable":true,"href":"https:\/\/senabel.com\/sv\/wp-json\/wp\/v2\/product_tag?post=57438"}],"curies":[{"name":"wp","href":"https:\/\/api.w.org\/{rel}","templated":true}]}}