{"id":57432,"date":"2025-11-12T13:58:00","date_gmt":"2025-11-12T13:58:00","guid":{"rendered":"https:\/\/senabel.com\/?post_type=product&#038;p=57432"},"modified":"2025-12-16T18:20:22","modified_gmt":"2025-12-16T18:20:22","slug":"vanlig-choklad-for-gaster-silverforpackning-500-g","status":"publish","type":"product","link":"https:\/\/senabel.com\/sv\/product\/plain-hospitality-chocolates-silver-packaging-500g\/","title":{"rendered":"Chokladdoppade dadlar med silvermandel - 500g"},"content":{"rendered":"<p>En touch av f\u00f6rfinad g\u00e4stfrihet med en \u00e4lskad klassisk smak.<br \/>\nDessa chokladpraliner \u00e4r elegant inslagna i silver med en m\u00f6rk rosett f\u00f6r en distinkt lyx och \u00e4r ett perfekt val f\u00f6r g\u00e4stfrihet vid varje tillf\u00e4lle eller f\u00f6r att ge en touch av glamour till ditt soffbord.<\/p>\n<p>Funktioner<\/p>\n<p>En len och balanserad chokladsmak som passar alla smaker<\/p>\n<p>Lyxig silverf\u00f6rpackning som \u00e5terspeglar g\u00e4stfrihetens elegans<\/p>\n<p>Snyggt och enkelt att servera utan extra f\u00f6rberedelser<\/p>\n<p>L\u00e4mplig f\u00f6r evenemang, bes\u00f6k, firande, f\u00f6delsedagar och br\u00f6llop<\/p>\n<p>Produktinformation<\/p>\n<p>Typ: Plain Hospitality Choklad<\/p>\n<p>Nettovikt: 500g<\/p>\n<p>F\u00f6rpackning: Silverfolie med m\u00f6rk slips<\/p>\n<p>F\u00f6rvaring och sk\u00f6tsel<\/p>\n<p>F\u00f6rvaras p\u00e5 en sval och torr plats<\/p>\n<p>F\u00f6rvaras skyddat fr\u00e5n v\u00e4rme och direkt solljus f\u00f6r att bevara konsistens och smak<\/p>\n<p>Klar att servera \u2728<br \/>\nLyxigt utseende... uts\u00f6kt smak.<\/p>","protected":false},"excerpt":{"rendered":"<p>En touch av f\u00f6rfinad g\u00e4stfrihet med en \u00e4lskad klassisk smak.<br \/>\nDessa chokladpraliner \u00e4r elegant inslagna i silver med en m\u00f6rk rosett f\u00f6r en distinkt lyx och \u00e4r ett perfekt val f\u00f6r g\u00e4stfrihet vid varje tillf\u00e4lle eller f\u00f6r att ge en touch av glamour till ditt soffbord.<\/p>","protected":false},"featured_media":57433,"template":"","meta":[],"product_brand":[],"product_cat":[347,297],"product_tag":[],"class_list":{"0":"post-57432","1":"product","2":"type-product","3":"status-publish","4":"has-post-thumbnail","6":"product_cat-347","7":"product_cat-297","9":"first","10":"outofstock","11":"taxable","12":"shipping-taxable","13":"purchasable","14":"product-type-simple"},"_links":{"self":[{"href":"https:\/\/senabel.com\/sv\/wp-json\/wp\/v2\/product\/57432","targetHints":{"allow":["GET"]}}],"collection":[{"href":"https:\/\/senabel.com\/sv\/wp-json\/wp\/v2\/product"}],"about":[{"href":"https:\/\/senabel.com\/sv\/wp-json\/wp\/v2\/types\/product"}],"version-history":[{"count":3,"href":"https:\/\/senabel.com\/sv\/wp-json\/wp\/v2\/product\/57432\/revisions"}],"predecessor-version":[{"id":57453,"href":"https:\/\/senabel.com\/sv\/wp-json\/wp\/v2\/product\/57432\/revisions\/57453"}],"wp:featuredmedia":[{"embeddable":true,"href":"https:\/\/senabel.com\/sv\/wp-json\/wp\/v2\/media\/57433"}],"wp:attachment":[{"href":"https:\/\/senabel.com\/sv\/wp-json\/wp\/v2\/media?parent=57432"}],"wp:term":[{"taxonomy":"product_brand","embeddable":true,"href":"https:\/\/senabel.com\/sv\/wp-json\/wp\/v2\/product_brand?post=57432"},{"taxonomy":"product_cat","embeddable":true,"href":"https:\/\/senabel.com\/sv\/wp-json\/wp\/v2\/product_cat?post=57432"},{"taxonomy":"product_tag","embeddable":true,"href":"https:\/\/senabel.com\/sv\/wp-json\/wp\/v2\/product_tag?post=57432"}],"curies":[{"name":"wp","href":"https:\/\/api.w.org\/{rel}","templated":true}]}}