{"id":57414,"date":"2025-11-12T13:32:23","date_gmt":"2025-11-12T13:32:23","guid":{"rendered":"https:\/\/senabel.com\/?post_type=product&#038;p=57414"},"modified":"2026-03-09T15:05:01","modified_gmt":"2026-03-09T15:05:01","slug":"hjartformade-chokladpraliner-for-gastfrihet-500-gram","status":"publish","type":"product","link":"https:\/\/senabel.com\/sv\/product\/heart-shaped-chocolates-for-hospitality-500-grams\/","title":{"rendered":"Mercedes Pistachio Obaid Choklad - 500g"},"content":{"rendered":"<p>En delikat touch som ger sk\u00f6nhet och elegans till din g\u00e4stfrihet \ud83d\udc95<br \/>\nHj\u00e4rtformade chokladbitar i lyxig silverfolie, med en len smak som passar perfekt till kaffe och speciella tillf\u00e4llen. Deras attraktiva form g\u00f6r dem till ett utm\u00e4rkt val f\u00f6r vardagligt g\u00e4stfrihet eller f\u00f6r att dekorera brickor f\u00f6r br\u00f6llop och evenemang.<\/p>\n<p>Funktioner<\/p>\n<p>En vacker och sofistikerad hj\u00e4rtform som passar f\u00f6r alla tillf\u00e4llen<\/p>\n<p>Len och balanserad chokladsmak<\/p>\n<p>Elegant silverf\u00f6rpackning som ger lyx \u00e5t g\u00e4stfriheten<\/p>\n<p>Perfekt f\u00f6r arabiskt kaffe och te<\/p>\n<p>Produktinformation<\/p>\n<p>Typ av choklad Choklad f\u00f6r hotell och restaurang<\/p>\n<p>Form: Hj\u00e4rtan<\/p>\n<p>F\u00f6rpackningens f\u00e4rg: Silver<\/p>\n<p>Nettovikt: 500g<\/p>\n<p>Anv\u00e4ndningsomr\u00e5den<\/p>\n<p>G\u00e4stfrihet hemma eller p\u00e5 kontoret<\/p>\n<p>Br\u00f6llops-, f\u00f6delsedags- och bes\u00f6ksbrickor<\/p>\n<p>Bordsdekorationer och g\u00e5vor<\/p>\n<p>F\u00f6rvaring F\u00f6rvara p\u00e5 en sval, torr plats utan direkt v\u00e4rme f\u00f6r att bevara konsistens och smak.<\/p>\n<p>Din g\u00e4stfrihet \u00e4r vackrare ... med en finare smak \u2728\ud83c\udf6b<\/p>","protected":false},"excerpt":{"rendered":"<p>En k\u00e4nslig touch som ger sk\u00f6nhet och elegans till din g\u00e4stfrihet<br \/>\nHj\u00e4rtformade chokladbitar i lyxig silverfolie, med en len smak som passar perfekt till kaffe och speciella tillf\u00e4llen. Deras attraktiva form g\u00f6r dem till ett utm\u00e4rkt val f\u00f6r vardagligt g\u00e4stfrihet eller f\u00f6r att dekorera brickor f\u00f6r br\u00f6llop och evenemang.<\/p>","protected":false},"featured_media":57415,"template":"","meta":[],"product_brand":[],"product_cat":[347,297],"product_tag":[],"class_list":{"0":"post-57414","1":"product","2":"type-product","3":"status-publish","4":"has-post-thumbnail","6":"product_cat-347","7":"product_cat-297","9":"first","10":"outofstock","11":"taxable","12":"shipping-taxable","13":"purchasable","14":"product-type-simple"},"_links":{"self":[{"href":"https:\/\/senabel.com\/sv\/wp-json\/wp\/v2\/product\/57414","targetHints":{"allow":["GET"]}}],"collection":[{"href":"https:\/\/senabel.com\/sv\/wp-json\/wp\/v2\/product"}],"about":[{"href":"https:\/\/senabel.com\/sv\/wp-json\/wp\/v2\/types\/product"}],"version-history":[{"count":2,"href":"https:\/\/senabel.com\/sv\/wp-json\/wp\/v2\/product\/57414\/revisions"}],"predecessor-version":[{"id":57459,"href":"https:\/\/senabel.com\/sv\/wp-json\/wp\/v2\/product\/57414\/revisions\/57459"}],"wp:featuredmedia":[{"embeddable":true,"href":"https:\/\/senabel.com\/sv\/wp-json\/wp\/v2\/media\/57415"}],"wp:attachment":[{"href":"https:\/\/senabel.com\/sv\/wp-json\/wp\/v2\/media?parent=57414"}],"wp:term":[{"taxonomy":"product_brand","embeddable":true,"href":"https:\/\/senabel.com\/sv\/wp-json\/wp\/v2\/product_brand?post=57414"},{"taxonomy":"product_cat","embeddable":true,"href":"https:\/\/senabel.com\/sv\/wp-json\/wp\/v2\/product_cat?post=57414"},{"taxonomy":"product_tag","embeddable":true,"href":"https:\/\/senabel.com\/sv\/wp-json\/wp\/v2\/product_tag?post=57414"}],"curies":[{"name":"wp","href":"https:\/\/api.w.org\/{rel}","templated":true}]}}