{"id":57407,"date":"2025-11-12T14:25:58","date_gmt":"2025-11-12T14:25:58","guid":{"rendered":"https:\/\/senabel.com\/?post_type=product&#038;p=57407"},"modified":"2026-01-02T16:50:23","modified_gmt":"2026-01-02T16:50:23","slug":"pistasch-och-chokladbaklava-fingrar-300-g","status":"publish","type":"product","link":"https:\/\/senabel.com\/sv\/product\/pistachio-and-chocolate-baklava-fingers-300g\/","title":{"rendered":"Baklavastavar med pistage och choklad - 300g"},"content":{"rendered":"<p>En lyxig smak som kombinerar den autentiska pistaschsmaken med en rik chokladfinish<br \/>\nTunna lager av rostad baklavadeg med en lyxig pistagefyllning, \u00f6verdragen med en sl\u00e4t m\u00f6rk chokladglasyr och dekorerad med ett str\u00f6ssel av malda pistagen\u00f6tter f\u00f6r en smak av orientalisk g\u00e4stfrihet.<\/p>\n<p>Funktioner<\/p>\n<p>Tjusig pistagefyllning med krispig, ren smak<\/p>\n<p>Smakbalanserat \u00f6verdrag av m\u00f6rk choklad<\/p>\n<p>Arrangerade bitar redo att serveras<\/p>\n<p>Krispig p\u00e5 utsidan och mjuk p\u00e5 insidan<\/p>\n<p>L\u00e4mplig f\u00f6r vardagligt g\u00e4stfrihet och speciella tillf\u00e4llen<\/p>\n<p>Produktinformation<\/p>\n<p>Typ: Choklad\u00f6verdragna pistaschbaklava-stavar<\/p>\n<p>Nettovikt: 300g<\/p>\n<p>F\u00f6rpackning: En snygg och prydlig l\u00e5da redo att serveras<\/p>\n<p>Anv\u00e4ndningsomr\u00e5den<\/p>\n<p>Servera med arabiskt eller turkiskt kaffe<\/p>\n<p>En enkel g\u00e5va med en lyxig smak<\/p>\n<p>G\u00e4stfrihet vid bes\u00f6k och middagar<\/p>\n<p>F\u00f6rvara p\u00e5 en sval, torr plats utan v\u00e4rme f\u00f6r att h\u00e5lla baklavan krispig och chokladen stabil.<\/p>\n<p>Lyxig g\u00e4stfrihet med en of\u00f6rgl\u00f6mlig orientalisk smak \ud83c\udf6b\ud83d\udc9a<\/p>","protected":false},"excerpt":{"rendered":"<p>En lyxig smak som kombinerar den autentiska pistaschsmaken med en rik chokladfinish<br \/>\nTunna lager av rostad baklavadeg med en lyxig pistagefyllning, \u00f6verdragen med en sl\u00e4t m\u00f6rk chokladglasyr och dekorerad med ett str\u00f6ssel av malda pistagen\u00f6tter f\u00f6r en smak av orientalisk g\u00e4stfrihet.<\/p>","protected":false},"featured_media":57411,"template":"","meta":[],"product_brand":[],"product_cat":[347,233,220],"product_tag":[],"class_list":{"0":"post-57407","1":"product","2":"type-product","3":"status-publish","4":"has-post-thumbnail","6":"product_cat-347","7":"product_cat-233","8":"product_cat-220","10":"first","11":"outofstock","12":"taxable","13":"shipping-taxable","14":"purchasable","15":"product-type-simple"},"_links":{"self":[{"href":"https:\/\/senabel.com\/sv\/wp-json\/wp\/v2\/product\/57407","targetHints":{"allow":["GET"]}}],"collection":[{"href":"https:\/\/senabel.com\/sv\/wp-json\/wp\/v2\/product"}],"about":[{"href":"https:\/\/senabel.com\/sv\/wp-json\/wp\/v2\/types\/product"}],"version-history":[{"count":2,"href":"https:\/\/senabel.com\/sv\/wp-json\/wp\/v2\/product\/57407\/revisions"}],"predecessor-version":[{"id":57471,"href":"https:\/\/senabel.com\/sv\/wp-json\/wp\/v2\/product\/57407\/revisions\/57471"}],"wp:featuredmedia":[{"embeddable":true,"href":"https:\/\/senabel.com\/sv\/wp-json\/wp\/v2\/media\/57411"}],"wp:attachment":[{"href":"https:\/\/senabel.com\/sv\/wp-json\/wp\/v2\/media?parent=57407"}],"wp:term":[{"taxonomy":"product_brand","embeddable":true,"href":"https:\/\/senabel.com\/sv\/wp-json\/wp\/v2\/product_brand?post=57407"},{"taxonomy":"product_cat","embeddable":true,"href":"https:\/\/senabel.com\/sv\/wp-json\/wp\/v2\/product_cat?post=57407"},{"taxonomy":"product_tag","embeddable":true,"href":"https:\/\/senabel.com\/sv\/wp-json\/wp\/v2\/product_tag?post=57407"}],"curies":[{"name":"wp","href":"https:\/\/api.w.org\/{rel}","templated":true}]}}