{"id":57374,"date":"2025-11-12T10:56:44","date_gmt":"2025-11-12T10:56:44","guid":{"rendered":"https:\/\/senabel.com\/?post_type=product&#038;p=57374"},"modified":"2026-04-24T20:43:14","modified_gmt":"2026-04-24T20:43:14","slug":"chokladdrageer-500-g","status":"publish","type":"product","link":"https:\/\/senabel.com\/sv\/product\/chocolate-dragees-500g\/","title":{"rendered":"Dragia Crunchy Choklad - 500g"},"content":{"rendered":"<p>En lyxig fasan \u00f6verdragen med ett glansigt lager mj\u00f6lkchoklad, som kombinerar en fin krispighet p\u00e5 insidan med en rik smak p\u00e5 utsidan. Perfekt att servera till kaffet eller som en enkel present med en elegant smak.<\/p>\n<p>Funktioner<\/p>\n<p>Mjukt och fylligt lager av mj\u00f6lkchoklad<\/p>\n<p>L\u00e4tt krispig konsistens p\u00e5 insidan<\/p>\n<p>Balanserad smak som passar alla smaker<\/p>\n<p>L\u00e4mplig f\u00f6r g\u00e4stfrihet eller som en lyxig dessert<\/p>\n<p>Produktinformation<\/p>\n<p>Nettovikt: 500g<\/p>\n<p>Redo att ans\u00f6ka direkt<\/p>\n<p>F\u00f6rvaring<br \/>\nF\u00f6rvaras svalt, torrt och skyddat fr\u00e5n direkt solljus.<\/p>","protected":false},"excerpt":{"rendered":"<p>En lyxig fasan \u00f6verdragen med ett glansigt lager mj\u00f6lkchoklad, som kombinerar en fin krispighet p\u00e5 insidan med en rik smak p\u00e5 utsidan. Perfekt att servera till kaffet eller som en enkel present med en elegant smak.<\/p>","protected":false},"featured_media":57375,"template":"","meta":[],"product_brand":[],"product_cat":[347,297],"product_tag":[],"class_list":{"0":"post-57374","1":"product","2":"type-product","3":"status-publish","4":"has-post-thumbnail","6":"product_cat-347","7":"product_cat-297","9":"first","10":"instock","11":"taxable","12":"shipping-taxable","13":"purchasable","14":"product-type-simple"},"_links":{"self":[{"href":"https:\/\/senabel.com\/sv\/wp-json\/wp\/v2\/product\/57374","targetHints":{"allow":["GET"]}}],"collection":[{"href":"https:\/\/senabel.com\/sv\/wp-json\/wp\/v2\/product"}],"about":[{"href":"https:\/\/senabel.com\/sv\/wp-json\/wp\/v2\/types\/product"}],"version-history":[{"count":3,"href":"https:\/\/senabel.com\/sv\/wp-json\/wp\/v2\/product\/57374\/revisions"}],"predecessor-version":[{"id":57393,"href":"https:\/\/senabel.com\/sv\/wp-json\/wp\/v2\/product\/57374\/revisions\/57393"}],"wp:featuredmedia":[{"embeddable":true,"href":"https:\/\/senabel.com\/sv\/wp-json\/wp\/v2\/media\/57375"}],"wp:attachment":[{"href":"https:\/\/senabel.com\/sv\/wp-json\/wp\/v2\/media?parent=57374"}],"wp:term":[{"taxonomy":"product_brand","embeddable":true,"href":"https:\/\/senabel.com\/sv\/wp-json\/wp\/v2\/product_brand?post=57374"},{"taxonomy":"product_cat","embeddable":true,"href":"https:\/\/senabel.com\/sv\/wp-json\/wp\/v2\/product_cat?post=57374"},{"taxonomy":"product_tag","embeddable":true,"href":"https:\/\/senabel.com\/sv\/wp-json\/wp\/v2\/product_tag?post=57374"}],"curies":[{"name":"wp","href":"https:\/\/api.w.org\/{rel}","templated":true}]}}