{"id":57371,"date":"2025-11-12T10:57:51","date_gmt":"2025-11-12T10:57:51","guid":{"rendered":"https:\/\/senabel.com\/?post_type=product&#038;p=57371"},"modified":"2026-01-04T21:58:07","modified_gmt":"2026-01-04T21:58:07","slug":"vit-500-g","status":"publish","type":"product","link":"https:\/\/senabel.com\/sv\/product\/white-500g\/","title":{"rendered":"Crunchy White - 500g"},"content":{"rendered":"<p>Lyxiga fasanp\u00e4rlor i en mjuk vit f\u00e4rg, t\u00e4ckta av ett knaprigt \u00f6verdrag av ljust socker med en distinkt smak som ger en sofistikerad touch till g\u00e4stfriheten. Den eleganta formen g\u00f6r dem perfekta f\u00f6r att dekorera evenemang eller servera till kaffe och te.<\/p>\n<p>Funktioner<\/p>\n<p>Krispigt lager med en balanserad och l\u00e4tt smak<\/p>\n<p>En attraktiv vit f\u00e4rg som passar f\u00f6r elegant presentation<\/p>\n<p>Krispig p\u00e5 utsidan och mjuk p\u00e5 insidan<\/p>\n<p>Idealisk f\u00f6r hotell- och restaurangbranschen och evenemang<\/p>\n<p>Produktinformation<\/p>\n<p>Nettovikt: 500g<\/p>\n<p>Land av ursprung: Turkiet<\/p>\n<p>Redo att ans\u00f6ka direkt<\/p>\n<p>F\u00f6rvaring<br \/>\nF\u00f6rvaras svalt, torrt och skyddat fr\u00e5n direkt solljus.<\/p>","protected":false},"excerpt":{"rendered":"<p>Lyxiga fasanp\u00e4rlor i en mjuk vit f\u00e4rg, t\u00e4ckta av ett knaprigt \u00f6verdrag av ljust socker med en distinkt smak som ger en sofistikerad touch till g\u00e4stfriheten. Den eleganta formen g\u00f6r dem perfekta f\u00f6r att dekorera evenemang eller servera till kaffe och te.<\/p>","protected":false},"featured_media":57372,"template":"","meta":[],"product_brand":[],"product_cat":[347,297],"product_tag":[],"class_list":{"0":"post-57371","1":"product","2":"type-product","3":"status-publish","4":"has-post-thumbnail","6":"product_cat-347","7":"product_cat-297","9":"first","10":"instock","11":"taxable","12":"shipping-taxable","13":"purchasable","14":"product-type-simple"},"_links":{"self":[{"href":"https:\/\/senabel.com\/sv\/wp-json\/wp\/v2\/product\/57371","targetHints":{"allow":["GET"]}}],"collection":[{"href":"https:\/\/senabel.com\/sv\/wp-json\/wp\/v2\/product"}],"about":[{"href":"https:\/\/senabel.com\/sv\/wp-json\/wp\/v2\/types\/product"}],"version-history":[{"count":3,"href":"https:\/\/senabel.com\/sv\/wp-json\/wp\/v2\/product\/57371\/revisions"}],"predecessor-version":[{"id":57395,"href":"https:\/\/senabel.com\/sv\/wp-json\/wp\/v2\/product\/57371\/revisions\/57395"}],"wp:featuredmedia":[{"embeddable":true,"href":"https:\/\/senabel.com\/sv\/wp-json\/wp\/v2\/media\/57372"}],"wp:attachment":[{"href":"https:\/\/senabel.com\/sv\/wp-json\/wp\/v2\/media?parent=57371"}],"wp:term":[{"taxonomy":"product_brand","embeddable":true,"href":"https:\/\/senabel.com\/sv\/wp-json\/wp\/v2\/product_brand?post=57371"},{"taxonomy":"product_cat","embeddable":true,"href":"https:\/\/senabel.com\/sv\/wp-json\/wp\/v2\/product_cat?post=57371"},{"taxonomy":"product_tag","embeddable":true,"href":"https:\/\/senabel.com\/sv\/wp-json\/wp\/v2\/product_tag?post=57371"}],"curies":[{"name":"wp","href":"https:\/\/api.w.org\/{rel}","templated":true}]}}