{"id":57368,"date":"2025-11-12T10:58:37","date_gmt":"2025-11-12T10:58:37","guid":{"rendered":"https:\/\/senabel.com\/?post_type=product&#038;p=57368"},"modified":"2026-04-23T19:33:54","modified_gmt":"2026-04-23T19:33:54","slug":"premium-aleppo-timjan-med-sumak","status":"publish","type":"product","link":"https:\/\/senabel.com\/sv\/product\/premium-aleppo-thyme-with-sumac\/","title":{"rendered":"Sumac Lyxig Aleppo timjan"},"content":{"rendered":"<p>En autentisk blandning av smakrik gr\u00f6n za'atar blandad med lyxig syrlig sumak<br \/>\nMed rostade sesamfr\u00f6n och olivolja f\u00e5r den en rik orientalisk smak som passar den autentiska levantinska g\u00e4stfriheten.<\/p>\n<p>Funktioner<\/p>\n<p>Smaken balanserad mellan syra och s\u00e4lta<\/p>\n<p>Naturlig sumak ger en autentisk smak<\/p>\n<p>Rostade sesamfr\u00f6n f\u00f6r en l\u00e4tt krispighet<\/p>\n<p>Inga konstgjorda tillsatser<\/p>\n<p>Produktinformation<\/p>\n<p>Typ: Halabi timjan med sumak<\/p>\n<p>Ursprung: Syrien (Aleppo)<\/p>\n<p>L\u00e4mplig f\u00f6r frukost, sm\u00f6rg\u00e5sar, nuggets<\/p>\n<p>Anv\u00e4ndningsomr\u00e5den<\/p>\n<p>Serveras med extra jungfruolivolja p\u00e5 varmt br\u00f6d<\/p>\n<p>Anv\u00e4nds f\u00f6r att g\u00f6ra servetter<\/p>\n<p>Tills\u00e4tt i sallader f\u00f6r en distinkt orientalisk smak<\/p>\n<p>Passar bra ihop med lokala ostar<\/p>\n<p>F\u00f6rvaring<br \/>\nF\u00f6rvara p\u00e5 en sval, torr plats i en luftt\u00e4t beh\u00e5llare f\u00f6r att bevara smaken.<\/p>","protected":false},"excerpt":{"rendered":"<p>En autentisk blandning av smakrik gr\u00f6n za'atar blandad med lyxig syrlig sumak<br \/>\nMed rostade sesamfr\u00f6n och olivolja f\u00e5r den en rik orientalisk smak som passar den autentiska levantinska g\u00e4stfriheten.<\/p>","protected":false},"featured_media":57369,"template":"","meta":[],"product_brand":[],"product_cat":[370,347],"product_tag":[],"class_list":{"0":"post-57368","1":"product","2":"type-product","3":"status-publish","4":"has-post-thumbnail","6":"product_cat-370","7":"product_cat-347","9":"first","10":"instock","11":"taxable","12":"shipping-taxable","13":"purchasable","14":"product-type-simple"},"_links":{"self":[{"href":"https:\/\/senabel.com\/sv\/wp-json\/wp\/v2\/product\/57368","targetHints":{"allow":["GET"]}}],"collection":[{"href":"https:\/\/senabel.com\/sv\/wp-json\/wp\/v2\/product"}],"about":[{"href":"https:\/\/senabel.com\/sv\/wp-json\/wp\/v2\/types\/product"}],"version-history":[{"count":1,"href":"https:\/\/senabel.com\/sv\/wp-json\/wp\/v2\/product\/57368\/revisions"}],"predecessor-version":[{"id":57370,"href":"https:\/\/senabel.com\/sv\/wp-json\/wp\/v2\/product\/57368\/revisions\/57370"}],"wp:featuredmedia":[{"embeddable":true,"href":"https:\/\/senabel.com\/sv\/wp-json\/wp\/v2\/media\/57369"}],"wp:attachment":[{"href":"https:\/\/senabel.com\/sv\/wp-json\/wp\/v2\/media?parent=57368"}],"wp:term":[{"taxonomy":"product_brand","embeddable":true,"href":"https:\/\/senabel.com\/sv\/wp-json\/wp\/v2\/product_brand?post=57368"},{"taxonomy":"product_cat","embeddable":true,"href":"https:\/\/senabel.com\/sv\/wp-json\/wp\/v2\/product_cat?post=57368"},{"taxonomy":"product_tag","embeddable":true,"href":"https:\/\/senabel.com\/sv\/wp-json\/wp\/v2\/product_tag?post=57368"}],"curies":[{"name":"wp","href":"https:\/\/api.w.org\/{rel}","templated":true}]}}