{"id":57365,"date":"2025-11-12T10:58:50","date_gmt":"2025-11-12T10:58:50","guid":{"rendered":"https:\/\/senabel.com\/?post_type=product&#038;p=57365"},"modified":"2026-05-03T20:51:17","modified_gmt":"2026-05-03T20:51:17","slug":"aleppo-timjan-extra","status":"publish","type":"product","link":"https:\/\/senabel.com\/sv\/product\/aleppo-thyme-extra\/","title":{"rendered":"Extra Halabi timjan"},"content":{"rendered":"<p>En lyxig orientalisk blandning som kombinerar den finaste vilda za'atar med naturligt sur sumak och rostade sesamfr\u00f6n f\u00f6r en rik, autentisk smak som p\u00e5minner om smaken av en traditionell Aleppo-frukost.<\/p>\n<p>Funktioner<\/p>\n<p>Starkare smak och lyxigare konsistens \u00e4n vanlig timjan<\/p>\n<p>Naturlig sumak ger en balanserad, kornig syra<\/p>\n<p>Rostade sesamfr\u00f6n ger knaprighet och smak<\/p>\n<p>L\u00e4mplig f\u00f6r vardagligt bruk eller f\u00f6r att knapra p\u00e5<\/p>\n<p>Produktinformation<\/p>\n<p>Typ: Extra Halabi Timjan<\/p>\n<p>Ursprung: Syrien<\/p>\n<p>Anv\u00e4nd till frukost, sm\u00f6rg\u00e5sar, wraps och sallader<\/p>\n<p>Hur man serverar<\/p>\n<p>Serveras med extra jungfruolivolja p\u00e5 varmt br\u00f6d<\/p>\n<p>Perfekt f\u00f6r att g\u00f6ra za'atar-nuggets<\/p>\n<p>Tills\u00e4tt i sallader f\u00f6r en uts\u00f6kt orientalisk smak<\/p>\n<p>F\u00f6rvaring<br \/>\nF\u00f6rvara i en luftt\u00e4t beh\u00e5llare p\u00e5 en sval och torr plats f\u00f6r att bevara smak och krispighet<\/p>","protected":false},"excerpt":{"rendered":"<p>En lyxig orientalisk blandning som kombinerar den finaste vilda za'atar med naturligt sur sumak och rostade sesamfr\u00f6n f\u00f6r en rik, autentisk smak som p\u00e5minner om smaken av en traditionell Aleppo-frukost.<\/p>","protected":false},"featured_media":57366,"template":"","meta":[],"product_brand":[],"product_cat":[370,227,347],"product_tag":[],"class_list":{"0":"post-57365","1":"product","2":"type-product","3":"status-publish","4":"has-post-thumbnail","6":"product_cat-370","7":"product_cat-227","8":"product_cat-347","10":"first","11":"instock","12":"sale","13":"taxable","14":"shipping-taxable","15":"purchasable","16":"product-type-simple"},"_links":{"self":[{"href":"https:\/\/senabel.com\/sv\/wp-json\/wp\/v2\/product\/57365","targetHints":{"allow":["GET"]}}],"collection":[{"href":"https:\/\/senabel.com\/sv\/wp-json\/wp\/v2\/product"}],"about":[{"href":"https:\/\/senabel.com\/sv\/wp-json\/wp\/v2\/types\/product"}],"version-history":[{"count":1,"href":"https:\/\/senabel.com\/sv\/wp-json\/wp\/v2\/product\/57365\/revisions"}],"predecessor-version":[{"id":57367,"href":"https:\/\/senabel.com\/sv\/wp-json\/wp\/v2\/product\/57365\/revisions\/57367"}],"wp:featuredmedia":[{"embeddable":true,"href":"https:\/\/senabel.com\/sv\/wp-json\/wp\/v2\/media\/57366"}],"wp:attachment":[{"href":"https:\/\/senabel.com\/sv\/wp-json\/wp\/v2\/media?parent=57365"}],"wp:term":[{"taxonomy":"product_brand","embeddable":true,"href":"https:\/\/senabel.com\/sv\/wp-json\/wp\/v2\/product_brand?post=57365"},{"taxonomy":"product_cat","embeddable":true,"href":"https:\/\/senabel.com\/sv\/wp-json\/wp\/v2\/product_cat?post=57365"},{"taxonomy":"product_tag","embeddable":true,"href":"https:\/\/senabel.com\/sv\/wp-json\/wp\/v2\/product_tag?post=57365"}],"curies":[{"name":"wp","href":"https:\/\/api.w.org\/{rel}","templated":true}]}}