{"id":57362,"date":"2025-11-12T10:59:14","date_gmt":"2025-11-12T10:59:14","guid":{"rendered":"https:\/\/senabel.com\/?post_type=product&#038;p=57362"},"modified":"2026-05-02T21:25:11","modified_gmt":"2026-05-02T21:25:11","slug":"kunglig-gron-aleppotimjan","status":"publish","type":"product","link":"https:\/\/senabel.com\/sv\/product\/royal-green-aleppo-thyme\/","title":{"rendered":"Molokai gr\u00f6n timjan"},"content":{"rendered":"<p>En lyxig Halabi Za'atar-blandning med sin distinkta gr\u00f6na f\u00e4rg och rika smak, gjord av noggrant torkade vild timjanblad, rostade sesamfr\u00f6n och fina orientaliska kryddor. En autentisk smak som \u00e4r v\u00e4rdig en orientalisk frukost i hemmet.<\/p>\n<p>Funktioner<\/p>\n<p>Naturligt gr\u00f6n f\u00e4rg utan f\u00e4rg\u00e4mnen<\/p>\n<p>Stark och balanserad smak<\/p>\n<p>Rostade sesamfr\u00f6n f\u00f6r en h\u00e4rlig krispighet<\/p>\n<p>L\u00e4mplig f\u00f6r frukost, sm\u00f6rg\u00e5sar och sm\u00f6rg\u00e5sar<\/p>\n<p>Produktinformation<\/p>\n<p>Typ: Molokai gr\u00f6n timjan<\/p>\n<p>Ursprung: Syrien<\/p>\n<p>Anv\u00e4ndning: Frukost, Sm\u00f6rg\u00e5sar, Sm\u00f6rg\u00e5sar, Sallader<\/p>\n<p>Hur man serverar<\/p>\n<p>Blanda med extra jungfruolivolja och servera p\u00e5 varmt br\u00f6d<\/p>\n<p>Perfekt f\u00f6r att g\u00f6ra za'atar-nuggets<\/p>\n<p>Tills\u00e4tt i sallader f\u00f6r extra smak<\/p>\n<p>F\u00f6rvaring<br \/>\nF\u00f6rvara i en luftt\u00e4t beh\u00e5llare p\u00e5 en sval och torr plats f\u00f6r att bevara smaken<\/p>","protected":false},"excerpt":{"rendered":"<p>En lyxig Halabi Za'atar-blandning med sin distinkta gr\u00f6na f\u00e4rg och rika smak, gjord av noggrant torkade vild timjanblad, rostade sesamfr\u00f6n och fina orientaliska kryddor. En autentisk smak som \u00e4r v\u00e4rdig en orientalisk frukost i hemmet.<\/p>","protected":false},"featured_media":57363,"template":"","meta":[],"product_brand":[],"product_cat":[370,227,347],"product_tag":[],"class_list":{"0":"post-57362","1":"product","2":"type-product","3":"status-publish","4":"has-post-thumbnail","6":"product_cat-370","7":"product_cat-227","8":"product_cat-347","10":"first","11":"instock","12":"sale","13":"taxable","14":"shipping-taxable","15":"purchasable","16":"product-type-simple"},"_links":{"self":[{"href":"https:\/\/senabel.com\/sv\/wp-json\/wp\/v2\/product\/57362","targetHints":{"allow":["GET"]}}],"collection":[{"href":"https:\/\/senabel.com\/sv\/wp-json\/wp\/v2\/product"}],"about":[{"href":"https:\/\/senabel.com\/sv\/wp-json\/wp\/v2\/types\/product"}],"version-history":[{"count":1,"href":"https:\/\/senabel.com\/sv\/wp-json\/wp\/v2\/product\/57362\/revisions"}],"predecessor-version":[{"id":57364,"href":"https:\/\/senabel.com\/sv\/wp-json\/wp\/v2\/product\/57362\/revisions\/57364"}],"wp:featuredmedia":[{"embeddable":true,"href":"https:\/\/senabel.com\/sv\/wp-json\/wp\/v2\/media\/57363"}],"wp:attachment":[{"href":"https:\/\/senabel.com\/sv\/wp-json\/wp\/v2\/media?parent=57362"}],"wp:term":[{"taxonomy":"product_brand","embeddable":true,"href":"https:\/\/senabel.com\/sv\/wp-json\/wp\/v2\/product_brand?post=57362"},{"taxonomy":"product_cat","embeddable":true,"href":"https:\/\/senabel.com\/sv\/wp-json\/wp\/v2\/product_cat?post=57362"},{"taxonomy":"product_tag","embeddable":true,"href":"https:\/\/senabel.com\/sv\/wp-json\/wp\/v2\/product_tag?post=57362"}],"curies":[{"name":"wp","href":"https:\/\/api.w.org\/{rel}","templated":true}]}}