{"id":57353,"date":"2025-11-12T11:01:12","date_gmt":"2025-11-12T11:01:12","guid":{"rendered":"https:\/\/senabel.com\/?post_type=product&#038;p=57353"},"modified":"2026-03-27T16:58:53","modified_gmt":"2026-03-27T16:58:53","slug":"naturlig-aleppo-tval-6-pack","status":"publish","type":"product","link":"https:\/\/senabel.com\/sv\/product\/natural-aleppo-soap-6-piece-pack\/","title":{"rendered":"Naturlig Halabi-tv\u00e5l - p\u00e5se med 6 delar"},"content":{"rendered":"<p>Denna \u00e4kta naturliga tv\u00e5l, som \u00e4r handgjord av lager- och olivolja och har en traditionell formula som f\u00f6rts vidare i generationer, g\u00f6r huden mjuk, len och naturligt gl\u00f6dande med djupg\u00e5ende v\u00e5rd.<br \/>\nL\u00e4mplig f\u00f6r daglig anv\u00e4ndning f\u00f6r ansikte, kropp och h\u00e5r.<\/p>\n<p>Funktioner<\/p>\n<p>Traditionell industri fr\u00e5n Aleppo 100%<\/p>\n<p>Fri fr\u00e5n kemikalier och syntetiska doft\u00e4mnen<\/p>\n<p>Berikad med laurel- och olivolja, k\u00e4nda f\u00f6r sina fuktgivande egenskaper<\/p>\n<p>Hj\u00e4lper till att rena och mjuka upp huden vid kontinuerlig anv\u00e4ndning<\/p>\n<p>L\u00e4mplig f\u00f6r alla hudtyper, \u00e4ven k\u00e4nslig<\/p>\n<p>Produktinformation<\/p>\n<p>De grundl\u00e4ggande ingredienserna: Laurelolja, olivolja, vatten, naturlig soda<\/p>\n<p>Kvantiteten: 6 tabletter i en traditionell tygp\u00e5se<\/p>\n<p>Ursprung: Aleppo, Syrien<\/p>\n<p>S\u00e5 h\u00e4r anv\u00e4nder du den<\/p>\n<p>Fukta tv\u00e5len med vatten och gnugga tills det bildas ett mjukt l\u00f6dder<\/p>\n<p>Anv\u00e4nd f\u00f6r ansikte, kropp och h\u00e5r<\/p>\n<p>Sk\u00f6lj noggrant och l\u00e5t tv\u00e5len lufttorka efter anv\u00e4ndning<\/p>\n<p>F\u00f6rvaring<br \/>\nF\u00f6rvara p\u00e5 en torr plats utan fukt f\u00f6r att s\u00e4kerst\u00e4lla att den h\u00e5ller l\u00e4ngre<\/p>","protected":false},"excerpt":{"rendered":"<p>Denna \u00e4kta naturliga tv\u00e5l, som \u00e4r handgjord av lager- och olivolja och har en traditionell formula som f\u00f6rts vidare i generationer, g\u00f6r huden mjuk, len och naturligt gl\u00f6dande med djupg\u00e5ende v\u00e5rd.<br \/>\nL\u00e4mplig f\u00f6r daglig anv\u00e4ndning f\u00f6r ansikte, kropp och h\u00e5r.<\/p>","protected":false},"featured_media":57354,"template":"","meta":[],"product_brand":[],"product_cat":[482,347],"product_tag":[],"class_list":{"0":"post-57353","1":"product","2":"type-product","3":"status-publish","4":"has-post-thumbnail","6":"product_cat-482","7":"product_cat-347","9":"first","10":"instock","11":"taxable","12":"shipping-taxable","13":"purchasable","14":"product-type-simple"},"_links":{"self":[{"href":"https:\/\/senabel.com\/sv\/wp-json\/wp\/v2\/product\/57353","targetHints":{"allow":["GET"]}}],"collection":[{"href":"https:\/\/senabel.com\/sv\/wp-json\/wp\/v2\/product"}],"about":[{"href":"https:\/\/senabel.com\/sv\/wp-json\/wp\/v2\/types\/product"}],"version-history":[{"count":1,"href":"https:\/\/senabel.com\/sv\/wp-json\/wp\/v2\/product\/57353\/revisions"}],"predecessor-version":[{"id":57356,"href":"https:\/\/senabel.com\/sv\/wp-json\/wp\/v2\/product\/57353\/revisions\/57356"}],"wp:featuredmedia":[{"embeddable":true,"href":"https:\/\/senabel.com\/sv\/wp-json\/wp\/v2\/media\/57354"}],"wp:attachment":[{"href":"https:\/\/senabel.com\/sv\/wp-json\/wp\/v2\/media?parent=57353"}],"wp:term":[{"taxonomy":"product_brand","embeddable":true,"href":"https:\/\/senabel.com\/sv\/wp-json\/wp\/v2\/product_brand?post=57353"},{"taxonomy":"product_cat","embeddable":true,"href":"https:\/\/senabel.com\/sv\/wp-json\/wp\/v2\/product_cat?post=57353"},{"taxonomy":"product_tag","embeddable":true,"href":"https:\/\/senabel.com\/sv\/wp-json\/wp\/v2\/product_tag?post=57353"}],"curies":[{"name":"wp","href":"https:\/\/api.w.org\/{rel}","templated":true}]}}