{"id":57351,"date":"2025-11-12T11:02:06","date_gmt":"2025-11-12T11:02:06","guid":{"rendered":"https:\/\/senabel.com\/?post_type=product&#038;p=57351"},"modified":"2026-01-28T00:23:16","modified_gmt":"2026-01-28T00:23:16","slug":"aleppo-lovtradstval-i-lyxig-mosaikforpackning","status":"publish","type":"product","link":"https:\/\/senabel.com\/sv\/product\/aleppo-laurel-soap-luxury-mosaic-box\/","title":{"rendered":"Aleppo Laurel tv\u00e5l - lyxig mosaikask"},"content":{"rendered":"<p>En lyxig tv\u00e5l av Aleppo laurel i en elegant mosaikask av tr\u00e4, som kombinerar \u00e4ktheten i Aleppos hantverk med kvaliteten hos naturliga ingredienser.<br \/>\nDen \u00e4r tillverkad p\u00e5 traditionellt s\u00e4tt med lager- och olivolja och l\u00e4mnar huden mjuk och smidig med en l\u00e4tt, naturlig v\u00e5rd.<\/p>\n<p>Funktioner<\/p>\n<p>En lyxig kulturarvsprodukt som \u00e4r l\u00e4mplig att ge bort i present<\/p>\n<p>Pressad fr\u00e5n lagerb\u00e4rsolja och olivolja<\/p>\n<p>\u00c5terfuktar och h\u00e5ller huden mjuk<\/p>\n<p>L\u00e4mplig f\u00f6r daglig anv\u00e4ndning och alla hudtyper<\/p>\n<p>Hj\u00e4lper till att skonsamt reng\u00f6ra huden utan att torka ut den<\/p>\n<p>Produktinformation<\/p>\n<p>Inneh\u00e5ll: 8 stycken tv\u00e5lar av Aleppo laurel<\/p>\n<p>F\u00f6rpackningen: Lyxig mosaikl\u00e5da i tr\u00e4<\/p>\n<p>Ursprungsland: Aleppo, Syrien<\/p>\n<p>S\u00e5 h\u00e4r anv\u00e4nder du den<\/p>\n<p>Fukta tv\u00e5len med vatten och gnugga tills det bildas ett mjukt l\u00f6dder<\/p>\n<p>Anv\u00e4nd f\u00f6r ansikte, kropp och h\u00e5r<\/p>\n<p>Efter anv\u00e4ndning, l\u00e5t torka i ett v\u00e4l ventilerat utrymme<\/p>\n<p>F\u00f6rvaring<br \/>\nF\u00f6rvara torrt och skyddat fr\u00e5n fukt f\u00f6r att bevara tv\u00e5lens kvalitet<\/p>","protected":false},"excerpt":{"rendered":"<p>En lyxig tv\u00e5l av Aleppo laurel i en elegant mosaikask av tr\u00e4, som kombinerar \u00e4ktheten i Aleppos hantverk med kvaliteten hos naturliga ingredienser.<br \/>\nDen \u00e4r tillverkad p\u00e5 traditionellt s\u00e4tt med lager- och olivolja och l\u00e4mnar huden mjuk och smidig med en l\u00e4tt, naturlig v\u00e5rd.<\/p>","protected":false},"featured_media":57346,"template":"","meta":[],"product_brand":[],"product_cat":[482],"product_tag":[],"class_list":{"0":"post-57351","1":"product","2":"type-product","3":"status-publish","4":"has-post-thumbnail","6":"product_cat-482","8":"first","9":"instock","10":"taxable","11":"shipping-taxable","12":"purchasable","13":"product-type-simple"},"_links":{"self":[{"href":"https:\/\/senabel.com\/sv\/wp-json\/wp\/v2\/product\/57351","targetHints":{"allow":["GET"]}}],"collection":[{"href":"https:\/\/senabel.com\/sv\/wp-json\/wp\/v2\/product"}],"about":[{"href":"https:\/\/senabel.com\/sv\/wp-json\/wp\/v2\/types\/product"}],"version-history":[{"count":1,"href":"https:\/\/senabel.com\/sv\/wp-json\/wp\/v2\/product\/57351\/revisions"}],"predecessor-version":[{"id":57352,"href":"https:\/\/senabel.com\/sv\/wp-json\/wp\/v2\/product\/57351\/revisions\/57352"}],"wp:featuredmedia":[{"embeddable":true,"href":"https:\/\/senabel.com\/sv\/wp-json\/wp\/v2\/media\/57346"}],"wp:attachment":[{"href":"https:\/\/senabel.com\/sv\/wp-json\/wp\/v2\/media?parent=57351"}],"wp:term":[{"taxonomy":"product_brand","embeddable":true,"href":"https:\/\/senabel.com\/sv\/wp-json\/wp\/v2\/product_brand?post=57351"},{"taxonomy":"product_cat","embeddable":true,"href":"https:\/\/senabel.com\/sv\/wp-json\/wp\/v2\/product_cat?post=57351"},{"taxonomy":"product_tag","embeddable":true,"href":"https:\/\/senabel.com\/sv\/wp-json\/wp\/v2\/product_tag?post=57351"}],"curies":[{"name":"wp","href":"https:\/\/api.w.org\/{rel}","templated":true}]}}