{"id":57334,"date":"2025-11-12T11:02:38","date_gmt":"2025-11-12T11:02:38","guid":{"rendered":"https:\/\/senabel.com\/?post_type=product&#038;p=57334"},"modified":"2026-05-03T17:48:10","modified_gmt":"2026-05-03T17:48:10","slug":"premium-aleppo-laurel-tval-alzaeem","status":"publish","type":"product","link":"https:\/\/senabel.com\/sv\/product\/premium-aleppo-laurel-soap-alzaeem\/","title":{"rendered":"Lyxig tv\u00e5l av Aleppo Laurel - Alzaeem"},"content":{"rendered":"<p>En lyxig naturlig laureltv\u00e5l fr\u00e5n Aleppo, tillverkad p\u00e5 traditionellt s\u00e4tt som har g\u00e5tt i arv fr\u00e5n generation till generation.<br \/>\nFormulerad med laurelolja och olivolja f\u00f6r att g\u00f6ra huden naturligt mjuk och smidig, med skonsam, icke-torkande reng\u00f6ring.<\/p>\n<p>Funktioner<br \/>\n- Halabi Traditionell Industri 100%<br \/>\n- Inneh\u00e5ller naturlig laurelolja i ett utm\u00e4rkt f\u00f6rh\u00e5llande<br \/>\n- L\u00e4mplig f\u00f6r alla hudtyper<br \/>\n- Ger sl\u00e4thet och glans till hud och h\u00e5r<br \/>\n- Hj\u00e4lper till att lindra torrhet och allergier<\/p>\n<p>Produktinformation<br \/>\n- Typ: Lyxig Laureltv\u00e5l<br \/>\n- Laurel oljef\u00f6rh\u00e5llande: 16%<br \/>\n- Nummer inuti l\u00e5dan: Som tillg\u00e4ngligt<br \/>\n- Ursprungsland: Aleppo, Syrien<\/p>\n<p>S\u00e5 h\u00e4r anv\u00e4nder du den<br \/>\n- Fukta med vatten och skrubba tills ett fint l\u00f6dder bildas<br \/>\n- Anv\u00e4nd f\u00f6r ansikte, kropp och till och med h\u00e5r<br \/>\n- L\u00e5t torka efter varje anv\u00e4ndning f\u00f6r att bibeh\u00e5lla kvaliteten<\/p>\n<p>F\u00f6rvaring<br \/>\nF\u00f6rvaras torrt och skyddat fr\u00e5n fukt<\/p>","protected":false},"excerpt":{"rendered":"<p>En lyxig naturlig laureltv\u00e5l fr\u00e5n Aleppo, tillverkad p\u00e5 traditionellt s\u00e4tt som har g\u00e5tt i arv fr\u00e5n generation till generation.<br \/>\nFormulerad med laurelolja och olivolja f\u00f6r att g\u00f6ra huden naturligt mjuk och smidig, med skonsam, icke-torkande reng\u00f6ring.<\/p>","protected":false},"featured_media":57336,"template":"","meta":[],"product_brand":[],"product_cat":[482,347],"product_tag":[],"class_list":{"0":"post-57334","1":"product","2":"type-product","3":"status-publish","4":"has-post-thumbnail","6":"product_cat-482","7":"product_cat-347","9":"first","10":"instock","11":"taxable","12":"shipping-taxable","13":"purchasable","14":"product-type-simple"},"_links":{"self":[{"href":"https:\/\/senabel.com\/sv\/wp-json\/wp\/v2\/product\/57334","targetHints":{"allow":["GET"]}}],"collection":[{"href":"https:\/\/senabel.com\/sv\/wp-json\/wp\/v2\/product"}],"about":[{"href":"https:\/\/senabel.com\/sv\/wp-json\/wp\/v2\/types\/product"}],"version-history":[{"count":1,"href":"https:\/\/senabel.com\/sv\/wp-json\/wp\/v2\/product\/57334\/revisions"}],"predecessor-version":[{"id":57339,"href":"https:\/\/senabel.com\/sv\/wp-json\/wp\/v2\/product\/57334\/revisions\/57339"}],"wp:featuredmedia":[{"embeddable":true,"href":"https:\/\/senabel.com\/sv\/wp-json\/wp\/v2\/media\/57336"}],"wp:attachment":[{"href":"https:\/\/senabel.com\/sv\/wp-json\/wp\/v2\/media?parent=57334"}],"wp:term":[{"taxonomy":"product_brand","embeddable":true,"href":"https:\/\/senabel.com\/sv\/wp-json\/wp\/v2\/product_brand?post=57334"},{"taxonomy":"product_cat","embeddable":true,"href":"https:\/\/senabel.com\/sv\/wp-json\/wp\/v2\/product_cat?post=57334"},{"taxonomy":"product_tag","embeddable":true,"href":"https:\/\/senabel.com\/sv\/wp-json\/wp\/v2\/product_tag?post=57334"}],"curies":[{"name":"wp","href":"https:\/\/api.w.org\/{rel}","templated":true}]}}