{"id":57322,"date":"2025-11-11T22:54:01","date_gmt":"2025-11-11T22:54:01","guid":{"rendered":"https:\/\/senabel.com\/?post_type=product&#038;p=57322"},"modified":"2025-12-07T19:06:06","modified_gmt":"2025-12-07T19:06:06","slug":"svart-chokladkaka-500-g","status":"publish","type":"product","link":"https:\/\/senabel.com\/sv\/product\/%d8%ba%d8%b1%d9%8a%d8%a8%d8%a9-%d8%b4%d9%88%d9%83%d9%88%d9%84%d8%a7-%d8%a3%d8%b3%d9%88%d8%af-500%d8%ba\/","title":{"rendered":"Exotisk svart choklad - 500g"},"content":{"rendered":"<p>En lyxig upplevelse f\u00f6r choklad\u00e4lskare, som kombinerar mjukheten och krispigheten hos m\u00f6rdeg med ett gener\u00f6st \u00f6verdrag av rik m\u00f6rk choklad f\u00f6r en smak som balanserar mellan s\u00f6tma och sofistikering.<\/p>\n<p>Funktioner<\/p>\n<p>Smidig konsistens som sm\u00e4lter i munnen<\/p>\n<p>M\u00f6rk choklad av h\u00f6gsta kvalitet<\/p>\n<p>Individuellt f\u00f6rpackade bitar f\u00f6r att bevara smak och f\u00e4rskhet<\/p>\n<p>L\u00e4mplig f\u00f6r representation, evenemang och g\u00e5vor<\/p>\n<p>Produktinformation<\/p>\n<p>Nettovikt: 500g<\/p>\n<p>F\u00f6rpackning: F\u00f6rpackad i en snygg l\u00e5da<\/p>\n<p>L\u00e4mplig att servera till kaffe eller te<\/p>\n<p>F\u00f6rvaring<br \/>\nF\u00f6rvaras svalt, torrt och skyddat fr\u00e5n direkt v\u00e4rme.<\/p>","protected":false},"excerpt":{"rendered":"<p>En lyxig upplevelse f\u00f6r choklad\u00e4lskare, som kombinerar mjukheten och krispigheten hos m\u00f6rdeg med ett gener\u00f6st \u00f6verdrag av rik m\u00f6rk choklad f\u00f6r en smak som balanserar mellan s\u00f6tma och sofistikering.<\/p>","protected":false},"featured_media":57323,"template":"","meta":[],"product_brand":[],"product_cat":[347,299],"product_tag":[],"class_list":{"0":"post-57322","1":"product","2":"type-product","3":"status-publish","4":"has-post-thumbnail","6":"product_cat-347","7":"product_cat-299","9":"first","10":"outofstock","11":"taxable","12":"shipping-taxable","13":"purchasable","14":"product-type-simple"},"_links":{"self":[{"href":"https:\/\/senabel.com\/sv\/wp-json\/wp\/v2\/product\/57322","targetHints":{"allow":["GET"]}}],"collection":[{"href":"https:\/\/senabel.com\/sv\/wp-json\/wp\/v2\/product"}],"about":[{"href":"https:\/\/senabel.com\/sv\/wp-json\/wp\/v2\/types\/product"}],"version-history":[{"count":2,"href":"https:\/\/senabel.com\/sv\/wp-json\/wp\/v2\/product\/57322\/revisions"}],"predecessor-version":[{"id":57326,"href":"https:\/\/senabel.com\/sv\/wp-json\/wp\/v2\/product\/57322\/revisions\/57326"}],"wp:featuredmedia":[{"embeddable":true,"href":"https:\/\/senabel.com\/sv\/wp-json\/wp\/v2\/media\/57323"}],"wp:attachment":[{"href":"https:\/\/senabel.com\/sv\/wp-json\/wp\/v2\/media?parent=57322"}],"wp:term":[{"taxonomy":"product_brand","embeddable":true,"href":"https:\/\/senabel.com\/sv\/wp-json\/wp\/v2\/product_brand?post=57322"},{"taxonomy":"product_cat","embeddable":true,"href":"https:\/\/senabel.com\/sv\/wp-json\/wp\/v2\/product_cat?post=57322"},{"taxonomy":"product_tag","embeddable":true,"href":"https:\/\/senabel.com\/sv\/wp-json\/wp\/v2\/product_tag?post=57322"}],"curies":[{"name":"wp","href":"https:\/\/api.w.org\/{rel}","templated":true}]}}