{"id":57299,"date":"2025-11-11T22:34:06","date_gmt":"2025-11-11T22:34:06","guid":{"rendered":"https:\/\/senabel.com\/?post_type=product&#038;p=57299"},"modified":"2025-12-14T13:10:34","modified_gmt":"2025-12-14T13:10:34","slug":"luzina-kristallklocka-500-g","status":"publish","type":"product","link":"https:\/\/senabel.com\/sv\/product\/luzina-crystal-watch-500g\/","title":{"rendered":"Luzena Kristalltimme - 500g"},"content":{"rendered":"<p>Sl\u00e4t kristall fylld med f\u00f6rstklassiga pistagen\u00f6tter, med en distinkt \u201ctimmes\u201d slipning som visar sk\u00f6nheten hos de hela k\u00e4rnorna i varje bit. Den mjuka konsistensen och den autentiska orientaliska smaken \u00e4r perfekt f\u00f6r representation och fine dining.<\/p>\n<p>Funktioner<\/p>\n<p>Fylld med f\u00e4rska, h\u00f6gkvalitativa pistagen\u00f6tter<\/p>\n<p>Individuellt f\u00f6rpackade f\u00f6r att bevara smak och f\u00e4rskhet<\/p>\n<p>En balanserad smak av s\u00f6tma och pistage<\/p>\n<p>L\u00e4mplig att servera till kaffe och te<\/p>\n<p>Produktinformation<\/p>\n<p>Nettovikt: 500g<\/p>\n<p>Unik f\u00f6rpackning som bevarar form och smak<\/p>\n<p>F\u00f6rvaring<br \/>\nF\u00f6rvara p\u00e5 en sval, torr plats, skyddad fr\u00e5n solljus och fukt.<\/p>","protected":false},"excerpt":{"rendered":"<p>Sl\u00e4t kristall fylld med f\u00f6rstklassiga pistagen\u00f6tter, med en distinkt \u201ctimmes\u201d slipning som visar sk\u00f6nheten hos de hela k\u00e4rnorna i varje bit. Den mjuka konsistensen och den autentiska orientaliska smaken \u00e4r perfekt f\u00f6r representation och fine dining.<\/p>","protected":false},"featured_media":57300,"template":"","meta":[],"product_brand":[],"product_cat":[347,299],"product_tag":[],"class_list":{"0":"post-57299","1":"product","2":"type-product","3":"status-publish","4":"has-post-thumbnail","6":"product_cat-347","7":"product_cat-299","9":"first","10":"outofstock","11":"taxable","12":"shipping-taxable","13":"purchasable","14":"product-type-simple"},"_links":{"self":[{"href":"https:\/\/senabel.com\/sv\/wp-json\/wp\/v2\/product\/57299","targetHints":{"allow":["GET"]}}],"collection":[{"href":"https:\/\/senabel.com\/sv\/wp-json\/wp\/v2\/product"}],"about":[{"href":"https:\/\/senabel.com\/sv\/wp-json\/wp\/v2\/types\/product"}],"version-history":[{"count":2,"href":"https:\/\/senabel.com\/sv\/wp-json\/wp\/v2\/product\/57299\/revisions"}],"predecessor-version":[{"id":57802,"href":"https:\/\/senabel.com\/sv\/wp-json\/wp\/v2\/product\/57299\/revisions\/57802"}],"wp:featuredmedia":[{"embeddable":true,"href":"https:\/\/senabel.com\/sv\/wp-json\/wp\/v2\/media\/57300"}],"wp:attachment":[{"href":"https:\/\/senabel.com\/sv\/wp-json\/wp\/v2\/media?parent=57299"}],"wp:term":[{"taxonomy":"product_brand","embeddable":true,"href":"https:\/\/senabel.com\/sv\/wp-json\/wp\/v2\/product_brand?post=57299"},{"taxonomy":"product_cat","embeddable":true,"href":"https:\/\/senabel.com\/sv\/wp-json\/wp\/v2\/product_cat?post=57299"},{"taxonomy":"product_tag","embeddable":true,"href":"https:\/\/senabel.com\/sv\/wp-json\/wp\/v2\/product_tag?post=57299"}],"curies":[{"name":"wp","href":"https:\/\/api.w.org\/{rel}","templated":true}]}}