{"id":57291,"date":"2025-11-11T22:26:19","date_gmt":"2025-11-11T22:26:19","guid":{"rendered":"https:\/\/senabel.com\/?post_type=product&#038;p=57291"},"modified":"2025-12-17T12:47:07","modified_gmt":"2025-12-17T12:47:07","slug":"500-g-luzina-jouriya","status":"publish","type":"product","link":"https:\/\/senabel.com\/sv\/product\/luzina-jouriya-500g\/","title":{"rendered":"Jurianic Luzina - 500g"},"content":{"rendered":"<p>Ett mjukt mandelgodis i form av en distinkt \u00e4lvros fylld med pistagen\u00f6tter, med en raffinerad smak och en mjuk konsistens som sm\u00e4lter i munnen. Varje bit \u00e4r individuellt f\u00f6rpackad f\u00f6r att bevara smak och f\u00e4rskhet.<\/p>\n<p>Funktioner<\/p>\n<p>Elegant rosform l\u00e4mplig f\u00f6r servering<\/p>\n<p>Fylld med noggrant utvalda pistagen\u00f6tter<\/p>\n<p>Mjuk och l\u00e4cker konsistens<\/p>\n<p>Individualiserad f\u00f6rpackning som bibeh\u00e5ller kvaliteten<\/p>\n<p>Idealisk f\u00f6r hotell- och restaurangbranschen och evenemang<\/p>\n<p>Produktinformation<\/p>\n<p>Nettovikt: 500g<\/p>\n<p>L\u00e4mplig att servera till kaffe eller te<\/p>\n<p>F\u00f6rvaring<br \/>\nF\u00f6rvaras svalt, torrt och skyddat fr\u00e5n direkt v\u00e4rme.<\/p>","protected":false},"excerpt":{"rendered":"<p>Ett mjukt mandelgodis i form av en distinkt \u00e4lvros fylld med pistagen\u00f6tter, med en raffinerad smak och en mjuk konsistens som sm\u00e4lter i munnen. Varje bit \u00e4r individuellt f\u00f6rpackad f\u00f6r att bevara smak och f\u00e4rskhet.<\/p>","protected":false},"featured_media":57292,"template":"","meta":[],"product_brand":[],"product_cat":[347,299],"product_tag":[],"class_list":{"0":"post-57291","1":"product","2":"type-product","3":"status-publish","4":"has-post-thumbnail","6":"product_cat-347","7":"product_cat-299","9":"first","10":"outofstock","11":"taxable","12":"shipping-taxable","13":"purchasable","14":"product-type-simple"},"_links":{"self":[{"href":"https:\/\/senabel.com\/sv\/wp-json\/wp\/v2\/product\/57291","targetHints":{"allow":["GET"]}}],"collection":[{"href":"https:\/\/senabel.com\/sv\/wp-json\/wp\/v2\/product"}],"about":[{"href":"https:\/\/senabel.com\/sv\/wp-json\/wp\/v2\/types\/product"}],"version-history":[{"count":1,"href":"https:\/\/senabel.com\/sv\/wp-json\/wp\/v2\/product\/57291\/revisions"}],"predecessor-version":[{"id":57294,"href":"https:\/\/senabel.com\/sv\/wp-json\/wp\/v2\/product\/57291\/revisions\/57294"}],"wp:featuredmedia":[{"embeddable":true,"href":"https:\/\/senabel.com\/sv\/wp-json\/wp\/v2\/media\/57292"}],"wp:attachment":[{"href":"https:\/\/senabel.com\/sv\/wp-json\/wp\/v2\/media?parent=57291"}],"wp:term":[{"taxonomy":"product_brand","embeddable":true,"href":"https:\/\/senabel.com\/sv\/wp-json\/wp\/v2\/product_brand?post=57291"},{"taxonomy":"product_cat","embeddable":true,"href":"https:\/\/senabel.com\/sv\/wp-json\/wp\/v2\/product_cat?post=57291"},{"taxonomy":"product_tag","embeddable":true,"href":"https:\/\/senabel.com\/sv\/wp-json\/wp\/v2\/product_tag?post=57291"}],"curies":[{"name":"wp","href":"https:\/\/api.w.org\/{rel}","templated":true}]}}