{"id":57274,"date":"2025-11-11T21:56:48","date_gmt":"2025-11-11T21:56:48","guid":{"rendered":"https:\/\/senabel.com\/?post_type=product&#038;p=57274"},"modified":"2026-05-17T14:56:09","modified_gmt":"2026-05-17T14:56:09","slug":"lozina-blandade-frukter-500g","status":"publish","type":"product","link":"https:\/\/senabel.com\/sv\/product\/lozina-mixed-fruits-500g\/","title":{"rendered":"Luzena Blandade frukter - 500g"},"content":{"rendered":"<p>Mandlar i form av formade frukter med ljusa f\u00e4rger och vackert konstn\u00e4rskap. Mjuk mandelstruktur med balanserad s\u00f6tma, varje bit \u00e4r noggrant utformad f\u00f6r att ge utseendet av en distinkt frukt. Individuellt f\u00f6rpackade f\u00f6r att bevara smaken och g\u00f6ra dem l\u00e4mpliga f\u00f6r g\u00e4stfrihet och g\u00e5vor.<\/p>\n<p>Funktioner<\/p>\n<p>F\u00e4rgglada fruktformer<\/p>\n<p>Skr\u00e4ddarsydd f\u00f6r hotell och evenemang<\/p>\n<p>Len mandelkonsistens som sm\u00e4lter i munnen<\/p>\n<p>Individuell f\u00f6rpackning f\u00f6r att bevara f\u00e4rskheten<\/p>\n<p>Ett trevligt alternativ att servera till kaffe eller te<\/p>\n<p>Produktinformation<\/p>\n<p>Nettovikt: 500g<\/p>\n<p>L\u00e4mplig f\u00f6r vardagligt g\u00e4stfrihet och speciella tillf\u00e4llen<\/p>\n<p>F\u00f6rvaring<br \/>\nF\u00f6rvaras svalt, torrt och skyddat fr\u00e5n direkt v\u00e4rme.<\/p>\n<p>-<\/p>\n<p>Skicka n\u00e4sta \ud83c\udf1f<\/p>","protected":false},"excerpt":{"rendered":"<p>Mandlar i form av formade frukter med ljusa f\u00e4rger och vackert konstn\u00e4rskap. Mjuk mandelstruktur med balanserad s\u00f6tma, varje bit \u00e4r noggrant utformad f\u00f6r att ge utseendet av en distinkt frukt. Individuellt f\u00f6rpackade f\u00f6r att bevara smaken och g\u00f6ra dem l\u00e4mpliga f\u00f6r g\u00e4stfrihet och g\u00e5vor.<\/p>","protected":false},"featured_media":57275,"template":"","meta":[],"product_brand":[],"product_cat":[347,299],"product_tag":[],"class_list":{"0":"post-57274","1":"product","2":"type-product","3":"status-publish","4":"has-post-thumbnail","6":"product_cat-347","7":"product_cat-299","9":"first","10":"instock","11":"taxable","12":"shipping-taxable","13":"purchasable","14":"product-type-simple"},"_links":{"self":[{"href":"https:\/\/senabel.com\/sv\/wp-json\/wp\/v2\/product\/57274","targetHints":{"allow":["GET"]}}],"collection":[{"href":"https:\/\/senabel.com\/sv\/wp-json\/wp\/v2\/product"}],"about":[{"href":"https:\/\/senabel.com\/sv\/wp-json\/wp\/v2\/types\/product"}],"version-history":[{"count":3,"href":"https:\/\/senabel.com\/sv\/wp-json\/wp\/v2\/product\/57274\/revisions"}],"predecessor-version":[{"id":62170,"href":"https:\/\/senabel.com\/sv\/wp-json\/wp\/v2\/product\/57274\/revisions\/62170"}],"wp:featuredmedia":[{"embeddable":true,"href":"https:\/\/senabel.com\/sv\/wp-json\/wp\/v2\/media\/57275"}],"wp:attachment":[{"href":"https:\/\/senabel.com\/sv\/wp-json\/wp\/v2\/media?parent=57274"}],"wp:term":[{"taxonomy":"product_brand","embeddable":true,"href":"https:\/\/senabel.com\/sv\/wp-json\/wp\/v2\/product_brand?post=57274"},{"taxonomy":"product_cat","embeddable":true,"href":"https:\/\/senabel.com\/sv\/wp-json\/wp\/v2\/product_cat?post=57274"},{"taxonomy":"product_tag","embeddable":true,"href":"https:\/\/senabel.com\/sv\/wp-json\/wp\/v2\/product_tag?post=57274"}],"curies":[{"name":"wp","href":"https:\/\/api.w.org\/{rel}","templated":true}]}}