{"id":57166,"date":"2025-11-05T16:49:05","date_gmt":"2025-11-05T16:49:05","guid":{"rendered":"https:\/\/senabel.com\/?post_type=product&#038;p=57166"},"modified":"2026-03-09T22:23:08","modified_gmt":"2026-03-09T22:23:08","slug":"blandad-baklava-med-pistaschmandlar-och","status":"publish","type":"product","link":"https:\/\/senabel.com\/sv\/product\/mixed-baklava-with-pistachios-and\/","title":{"rendered":"\u0628\u0642\u0644\u0627\u0648\u0629 \u0645\u0634\u0643\u0644\u0629 \u0628\u0627\u0644\u0641\u0633\u062a\u0642 \u0627\u0644\u0627\u0643\u0633\u062a\u0631\u0627 \u0645\u0646 \u0641\u0633\u062a\u0642 \u062d\u0644\u0628 \u2013 500\u063a"},"content":{"rendered":"<p data-start=\"109\" data-end=\"310\">En lyxig upplevelse av \u00e4kta orientaliska smaker, d\u00e4r krispiga bakverk fyllda med de finaste pistaschn\u00f6tterna kombineras med ett tunt lager sirap som ger en balanserad s\u00f6tma och en konsistens som sm\u00e4lter i munnen. En lyxig ask som passar perfekt som present eller till festliga tillf\u00e4llen.<\/p>\n<p data-start=\"312\" data-end=\"324\"><strong data-start=\"312\" data-end=\"324\">Funktioner<\/strong><\/p>\n<ul data-start=\"326\" data-end=\"545\">\n<li data-start=\"326\" data-end=\"373\">\n<p data-start=\"328\" data-end=\"373\">Lyxiga ingredienser tillverkade av h\u00f6gkvalitativa pistaschmandlar<\/p>\n<\/li>\n<li data-start=\"374\" data-end=\"408\">\n<p data-start=\"376\" data-end=\"408\">Gyllene, krispig deg med en autentisk orientalisk smak<\/p>\n<\/li>\n<li data-start=\"409\" data-end=\"440\">\n<p data-start=\"411\" data-end=\"440\">Balanserad s\u00f6tma utan \u00f6verfl\u00f6digt socker<\/p>\n<\/li>\n<li data-start=\"441\" data-end=\"491\">\n<p data-start=\"443\" data-end=\"491\">En sofistikerad l\u00e5da som passar som present eller f\u00f6r bes\u00f6k och evenemang<\/p>\n<\/li>\n<li data-start=\"492\" data-end=\"545\">\n<p data-start=\"494\" data-end=\"545\">Ett stort utbud av olika former och smaker f\u00f6r att tillfredsst\u00e4lla alla smaker<\/p>\n<\/li>\n<\/ul>\n<p data-start=\"547\" data-end=\"564\"><strong data-start=\"547\" data-end=\"564\">Produktinformation<\/strong><\/p>\n<ul data-start=\"566\" data-end=\"723\">\n<li data-start=\"566\" data-end=\"605\">\n<p data-start=\"568\" data-end=\"605\">Kategori: Baklava med pistaschn\u00f6tter<\/p>\n<\/li>\n<li data-start=\"641\" data-end=\"667\">\n<p data-start=\"643\" data-end=\"667\">Nettovikt: 500g<\/p>\n<\/li>\n<li data-start=\"668\" data-end=\"723\">\n<p data-start=\"670\" data-end=\"723\">F\u00f6rpackning: Deluxe f\u00f6rseglad l\u00e5da f\u00f6r att bevara smak och konsistens<\/p>\n<\/li>\n<\/ul>\n<p data-start=\"725\" data-end=\"745\"><strong data-start=\"725\" data-end=\"745\">F\u00f6rvaring och sk\u00f6tsel<\/strong><\/p>\n<ul data-start=\"747\" data-end=\"841\">\n<li data-start=\"747\" data-end=\"774\">\n<p data-start=\"749\" data-end=\"774\">F\u00f6rvaras p\u00e5 en sval och torr plats<\/p>\n<\/li>\n<li data-start=\"775\" data-end=\"841\">\n<p data-start=\"777\" data-end=\"841\">Det \u00e4r l\u00e4mpligt att st\u00e4nga burken v\u00e4l efter \u00f6ppnandet f\u00f6r att bevara krispigheten och f\u00e4rskheten<\/p>\n<\/li>\n<\/ul>","protected":false},"excerpt":{"rendered":"<p>En lyxig upplevelse av \u00e4kta orientaliska smaker, d\u00e4r krispiga bakverk fyllda med de finaste pistaschn\u00f6tterna kombineras med ett tunt lager sirap som ger en balanserad s\u00f6tma och en konsistens som sm\u00e4lter i munnen. En lyxig ask som passar perfekt som present eller till festliga tillf\u00e4llen.<\/p>","protected":false},"featured_media":57167,"template":"","meta":[],"product_brand":[],"product_cat":[220,233,347],"product_tag":[],"class_list":{"0":"post-57166","1":"product","2":"type-product","3":"status-publish","4":"has-post-thumbnail","6":"product_cat-220","7":"product_cat-233","8":"product_cat-347","10":"first","11":"instock","12":"taxable","13":"shipping-taxable","14":"purchasable","15":"product-type-simple"},"_links":{"self":[{"href":"https:\/\/senabel.com\/sv\/wp-json\/wp\/v2\/product\/57166","targetHints":{"allow":["GET"]}}],"collection":[{"href":"https:\/\/senabel.com\/sv\/wp-json\/wp\/v2\/product"}],"about":[{"href":"https:\/\/senabel.com\/sv\/wp-json\/wp\/v2\/types\/product"}],"version-history":[{"count":5,"href":"https:\/\/senabel.com\/sv\/wp-json\/wp\/v2\/product\/57166\/revisions"}],"predecessor-version":[{"id":61734,"href":"https:\/\/senabel.com\/sv\/wp-json\/wp\/v2\/product\/57166\/revisions\/61734"}],"wp:featuredmedia":[{"embeddable":true,"href":"https:\/\/senabel.com\/sv\/wp-json\/wp\/v2\/media\/57167"}],"wp:attachment":[{"href":"https:\/\/senabel.com\/sv\/wp-json\/wp\/v2\/media?parent=57166"}],"wp:term":[{"taxonomy":"product_brand","embeddable":true,"href":"https:\/\/senabel.com\/sv\/wp-json\/wp\/v2\/product_brand?post=57166"},{"taxonomy":"product_cat","embeddable":true,"href":"https:\/\/senabel.com\/sv\/wp-json\/wp\/v2\/product_cat?post=57166"},{"taxonomy":"product_tag","embeddable":true,"href":"https:\/\/senabel.com\/sv\/wp-json\/wp\/v2\/product_tag?post=57166"}],"curies":[{"name":"wp","href":"https:\/\/api.w.org\/{rel}","templated":true}]}}