{"id":57137,"date":"2025-11-05T10:51:33","date_gmt":"2025-11-05T10:51:33","guid":{"rendered":"https:\/\/senabel.com\/?post_type=product&#038;p=57137"},"modified":"2026-04-29T19:50:26","modified_gmt":"2026-04-29T19:50:26","slug":"khodari-dadlar","status":"publish","type":"product","link":"https:\/\/senabel.com\/sv\/product\/khodari-dates\/","title":{"rendered":"Premium gr\u00f6na dadlar - 1000g"},"content":{"rendered":"<p data-start=\"97\" data-end=\"315\">Vegetabiliska dadlar \u00e4r k\u00e4nda f\u00f6r sin mjuka konsistens och balanserade smak och \u00e4r en av de mest popul\u00e4ra sorterna av saudiska dadlar tack vare sin naturliga, milda s\u00f6tma. Perfekta att servera till kaffet eller som ett h\u00e4lsosamt dagligt mellanm\u00e5l som \u00e4r rikt p\u00e5 energi och fibrer.<\/p>\n<p data-start=\"317\" data-end=\"329\"><strong data-start=\"317\" data-end=\"329\">Funktioner<\/strong><\/p>\n<ul data-start=\"331\" data-end=\"515\">\n<li data-start=\"331\" data-end=\"354\">\n<p data-start=\"333\" data-end=\"354\">Naturliga dadlar av h\u00f6g kvalitet<\/p>\n<\/li>\n<li data-start=\"355\" data-end=\"391\">\n<p data-start=\"357\" data-end=\"391\">L\u00e4ckert mjuk konsistens utan att vara \u00f6verdrivet s\u00f6t<\/p>\n<\/li>\n<li data-start=\"392\" data-end=\"430\">\n<p data-start=\"394\" data-end=\"430\">Utm\u00e4rkt k\u00e4lla till energi och naturliga sockerarter<\/p>\n<\/li>\n<li data-start=\"431\" data-end=\"470\">\n<p data-start=\"433\" data-end=\"470\">Inneh\u00e5ller viktiga vitaminer och mineraler f\u00f6r kroppen<\/p>\n<\/li>\n<li data-start=\"471\" data-end=\"515\">\n<p data-start=\"473\" data-end=\"515\">L\u00e4mplig f\u00f6r representation, evenemang och vardagsbruk<\/p>\n<\/li>\n<\/ul>\n<p data-start=\"517\" data-end=\"534\"><strong data-start=\"517\" data-end=\"534\">Produktinformation<\/strong><\/p>\n<ul data-start=\"536\" data-end=\"655\">\n<li data-start=\"536\" data-end=\"569\">\n<p data-start=\"538\" data-end=\"569\">Typ: Khodary Datum<\/p>\n<\/li>\n<li data-start=\"570\" data-end=\"595\">\n<p data-start=\"572\" data-end=\"595\">Nettovikt: 1000 gram<\/p>\n<\/li>\n<li data-start=\"596\" data-end=\"618\">\n<p data-start=\"598\" data-end=\"618\">Land av ursprung: Saudiarabien<\/p>\n<\/li>\n<li data-start=\"619\" data-end=\"655\">\n<p data-start=\"621\" data-end=\"655\">F\u00f6rpackningen \u00e4r f\u00f6rseglad f\u00f6r att garantera f\u00e4rskhet och kvalitet<\/p>\n<\/li>\n<\/ul>\n<p data-start=\"657\" data-end=\"677\"><strong data-start=\"657\" data-end=\"677\">F\u00f6rvaring och sk\u00f6tsel<\/strong><\/p>\n<ul data-start=\"679\" data-end=\"785\">\n<li data-start=\"679\" data-end=\"724\">\n<p data-start=\"681\" data-end=\"724\">F\u00f6rvaras svalt, torrt och skyddat fr\u00e5n solljus<\/p>\n<\/li>\n<li data-start=\"725\" data-end=\"785\">\n<p data-start=\"727\" data-end=\"785\">Kan f\u00f6rvaras i kylen f\u00f6r att bibeh\u00e5lla konsistens och f\u00e4rskhet l\u00e4ngre<\/p>\n<\/li>\n<\/ul>","protected":false},"excerpt":{"rendered":"<p>Vegetabiliska dadlar \u00e4r k\u00e4nda f\u00f6r sin mjuka konsistens och balanserade smak och \u00e4r en av de mest popul\u00e4ra sorterna av saudiska dadlar tack vare sin naturliga, milda s\u00f6tma. Perfekta att servera till kaffet eller som ett h\u00e4lsosamt dagligt mellanm\u00e5l som \u00e4r rikt p\u00e5 energi och fibrer.<\/p>","protected":false},"featured_media":57138,"template":"","meta":[],"product_brand":[],"product_cat":[309],"product_tag":[],"class_list":{"0":"post-57137","1":"product","2":"type-product","3":"status-publish","4":"has-post-thumbnail","6":"product_cat-309","8":"first","9":"instock","10":"taxable","11":"shipping-taxable","12":"purchasable","13":"product-type-simple"},"_links":{"self":[{"href":"https:\/\/senabel.com\/sv\/wp-json\/wp\/v2\/product\/57137","targetHints":{"allow":["GET"]}}],"collection":[{"href":"https:\/\/senabel.com\/sv\/wp-json\/wp\/v2\/product"}],"about":[{"href":"https:\/\/senabel.com\/sv\/wp-json\/wp\/v2\/types\/product"}],"version-history":[{"count":2,"href":"https:\/\/senabel.com\/sv\/wp-json\/wp\/v2\/product\/57137\/revisions"}],"predecessor-version":[{"id":57140,"href":"https:\/\/senabel.com\/sv\/wp-json\/wp\/v2\/product\/57137\/revisions\/57140"}],"wp:featuredmedia":[{"embeddable":true,"href":"https:\/\/senabel.com\/sv\/wp-json\/wp\/v2\/media\/57138"}],"wp:attachment":[{"href":"https:\/\/senabel.com\/sv\/wp-json\/wp\/v2\/media?parent=57137"}],"wp:term":[{"taxonomy":"product_brand","embeddable":true,"href":"https:\/\/senabel.com\/sv\/wp-json\/wp\/v2\/product_brand?post=57137"},{"taxonomy":"product_cat","embeddable":true,"href":"https:\/\/senabel.com\/sv\/wp-json\/wp\/v2\/product_cat?post=57137"},{"taxonomy":"product_tag","embeddable":true,"href":"https:\/\/senabel.com\/sv\/wp-json\/wp\/v2\/product_tag?post=57137"}],"curies":[{"name":"wp","href":"https:\/\/api.w.org\/{rel}","templated":true}]}}