{"id":57129,"date":"2025-11-05T10:59:45","date_gmt":"2025-11-05T10:59:45","guid":{"rendered":"https:\/\/senabel.com\/?post_type=product&#038;p=57129"},"modified":"2026-04-12T09:37:16","modified_gmt":"2026-04-12T09:37:16","slug":"pumpafro-massa","status":"publish","type":"product","link":"https:\/\/senabel.com\/sv\/product\/pumpkin-seed-pulp\/","title":{"rendered":"Pumpafr\u00f6massa - 500g"},"content":{"rendered":"<p data-start=\"110\" data-end=\"347\">Njut av den rika smaken och f\u00f6rdelarna med skalad pumpafr\u00f6massa, som \u00e4r k\u00e4nd f\u00f6r sitt h\u00f6ga n\u00e4ringsv\u00e4rde och inneh\u00e5ller en rad viktiga vitaminer och mineraler. Perfekt f\u00f6r dagliga mellanm\u00e5l eller f\u00f6r att l\u00e4gga till i dina favoritr\u00e4tter f\u00f6r en extra boost av smak och f\u00f6rdelar.<\/p>\n<p data-start=\"349\" data-end=\"361\"><strong data-start=\"349\" data-end=\"361\">Funktioner<\/strong><\/p>\n<ul data-start=\"363\" data-end=\"551\">\n<li data-start=\"363\" data-end=\"398\">\n<p data-start=\"365\" data-end=\"398\">Nyskalad och skalad pumpamassa av h\u00f6g kvalitet<\/p>\n<\/li>\n<li data-start=\"399\" data-end=\"446\">\n<p data-start=\"401\" data-end=\"446\">Rik p\u00e5 magnesium, j\u00e4rn, protein och fibrer<\/p>\n<\/li>\n<li data-start=\"447\" data-end=\"469\">\n<p data-start=\"449\" data-end=\"469\">L\u00e4tt och krispig smak<\/p>\n<\/li>\n<li data-start=\"470\" data-end=\"496\">\n<p data-start=\"472\" data-end=\"496\">L\u00e4mplig som ett h\u00e4lsosamt mellanm\u00e5l<\/p>\n<\/li>\n<li data-start=\"497\" data-end=\"551\">\n<p data-start=\"499\" data-end=\"551\">Kan tills\u00e4ttas i sallader, soppor, yoghurt och bakverk<\/p>\n<\/li>\n<\/ul>\n<p data-start=\"553\" data-end=\"570\"><strong data-start=\"553\" data-end=\"570\">Produktinformation<\/strong><\/p>\n<ul data-start=\"572\" data-end=\"659\">\n<li data-start=\"572\" data-end=\"605\">\n<p data-start=\"574\" data-end=\"605\">Typ av produkt: Fruktk\u00f6tt fr\u00e5n pumpafr\u00f6 (skalat)<\/p>\n<\/li>\n<li data-start=\"606\" data-end=\"632\">\n<p data-start=\"608\" data-end=\"632\">Nettovikt: 500g<\/p>\n<\/li>\n<li data-start=\"633\" data-end=\"659\">\n<p data-start=\"635\" data-end=\"659\">L\u00e4mplig f\u00f6r daglig anv\u00e4ndning<\/p>\n<\/li>\n<\/ul>\n<p data-start=\"661\" data-end=\"681\"><strong data-start=\"661\" data-end=\"681\">F\u00f6rvaring och sk\u00f6tsel<\/strong><\/p>\n<ul data-start=\"683\" data-end=\"763\">\n<li data-start=\"683\" data-end=\"710\">\n<p data-start=\"685\" data-end=\"710\">F\u00f6rvaras p\u00e5 en sval och torr plats<\/p>\n<\/li>\n<li data-start=\"711\" data-end=\"763\">\n<p data-start=\"713\" data-end=\"763\">F\u00f6rslut v\u00e4l efter \u00f6ppnandet f\u00f6r att bevara f\u00e4rskhet och smak<\/p>\n<\/li>\n<\/ul>","protected":false},"excerpt":{"rendered":"<p>Njut av den rika smaken och f\u00f6rdelarna med skalad pumpafr\u00f6massa, som \u00e4r k\u00e4nd f\u00f6r sitt h\u00f6ga n\u00e4ringsv\u00e4rde och inneh\u00e5ller en rad viktiga vitaminer och mineraler. Perfekt f\u00f6r dagliga mellanm\u00e5l eller f\u00f6r att l\u00e4gga till i dina favoritr\u00e4tter f\u00f6r en extra boost av smak och f\u00f6rdelar.<\/p>","protected":false},"featured_media":57130,"template":"","meta":[],"product_brand":[],"product_cat":[308],"product_tag":[],"class_list":{"0":"post-57129","1":"product","2":"type-product","3":"status-publish","4":"has-post-thumbnail","6":"product_cat-308","8":"first","9":"instock","10":"taxable","11":"shipping-taxable","12":"purchasable","13":"product-type-simple"},"_links":{"self":[{"href":"https:\/\/senabel.com\/sv\/wp-json\/wp\/v2\/product\/57129","targetHints":{"allow":["GET"]}}],"collection":[{"href":"https:\/\/senabel.com\/sv\/wp-json\/wp\/v2\/product"}],"about":[{"href":"https:\/\/senabel.com\/sv\/wp-json\/wp\/v2\/types\/product"}],"version-history":[{"count":2,"href":"https:\/\/senabel.com\/sv\/wp-json\/wp\/v2\/product\/57129\/revisions"}],"predecessor-version":[{"id":57132,"href":"https:\/\/senabel.com\/sv\/wp-json\/wp\/v2\/product\/57129\/revisions\/57132"}],"wp:featuredmedia":[{"embeddable":true,"href":"https:\/\/senabel.com\/sv\/wp-json\/wp\/v2\/media\/57130"}],"wp:attachment":[{"href":"https:\/\/senabel.com\/sv\/wp-json\/wp\/v2\/media?parent=57129"}],"wp:term":[{"taxonomy":"product_brand","embeddable":true,"href":"https:\/\/senabel.com\/sv\/wp-json\/wp\/v2\/product_brand?post=57129"},{"taxonomy":"product_cat","embeddable":true,"href":"https:\/\/senabel.com\/sv\/wp-json\/wp\/v2\/product_cat?post=57129"},{"taxonomy":"product_tag","embeddable":true,"href":"https:\/\/senabel.com\/sv\/wp-json\/wp\/v2\/product_tag?post=57129"}],"curies":[{"name":"wp","href":"https:\/\/api.w.org\/{rel}","templated":true}]}}