{"id":56980,"date":"2025-10-27T19:52:09","date_gmt":"2025-10-27T19:52:09","guid":{"rendered":"https:\/\/senabel.com\/?post_type=product&#038;p=56980"},"modified":"2026-04-10T05:21:58","modified_gmt":"2026-04-10T05:21:58","slug":"lyxiga-palestinska-medjool-dadlar","status":"publish","type":"product","link":"https:\/\/senabel.com\/sv\/product\/luxury-palestinian-medjool-dates\/","title":{"rendered":"Premium palestinska Majdal dadlar - 1000g"},"content":{"rendered":"<p data-start=\"42\" data-end=\"269\">Njut av den autentiska smaken av Palestina med <strong data-start=\"88\" data-end=\"110\">Lyxiga Medjool-datum<\/strong>Den \u00e4r k\u00e4nd f\u00f6r sin m\u00f6rka f\u00e4rg, sin stora storlek och sin saftiga, mjuka konsistens. Den anses vara en av de lyxigaste dadlarna i v\u00e4rlden p\u00e5 grund av sin naturliga energi och rikedom p\u00e5 mineraler och vitaminer.<\/p>\n<p data-start=\"271\" data-end=\"285\"><strong data-start=\"271\" data-end=\"283\">Funktioner<\/strong><\/p>\n<ul data-start=\"286\" data-end=\"474\">\n<li data-start=\"286\" data-end=\"332\">\n<p data-start=\"288\" data-end=\"332\">Premium naturliga Medjool dadlar fr\u00e5n de palestinska territorierna<\/p>\n<\/li>\n<li data-start=\"333\" data-end=\"378\">\n<p data-start=\"335\" data-end=\"378\">Mjuk, rik p\u00e5 s\u00f6t smak och naturliga sockerarter<\/p>\n<\/li>\n<li data-start=\"379\" data-end=\"429\">\n<p data-start=\"381\" data-end=\"429\">Utm\u00e4rkt k\u00e4lla till energi, fibrer, j\u00e4rn och kalium<\/p>\n<\/li>\n<li data-start=\"430\" data-end=\"474\">\n<p data-start=\"432\" data-end=\"474\">Perfekt f\u00f6r finare servering eller som en h\u00e4lsosam vardagsm\u00e5ltid<\/p>\n<\/li>\n<\/ul>\n<p data-start=\"476\" data-end=\"495\"><strong data-start=\"476\" data-end=\"493\">Produktinformation<\/strong><\/p>\n<ul data-start=\"496\" data-end=\"627\">\n<li data-start=\"496\" data-end=\"516\">\n<p data-start=\"498\" data-end=\"516\">Typ: Medjool dadlar<\/p>\n<\/li>\n<li data-start=\"517\" data-end=\"535\">\n<p data-start=\"519\" data-end=\"535\">Ursprung: Palestina<\/p>\n<\/li>\n<li data-start=\"536\" data-end=\"563\">\n<p data-start=\"538\" data-end=\"563\">Nettovikt: 1000 gram<\/p>\n<\/li>\n<li data-start=\"564\" data-end=\"627\">\n<p data-start=\"566\" data-end=\"627\">Varum\u00e4rket: Holy Land Delights<\/p>\n<\/li>\n<\/ul>\n<p data-start=\"629\" data-end=\"651\"><strong data-start=\"629\" data-end=\"649\">F\u00f6rvaring och sk\u00f6tsel<\/strong><\/p>\n<ul data-start=\"652\" data-end=\"750\" data-is-last-node=\"\" data-is-only-node=\"\">\n<li data-start=\"652\" data-end=\"700\">\n<p data-start=\"654\" data-end=\"700\">F\u00f6rvaras svalt, torrt och skyddat fr\u00e5n solljus<\/p>\n<\/li>\n<li data-start=\"701\" data-end=\"750\" data-is-last-node=\"\">\n<p data-start=\"703\" data-end=\"750\" data-is-last-node=\"\">Kan f\u00f6rvaras i kylsk\u00e5pet f\u00f6r att bibeh\u00e5lla f\u00e4rskhet och kvalitet<\/p>\n<\/li>\n<\/ul>","protected":false},"excerpt":{"rendered":"<p>Njut av den autentiska smaken av Palestina med <strong data-start=\"88\" data-end=\"110\">Lyxiga Medjool-datum<\/strong>Den \u00e4r k\u00e4nd f\u00f6r sin m\u00f6rka f\u00e4rg, sin stora storlek och sin saftiga, mjuka konsistens. Den anses vara en av de lyxigaste dadlarna i v\u00e4rlden p\u00e5 grund av sin naturliga energi och rikedom p\u00e5 mineraler och vitaminer.<\/p>","protected":false},"featured_media":56981,"template":"","meta":[],"product_brand":[],"product_cat":[347,309],"product_tag":[],"class_list":{"0":"post-56980","1":"product","2":"type-product","3":"status-publish","4":"has-post-thumbnail","6":"product_cat-347","7":"product_cat-309","9":"first","10":"instock","11":"taxable","12":"shipping-taxable","13":"purchasable","14":"product-type-simple"},"_links":{"self":[{"href":"https:\/\/senabel.com\/sv\/wp-json\/wp\/v2\/product\/56980","targetHints":{"allow":["GET"]}}],"collection":[{"href":"https:\/\/senabel.com\/sv\/wp-json\/wp\/v2\/product"}],"about":[{"href":"https:\/\/senabel.com\/sv\/wp-json\/wp\/v2\/types\/product"}],"version-history":[{"count":3,"href":"https:\/\/senabel.com\/sv\/wp-json\/wp\/v2\/product\/56980\/revisions"}],"predecessor-version":[{"id":60629,"href":"https:\/\/senabel.com\/sv\/wp-json\/wp\/v2\/product\/56980\/revisions\/60629"}],"wp:featuredmedia":[{"embeddable":true,"href":"https:\/\/senabel.com\/sv\/wp-json\/wp\/v2\/media\/56981"}],"wp:attachment":[{"href":"https:\/\/senabel.com\/sv\/wp-json\/wp\/v2\/media?parent=56980"}],"wp:term":[{"taxonomy":"product_brand","embeddable":true,"href":"https:\/\/senabel.com\/sv\/wp-json\/wp\/v2\/product_brand?post=56980"},{"taxonomy":"product_cat","embeddable":true,"href":"https:\/\/senabel.com\/sv\/wp-json\/wp\/v2\/product_cat?post=56980"},{"taxonomy":"product_tag","embeddable":true,"href":"https:\/\/senabel.com\/sv\/wp-json\/wp\/v2\/product_tag?post=56980"}],"curies":[{"name":"wp","href":"https:\/\/api.w.org\/{rel}","templated":true}]}}