{"id":56977,"date":"2025-10-27T19:47:49","date_gmt":"2025-10-27T19:47:49","guid":{"rendered":"https:\/\/senabel.com\/?post_type=product&#038;p=56977"},"modified":"2026-02-02T20:13:58","modified_gmt":"2026-02-02T20:13:58","slug":"lyxiga-mjuka-sukkari-dadlar","status":"publish","type":"product","link":"https:\/\/senabel.com\/sv\/product\/luxury-soft-sukkari-dates\/","title":{"rendered":"Premium fuktiga sockerdadel \u2013 500 g"},"content":{"rendered":"<p data-start=\"45\" data-end=\"280\">Njut av den autentiska smaken av naturen med <strong data-start=\"78\" data-end=\"107\">Suneya Wet Diabetiker Datum<\/strong>En av Saudiarabiens finaste dadlar som \u00e4r k\u00e4nd f\u00f6r sin naturliga s\u00f6tma och fylliga, mjuka konsistens. Perfekt f\u00f6r vardagsmiddagen eller som ett h\u00e4lsosamt mellanm\u00e5l fullt av energi och n\u00e4rings\u00e4mnen.<\/p>\n<p data-start=\"282\" data-end=\"296\"><strong data-start=\"282\" data-end=\"294\">Funktioner<\/strong><\/p>\n<ul data-start=\"297\" data-end=\"459\">\n<li data-start=\"297\" data-end=\"335\">\n<p data-start=\"299\" data-end=\"335\">100% Dadlar med naturligt socker och en saftig och uts\u00f6kt smak<\/p>\n<\/li>\n<li data-start=\"336\" data-end=\"374\">\n<p data-start=\"338\" data-end=\"374\">Rik p\u00e5 fibrer, vitaminer och mineraler<\/p>\n<\/li>\n<li data-start=\"375\" data-end=\"422\">\n<p data-start=\"377\" data-end=\"422\">Perfekt till arabiskt kaffe eller som ett h\u00e4lsosamt mellanm\u00e5l<\/p>\n<\/li>\n<li data-start=\"423\" data-end=\"459\">\n<p data-start=\"425\" data-end=\"459\">F\u00f6rpackad p\u00e5 ett s\u00e4tt som bevarar f\u00e4rskhet och smak<\/p>\n<\/li>\n<\/ul>\n<p data-start=\"461\" data-end=\"480\"><strong data-start=\"461\" data-end=\"478\">Produktinformation<\/strong><\/p>\n<ul data-start=\"481\" data-end=\"603\">\n<li data-start=\"481\" data-end=\"504\">\n<p data-start=\"483\" data-end=\"504\">Typ av dadlar: Fuktade sockerdadlar<\/p>\n<\/li>\n<li data-start=\"505\" data-end=\"531\">\n<p data-start=\"507\" data-end=\"531\">Nettovikt: 500g<\/p>\n<\/li>\n<li data-start=\"532\" data-end=\"568\">\n<p data-start=\"534\" data-end=\"568\">Ursprung Saudiarabien<\/p>\n<\/li>\n<li data-start=\"569\" data-end=\"603\">\n<p data-start=\"571\" data-end=\"603\">Varum\u00e4rket: Sanyeh<\/p>\n<\/li>\n<\/ul>\n<p data-start=\"605\" data-end=\"627\"><strong data-start=\"605\" data-end=\"625\">F\u00f6rvaring och sk\u00f6tsel<\/strong><\/p>\n<ul data-start=\"628\" data-end=\"725\" data-is-last-node=\"\" data-is-only-node=\"\">\n<li data-start=\"628\" data-end=\"676\">\n<p data-start=\"630\" data-end=\"676\">F\u00f6rvaras svalt, torrt och skyddat fr\u00e5n solljus<\/p>\n<\/li>\n<li data-start=\"677\" data-end=\"725\" data-is-last-node=\"\">\n<p data-start=\"679\" data-end=\"725\" data-is-last-node=\"\">Kan f\u00f6rvaras i kylsk\u00e5pet f\u00f6r att h\u00e5lla den fr\u00e4sch och smidig<\/p>\n<\/li>\n<\/ul>","protected":false},"excerpt":{"rendered":"<p>Njut av den autentiska smaken av naturen med <strong data-start=\"78\" data-end=\"107\">Datum <\/strong><strong data-start=\"78\" data-end=\"107\">V\u00e5t diabetes av Senia<\/strong>En av Saudiarabiens finaste dadlar som \u00e4r k\u00e4nd f\u00f6r sin naturliga s\u00f6tma och fylliga, mjuka konsistens. Perfekt f\u00f6r vardagsmiddagen eller som ett h\u00e4lsosamt mellanm\u00e5l fullt av energi och n\u00e4rings\u00e4mnen.<\/p>","protected":false},"featured_media":56978,"template":"","meta":[],"product_brand":[],"product_cat":[347,309],"product_tag":[],"class_list":{"0":"post-56977","1":"product","2":"type-product","3":"status-publish","4":"has-post-thumbnail","6":"product_cat-347","7":"product_cat-309","9":"first","10":"outofstock","11":"taxable","12":"shipping-taxable","13":"purchasable","14":"product-type-simple"},"_links":{"self":[{"href":"https:\/\/senabel.com\/sv\/wp-json\/wp\/v2\/product\/56977","targetHints":{"allow":["GET"]}}],"collection":[{"href":"https:\/\/senabel.com\/sv\/wp-json\/wp\/v2\/product"}],"about":[{"href":"https:\/\/senabel.com\/sv\/wp-json\/wp\/v2\/types\/product"}],"version-history":[{"count":3,"href":"https:\/\/senabel.com\/sv\/wp-json\/wp\/v2\/product\/56977\/revisions"}],"predecessor-version":[{"id":61248,"href":"https:\/\/senabel.com\/sv\/wp-json\/wp\/v2\/product\/56977\/revisions\/61248"}],"wp:featuredmedia":[{"embeddable":true,"href":"https:\/\/senabel.com\/sv\/wp-json\/wp\/v2\/media\/56978"}],"wp:attachment":[{"href":"https:\/\/senabel.com\/sv\/wp-json\/wp\/v2\/media?parent=56977"}],"wp:term":[{"taxonomy":"product_brand","embeddable":true,"href":"https:\/\/senabel.com\/sv\/wp-json\/wp\/v2\/product_brand?post=56977"},{"taxonomy":"product_cat","embeddable":true,"href":"https:\/\/senabel.com\/sv\/wp-json\/wp\/v2\/product_cat?post=56977"},{"taxonomy":"product_tag","embeddable":true,"href":"https:\/\/senabel.com\/sv\/wp-json\/wp\/v2\/product_tag?post=56977"}],"curies":[{"name":"wp","href":"https:\/\/api.w.org\/{rel}","templated":true}]}}