{"id":56715,"date":"2025-10-15T15:29:19","date_gmt":"2025-10-15T15:29:19","guid":{"rendered":"https:\/\/senabel.com\/?post_type=product&#038;p=56715"},"modified":"2025-10-27T17:41:49","modified_gmt":"2025-10-27T17:41:49","slug":"kaffekanna-i-stal","status":"publish","type":"product","link":"https:\/\/senabel.com\/sv\/product\/steel-coffee-pot\/","title":{"rendered":"Kaffekanna i st\u00e5l med r\u00f6tt handtag - 4 storlekar"},"content":{"rendered":"<p data-start=\"32\" data-end=\"292\">Njut av \u00e4kta kaffebryggning med <strong data-start=\"76\" data-end=\"116\">Kaffekanna i rostfritt st\u00e5l<\/strong>kombinerar funktionalitet och stil i en och samma design. Tillverkad i rostfritt st\u00e5l f\u00f6r j\u00e4mn v\u00e4rmef\u00f6rdelning och enkel att reng\u00f6ra efter anv\u00e4ndning, med ett ergonomiskt handtag i r\u00f6tt f\u00f6r en modern estetik.<\/p>\n<p data-start=\"294\" data-end=\"308\"><strong data-start=\"294\" data-end=\"306\">Funktioner<\/strong><\/p>\n<ul data-start=\"309\" data-end=\"484\">\n<li data-start=\"309\" data-end=\"358\">\n<p data-start=\"311\" data-end=\"358\">Tillverkad av h\u00f6gkvalitativt rostfritt st\u00e5l<\/p>\n<\/li>\n<li data-start=\"359\" data-end=\"391\">\n<p data-start=\"361\" data-end=\"391\">Ergonomiskt och s\u00e4kert handtag i r\u00f6d f\u00e4rg<\/p>\n<\/li>\n<li data-start=\"392\" data-end=\"421\">\n<p data-start=\"394\" data-end=\"421\">Snabb och j\u00e4mn uppv\u00e4rmning av kaffe<\/p>\n<\/li>\n<li data-start=\"422\" data-end=\"452\">\n<p data-start=\"424\" data-end=\"452\">L\u00e4mplig f\u00f6r alla typer av h\u00e4llar<\/p>\n<\/li>\n<li data-start=\"453\" data-end=\"484\">\n<p data-start=\"455\" data-end=\"484\">Praktisk men \u00e4nd\u00e5 snygg design<\/p>\n<\/li>\n<\/ul>\n<p data-start=\"486\" data-end=\"505\"><strong data-start=\"486\" data-end=\"503\">Produktinformation<\/strong><\/p>\n<ul data-start=\"506\" data-end=\"607\">\n<li data-start=\"506\" data-end=\"529\">\n<p data-start=\"508\" data-end=\"529\">Materialet: Rostfritt st\u00e5l<\/p>\n<\/li>\n<li data-start=\"530\" data-end=\"555\">\n<p data-start=\"532\" data-end=\"555\">F\u00e4rg: Silver med r\u00f6tt handtag<\/p>\n<\/li>\n<li data-start=\"556\" data-end=\"607\">\n<p data-start=\"558\" data-end=\"607\">Storlekar: 4 olika storlekar f\u00f6r att passa alla applikationer<\/p>\n<\/li>\n<\/ul>\n<p data-start=\"609\" data-end=\"633\"><strong data-start=\"609\" data-end=\"631\">Sk\u00f6tsel och anv\u00e4ndning<\/strong><\/p>\n<ul data-start=\"634\" data-end=\"730\" data-is-last-node=\"\" data-is-only-node=\"\">\n<li data-start=\"634\" data-end=\"678\">\n<p data-start=\"636\" data-end=\"678\">Tv\u00e4ttas med varmt vatten och milt reng\u00f6ringsmedel<\/p>\n<\/li>\n<li data-start=\"679\" data-end=\"730\" data-is-last-node=\"\">\n<p data-start=\"681\" data-end=\"730\" data-is-last-node=\"\">Torka dem noggrant efter tv\u00e4tt f\u00f6r att bibeh\u00e5lla glansen<\/p>\n<\/li>\n<\/ul>","protected":false},"excerpt":{"rendered":"<p>Njut av \u00e4kta kaffebryggning med <strong data-start=\"76\" data-end=\"116\">Kaffekanna i rostfritt st\u00e5l<\/strong>kombinerar funktionalitet och stil i en och samma design. Tillverkad i rostfritt st\u00e5l f\u00f6r j\u00e4mn v\u00e4rmef\u00f6rdelning och enkel att reng\u00f6ra efter anv\u00e4ndning, med ett ergonomiskt handtag i r\u00f6tt f\u00f6r en modern estetik.<\/p>","protected":false},"featured_media":56716,"template":"","meta":[],"product_brand":[],"product_cat":[326],"product_tag":[],"class_list":{"0":"post-56715","1":"product","2":"type-product","3":"status-publish","4":"has-post-thumbnail","6":"product_cat-326","8":"first","9":"instock","10":"taxable","11":"shipping-taxable","12":"purchasable","13":"product-type-variable"},"_links":{"self":[{"href":"https:\/\/senabel.com\/sv\/wp-json\/wp\/v2\/product\/56715","targetHints":{"allow":["GET"]}}],"collection":[{"href":"https:\/\/senabel.com\/sv\/wp-json\/wp\/v2\/product"}],"about":[{"href":"https:\/\/senabel.com\/sv\/wp-json\/wp\/v2\/types\/product"}],"version-history":[{"count":2,"href":"https:\/\/senabel.com\/sv\/wp-json\/wp\/v2\/product\/56715\/revisions"}],"predecessor-version":[{"id":56728,"href":"https:\/\/senabel.com\/sv\/wp-json\/wp\/v2\/product\/56715\/revisions\/56728"}],"wp:featuredmedia":[{"embeddable":true,"href":"https:\/\/senabel.com\/sv\/wp-json\/wp\/v2\/media\/56716"}],"wp:attachment":[{"href":"https:\/\/senabel.com\/sv\/wp-json\/wp\/v2\/media?parent=56715"}],"wp:term":[{"taxonomy":"product_brand","embeddable":true,"href":"https:\/\/senabel.com\/sv\/wp-json\/wp\/v2\/product_brand?post=56715"},{"taxonomy":"product_cat","embeddable":true,"href":"https:\/\/senabel.com\/sv\/wp-json\/wp\/v2\/product_cat?post=56715"},{"taxonomy":"product_tag","embeddable":true,"href":"https:\/\/senabel.com\/sv\/wp-json\/wp\/v2\/product_tag?post=56715"}],"curies":[{"name":"wp","href":"https:\/\/api.w.org\/{rel}","templated":true}]}}