{"id":56664,"date":"2025-10-15T13:08:46","date_gmt":"2025-10-15T13:08:46","guid":{"rendered":"https:\/\/senabel.com\/?post_type=product&#038;p=56664"},"modified":"2026-02-21T13:35:41","modified_gmt":"2026-02-21T13:35:41","slug":"herr-bite-strike","status":"publish","type":"product","link":"https:\/\/senabel.com\/sv\/product\/mr-bite-strike\/","title":{"rendered":"Mr Bite Strike kex - Mr Bite Strike"},"content":{"rendered":"<p data-start=\"45\" data-end=\"232\">Njut av oemotst\u00e5ndliga smaker med <strong data-start=\"71\" data-end=\"91\">Mr Bite Strike<\/strong> En kombination av fyllig choklad och knaprig wafer, med l\u00e4ckra lager av gr\u00e4dde och lyxiga smaker. Den perfekta kombinationen av mjukhet och krispighet.<\/p>\n<p data-start=\"234\" data-end=\"257\"><strong data-start=\"234\" data-end=\"255\">Tillg\u00e4ngliga smaker<\/strong><\/p>\n<ul data-start=\"258\" data-end=\"290\">\n<li data-start=\"258\" data-end=\"281\">\n<p data-start=\"260\" data-end=\"281\">Pistasch (Pistachio)<\/p>\n<\/li>\n<li data-start=\"282\" data-end=\"290\">\n<p data-start=\"284\" data-end=\"290\">Hasseln\u00f6t<\/p>\n<\/li>\n<\/ul>\n<p data-start=\"292\" data-end=\"306\"><strong data-start=\"292\" data-end=\"304\">Funktioner<\/strong><\/p>\n<ul data-start=\"307\" data-end=\"500\">\n<li data-start=\"307\" data-end=\"370\">\n<p data-start=\"309\" data-end=\"370\">Krispiga waferlager toppade med len choklad och rikligt smaksatt gr\u00e4dde<\/p>\n<\/li>\n<li data-start=\"371\" data-end=\"415\">\n<p data-start=\"373\" data-end=\"415\">Naturliga smaker inspirerade av lyxiga n\u00f6tter<\/p>\n<\/li>\n<li data-start=\"416\" data-end=\"458\">\n<p data-start=\"418\" data-end=\"458\">Perfekt som mellanm\u00e5l eller till dessert med kaffe<\/p>\n<\/li>\n<li data-start=\"459\" data-end=\"500\">\n<p data-start=\"461\" data-end=\"500\">F\u00f6rseglad f\u00f6r att bevara f\u00e4rskhet och smak<\/p>\n<\/li>\n<\/ul>\n<p data-start=\"502\" data-end=\"521\"><strong data-start=\"502\" data-end=\"519\">Produktinformation<\/strong><\/p>\n<ul data-start=\"522\" data-end=\"604\">\n<li data-start=\"522\" data-end=\"552\">\n<p data-start=\"524\" data-end=\"552\">Varum\u00e4rke: Mr Bite<\/p>\n<\/li>\n<li data-start=\"553\" data-end=\"582\">\n<p data-start=\"555\" data-end=\"582\">Antal: 24 stycken per f\u00f6rpackning<\/p>\n<\/li>\n<\/ul>\n<p data-start=\"606\" data-end=\"628\"><strong data-start=\"606\" data-end=\"626\">F\u00f6rvaring och sk\u00f6tsel<\/strong><\/p>\n<ul data-start=\"629\" data-end=\"740\" data-is-last-node=\"\" data-is-only-node=\"\">\n<li data-start=\"629\" data-end=\"686\">\n<p data-start=\"631\" data-end=\"686\">F\u00f6rvaras svalt, torrt och skyddat fr\u00e5n direkt solljus<\/p>\n<\/li>\n<li data-start=\"687\" data-end=\"740\" data-is-last-node=\"\">\n<p data-start=\"689\" data-end=\"740\" data-is-last-node=\"\">Konsumera inom h\u00e5llbarhetstiden f\u00f6r att bevara smak och kvalitet<\/p>\n<\/li>\n<\/ul>","protected":false},"excerpt":{"rendered":"<p data-start=\"45\" data-end=\"232\">Njut av oemotst\u00e5ndliga smaker med <strong data-start=\"71\" data-end=\"91\">Mr Bite Strike<\/strong> En kombination av fyllig choklad och knaprig wafer, med l\u00e4ckra lager av gr\u00e4dde och lyxiga smaker. Den perfekta kombinationen av mjukhet och krispighet.<\/p>\n<p data-start=\"234\" data-end=\"257\"><strong data-start=\"234\" data-end=\"255\">Tillg\u00e4ngliga smaker<\/strong><\/p>\n<ul data-start=\"258\" data-end=\"290\">\n<li data-start=\"258\" data-end=\"281\">\n<p data-start=\"260\" data-end=\"281\">Pistasch (Pistachio)<\/p>\n<\/li>\n<li data-start=\"282\" data-end=\"290\">\n<p data-start=\"284\" data-end=\"290\">Hasseln\u00f6t<\/p>\n<\/li>\n<\/ul>","protected":false},"featured_media":56665,"template":"","meta":[],"product_brand":[],"product_cat":[377,227,347],"product_tag":[],"class_list":{"0":"post-56664","1":"product","2":"type-product","3":"status-publish","4":"has-post-thumbnail","6":"product_cat-377","7":"product_cat-227","8":"product_cat-347","10":"first","11":"outofstock","12":"taxable","13":"shipping-taxable","14":"product-type-variable"},"_links":{"self":[{"href":"https:\/\/senabel.com\/sv\/wp-json\/wp\/v2\/product\/56664","targetHints":{"allow":["GET"]}}],"collection":[{"href":"https:\/\/senabel.com\/sv\/wp-json\/wp\/v2\/product"}],"about":[{"href":"https:\/\/senabel.com\/sv\/wp-json\/wp\/v2\/types\/product"}],"version-history":[{"count":3,"href":"https:\/\/senabel.com\/sv\/wp-json\/wp\/v2\/product\/56664\/revisions"}],"predecessor-version":[{"id":56688,"href":"https:\/\/senabel.com\/sv\/wp-json\/wp\/v2\/product\/56664\/revisions\/56688"}],"wp:featuredmedia":[{"embeddable":true,"href":"https:\/\/senabel.com\/sv\/wp-json\/wp\/v2\/media\/56665"}],"wp:attachment":[{"href":"https:\/\/senabel.com\/sv\/wp-json\/wp\/v2\/media?parent=56664"}],"wp:term":[{"taxonomy":"product_brand","embeddable":true,"href":"https:\/\/senabel.com\/sv\/wp-json\/wp\/v2\/product_brand?post=56664"},{"taxonomy":"product_cat","embeddable":true,"href":"https:\/\/senabel.com\/sv\/wp-json\/wp\/v2\/product_cat?post=56664"},{"taxonomy":"product_tag","embeddable":true,"href":"https:\/\/senabel.com\/sv\/wp-json\/wp\/v2\/product_tag?post=56664"}],"curies":[{"name":"wp","href":"https:\/\/api.w.org\/{rel}","templated":true}]}}