{"id":56655,"date":"2025-10-15T07:14:35","date_gmt":"2025-10-15T07:14:35","guid":{"rendered":"https:\/\/senabel.com\/?post_type=product&#038;p=56655"},"modified":"2026-02-21T13:35:23","modified_gmt":"2026-02-21T13:35:23","slug":"toren-skivor","status":"publish","type":"product","link":"https:\/\/senabel.com\/sv\/product\/toren-wafers\/","title":{"rendered":"Toren Wafers 3 smaker - Toren Wafers"},"content":{"rendered":"<p data-start=\"36\" data-end=\"157\">Njut av en rolig och krispig smak med <strong data-start=\"64\" data-end=\"78\">V\u00e4vare Turin<\/strong> Rik, kr\u00e4mig och full av smak - en upplevelse som kombinerar m\u00f6rhet och krispighet i varje tugga.<\/p>\n<p data-start=\"159\" data-end=\"182\"><strong data-start=\"159\" data-end=\"180\">Tillg\u00e4ngliga smaker<\/strong><\/p>\n<ul data-start=\"183\" data-end=\"223\">\n<li data-start=\"183\" data-end=\"193\">\n<p data-start=\"185\" data-end=\"193\">Apelsiner<\/p>\n<\/li>\n<li data-start=\"194\" data-end=\"201\">\n<p data-start=\"196\" data-end=\"201\">Moz<\/p>\n<\/li>\n<li data-start=\"202\" data-end=\"223\">\n<p data-start=\"204\" data-end=\"223\">Bubbelgum<\/p>\n<\/li>\n<\/ul>\n<p data-start=\"225\" data-end=\"239\"><strong data-start=\"225\" data-end=\"237\">Funktioner<\/strong><\/p>\n<ul data-start=\"240\" data-end=\"404\">\n<li data-start=\"240\" data-end=\"280\">\n<p data-start=\"242\" data-end=\"280\">En spr\u00f6d wafer fylld med en rik kr\u00e4m med en unik smak<\/p>\n<\/li>\n<li data-start=\"281\" data-end=\"316\">\n<p data-start=\"283\" data-end=\"316\">Innovativa smaker som passar alla smaker<\/p>\n<\/li>\n<li data-start=\"317\" data-end=\"358\">\n<p data-start=\"319\" data-end=\"358\">Perfekt f\u00f6r barn och s\u00f6tsugna<\/p>\n<\/li>\n<li data-start=\"359\" data-end=\"404\">\n<p data-start=\"361\" data-end=\"404\">T\u00e4tt f\u00f6rpackade f\u00f6r att bevara smak och krispighet<\/p>\n<\/li>\n<\/ul>\n<p data-start=\"406\" data-end=\"425\"><strong data-start=\"406\" data-end=\"423\">Produktinformation<\/strong><\/p>\n<ul data-start=\"426\" data-end=\"536\">\n<li data-start=\"426\" data-end=\"453\">\n<p data-start=\"428\" data-end=\"453\">Varum\u00e4rket: Toren<\/p>\n<\/li>\n<li data-start=\"454\" data-end=\"483\">\n<p data-start=\"456\" data-end=\"483\">Antal: 24 stycken per f\u00f6rpackning<\/p>\n<\/li>\n<li data-start=\"484\" data-end=\"514\">\n<p data-start=\"486\" data-end=\"514\">Smaker: Apelsin, banan, tuggummi<\/p>\n<\/li>\n<\/ul>\n<p data-start=\"538\" data-end=\"560\"><strong data-start=\"538\" data-end=\"558\">F\u00f6rvaring och sk\u00f6tsel<\/strong><\/p>\n<ul data-start=\"561\" data-end=\"672\" data-is-last-node=\"\" data-is-only-node=\"\">\n<li data-start=\"561\" data-end=\"618\">\n<p data-start=\"563\" data-end=\"618\">F\u00f6rvaras svalt, torrt och skyddat fr\u00e5n direkt solljus<\/p>\n<\/li>\n<li data-start=\"619\" data-end=\"672\" data-is-last-node=\"\">\n<p data-start=\"621\" data-end=\"672\" data-is-last-node=\"\">Konsumera inom h\u00e5llbarhetstiden f\u00f6r att bibeh\u00e5lla optimal smak<\/p>\n<\/li>\n<\/ul>","protected":false},"excerpt":{"rendered":"<p data-start=\"36\" data-end=\"157\">Njut av en rolig och krispig smak med <strong data-start=\"64\" data-end=\"78\">V\u00e4vare Turin<\/strong> Rik, kr\u00e4mig och full av smak - en upplevelse som kombinerar m\u00f6rhet och krispighet i varje tugga.<\/p>\n<p data-start=\"159\" data-end=\"182\"><strong data-start=\"159\" data-end=\"180\">Tillg\u00e4ngliga smaker<\/strong><\/p>\n<ul data-start=\"183\" data-end=\"223\">\n<li data-start=\"183\" data-end=\"193\">\n<p data-start=\"185\" data-end=\"193\">Apelsiner<\/p>\n<\/li>\n<li data-start=\"194\" data-end=\"201\">\n<p data-start=\"196\" data-end=\"201\">Moz<\/p>\n<\/li>\n<li data-start=\"202\" data-end=\"223\">\n<p data-start=\"204\" data-end=\"223\">Bubbelgum<\/p>\n<\/li>\n<\/ul>\n<p data-start=\"225\" data-end=\"239\">","protected":false},"featured_media":56656,"template":"","meta":[],"product_brand":[],"product_cat":[377,227,347],"product_tag":[],"class_list":{"0":"post-56655","1":"product","2":"type-product","3":"status-publish","4":"has-post-thumbnail","6":"product_cat-377","7":"product_cat-227","8":"product_cat-347","10":"first","11":"outofstock","12":"taxable","13":"shipping-taxable","14":"product-type-variable"},"_links":{"self":[{"href":"https:\/\/senabel.com\/sv\/wp-json\/wp\/v2\/product\/56655","targetHints":{"allow":["GET"]}}],"collection":[{"href":"https:\/\/senabel.com\/sv\/wp-json\/wp\/v2\/product"}],"about":[{"href":"https:\/\/senabel.com\/sv\/wp-json\/wp\/v2\/types\/product"}],"version-history":[{"count":2,"href":"https:\/\/senabel.com\/sv\/wp-json\/wp\/v2\/product\/56655\/revisions"}],"predecessor-version":[{"id":56663,"href":"https:\/\/senabel.com\/sv\/wp-json\/wp\/v2\/product\/56655\/revisions\/56663"}],"wp:featuredmedia":[{"embeddable":true,"href":"https:\/\/senabel.com\/sv\/wp-json\/wp\/v2\/media\/56656"}],"wp:attachment":[{"href":"https:\/\/senabel.com\/sv\/wp-json\/wp\/v2\/media?parent=56655"}],"wp:term":[{"taxonomy":"product_brand","embeddable":true,"href":"https:\/\/senabel.com\/sv\/wp-json\/wp\/v2\/product_brand?post=56655"},{"taxonomy":"product_cat","embeddable":true,"href":"https:\/\/senabel.com\/sv\/wp-json\/wp\/v2\/product_cat?post=56655"},{"taxonomy":"product_tag","embeddable":true,"href":"https:\/\/senabel.com\/sv\/wp-json\/wp\/v2\/product_tag?post=56655"}],"curies":[{"name":"wp","href":"https:\/\/api.w.org\/{rel}","templated":true}]}}