{"id":56638,"date":"2025-10-15T13:14:22","date_gmt":"2025-10-15T13:14:22","guid":{"rendered":"https:\/\/senabel.com\/?post_type=product&#038;p=56638"},"modified":"2026-04-04T16:31:01","modified_gmt":"2026-04-04T16:31:01","slug":"mr-bite-wafer-kex-i-5-smaker","status":"publish","type":"product","link":"https:\/\/senabel.com\/sv\/product\/mr-bite-wafer-biscuits-5-flavors\/","title":{"rendered":"Mr Bite Wafers - Mr Bite Wafers"},"content":{"rendered":"<p data-start=\"43\" data-end=\"191\">Njut av en lyxig smak som kombinerar krispighet och rik smak med <strong data-start=\"96\" data-end=\"114\">Weaver Mr Bite<\/strong> Den \u00e4r t\u00e4ckt av den mest uts\u00f6kta choklad och gr\u00e4dde och \u00e4r en unik upplevelse som kommer att tillfredsst\u00e4lla alla smaker.<\/p>\n<p data-start=\"193\" data-end=\"216\"><strong data-start=\"193\" data-end=\"214\">Tillg\u00e4ngliga smaker<\/strong><\/p>\n<ul data-start=\"217\" data-end=\"327\">\n<li data-start=\"217\" data-end=\"243\">\n<p data-start=\"219\" data-end=\"243\">Vit choklad, hasseln\u00f6t<\/p>\n<\/li>\n<li data-start=\"244\" data-end=\"261\">\n<p data-start=\"246\" data-end=\"261\">M\u00f6rk choklad<\/p>\n<\/li>\n<li data-start=\"262\" data-end=\"282\">\n<p data-start=\"264\" data-end=\"282\">Choklad, hasseln\u00f6t<\/p>\n<\/li>\n<li data-start=\"283\" data-end=\"306\">\n<p data-start=\"285\" data-end=\"306\">Choklad med kokosn\u00f6t<\/p>\n<\/li>\n<li data-start=\"307\" data-end=\"327\">\n<p data-start=\"309\" data-end=\"327\">Choklad med pistagen\u00f6tter<\/p>\n<\/li>\n<\/ul>\n<p data-start=\"329\" data-end=\"343\"><strong data-start=\"329\" data-end=\"341\">Funktioner<\/strong><\/p>\n<ul data-start=\"344\" data-end=\"524\">\n<li data-start=\"344\" data-end=\"394\">\n<p data-start=\"346\" data-end=\"394\">L\u00e4tta och krispiga waferlager toppade med lyxig choklad<\/p>\n<\/li>\n<li data-start=\"395\" data-end=\"436\">\n<p data-start=\"397\" data-end=\"436\">Len kr\u00e4mig fyllning med rika och varierade smaker<\/p>\n<\/li>\n<li data-start=\"437\" data-end=\"481\">\n<p data-start=\"439\" data-end=\"481\">Perfekt till kaffet eller som mellanm\u00e5l n\u00e4r som helst<\/p>\n<\/li>\n<li data-start=\"482\" data-end=\"524\">\n<p data-start=\"484\" data-end=\"524\">F\u00f6rseglad f\u00f6r att bevara smak och krispighet<\/p>\n<\/li>\n<\/ul>\n<p data-start=\"526\" data-end=\"545\"><strong data-start=\"526\" data-end=\"543\">Produktinformation<\/strong><\/p>\n<ul data-start=\"546\" data-end=\"662\">\n<li data-start=\"546\" data-end=\"576\">\n<p data-start=\"548\" data-end=\"576\">Varum\u00e4rke: Mr Bite<\/p>\n<\/li>\n<li data-start=\"577\" data-end=\"606\">\n<p data-start=\"579\" data-end=\"606\">Antal: 24 stycken per f\u00f6rpackning<\/p>\n<\/li>\n<\/ul>\n<p data-start=\"664\" data-end=\"686\"><strong data-start=\"664\" data-end=\"684\">F\u00f6rvaring och sk\u00f6tsel<\/strong><\/p>\n<ul data-start=\"687\" data-end=\"805\" data-is-last-node=\"\" data-is-only-node=\"\">\n<li data-start=\"687\" data-end=\"744\">\n<p data-start=\"689\" data-end=\"744\">F\u00f6rvaras svalt, torrt och skyddat fr\u00e5n direkt solljus<\/p>\n<\/li>\n<li data-start=\"745\" data-end=\"805\" data-is-last-node=\"\">\n<p data-start=\"747\" data-end=\"805\" data-is-last-node=\"\">B\u00e4st att konsumera inom h\u00e5llbarhetstiden f\u00f6r att bibeh\u00e5lla optimal smak<\/p>\n<\/li>\n<\/ul>","protected":false},"excerpt":{"rendered":"<p data-start=\"43\" data-end=\"191\">Njut av en lyxig smak som kombinerar krispighet och rik smak med <strong data-start=\"96\" data-end=\"114\">Weaver Mr Bite<\/strong> Den \u00e4r t\u00e4ckt av den mest uts\u00f6kta choklad och gr\u00e4dde och \u00e4r en unik upplevelse som kommer att tillfredsst\u00e4lla alla smaker.<\/p>\n<p data-start=\"193\" data-end=\"216\"><strong data-start=\"193\" data-end=\"214\">Tillg\u00e4ngliga smaker<\/strong><\/p>\n<ul data-start=\"217\" data-end=\"327\">\n<li data-start=\"217\" data-end=\"243\">\n<p data-start=\"219\" data-end=\"243\">Vit choklad, hasseln\u00f6t<\/p>\n<\/li>\n<li data-start=\"244\" data-end=\"261\">\n<p data-start=\"246\" data-end=\"261\">M\u00f6rk choklad<\/p>\n<\/li>\n<li data-start=\"262\" data-end=\"282\">\n<p data-start=\"264\" data-end=\"282\">Choklad, hasseln\u00f6t<\/p>\n<\/li>\n<li data-start=\"283\" data-end=\"306\">\n<p data-start=\"285\" data-end=\"306\">Choklad med kokosn\u00f6t<\/p>\n<\/li>\n<li data-start=\"307\" data-end=\"327\">\n<p data-start=\"309\" data-end=\"327\">Choklad med pistagen\u00f6tter<\/p>\n<\/li>\n<\/ul>\n<p data-start=\"329\" data-end=\"343\">","protected":false},"featured_media":56639,"template":"","meta":[],"product_brand":[],"product_cat":[377,347],"product_tag":[],"class_list":{"0":"post-56638","1":"product","2":"type-product","3":"status-publish","4":"has-post-thumbnail","6":"product_cat-377","7":"product_cat-347","9":"first","10":"outofstock","11":"taxable","12":"shipping-taxable","13":"product-type-variable"},"_links":{"self":[{"href":"https:\/\/senabel.com\/sv\/wp-json\/wp\/v2\/product\/56638","targetHints":{"allow":["GET"]}}],"collection":[{"href":"https:\/\/senabel.com\/sv\/wp-json\/wp\/v2\/product"}],"about":[{"href":"https:\/\/senabel.com\/sv\/wp-json\/wp\/v2\/types\/product"}],"version-history":[{"count":4,"href":"https:\/\/senabel.com\/sv\/wp-json\/wp\/v2\/product\/56638\/revisions"}],"predecessor-version":[{"id":63621,"href":"https:\/\/senabel.com\/sv\/wp-json\/wp\/v2\/product\/56638\/revisions\/63621"}],"wp:featuredmedia":[{"embeddable":true,"href":"https:\/\/senabel.com\/sv\/wp-json\/wp\/v2\/media\/56639"}],"wp:attachment":[{"href":"https:\/\/senabel.com\/sv\/wp-json\/wp\/v2\/media?parent=56638"}],"wp:term":[{"taxonomy":"product_brand","embeddable":true,"href":"https:\/\/senabel.com\/sv\/wp-json\/wp\/v2\/product_brand?post=56638"},{"taxonomy":"product_cat","embeddable":true,"href":"https:\/\/senabel.com\/sv\/wp-json\/wp\/v2\/product_cat?post=56638"},{"taxonomy":"product_tag","embeddable":true,"href":"https:\/\/senabel.com\/sv\/wp-json\/wp\/v2\/product_tag?post=56638"}],"curies":[{"name":"wp","href":"https:\/\/api.w.org\/{rel}","templated":true}]}}