{"id":56628,"date":"2025-10-15T13:11:40","date_gmt":"2025-10-15T13:11:40","guid":{"rendered":"https:\/\/senabel.com\/?post_type=product&#038;p=56628"},"modified":"2026-02-21T13:35:40","modified_gmt":"2026-02-21T13:35:40","slug":"mr-bite-wafer-kex","status":"publish","type":"product","link":"https:\/\/senabel.com\/sv\/product\/mr-bite-wafer-biscuits\/","title":{"rendered":"Wafer Mr Bite Snap Stora kex - Mr Bite SNAP"},"content":{"rendered":"<p data-start=\"46\" data-end=\"181\">Prova den fylliga och krispiga smaken med <strong data-start=\"75\" data-end=\"105\">Mr Bite Snap Wafer kex<\/strong>Den perfekta kombinationen av knaprighet och kr\u00e4mig smak f\u00f6r en of\u00f6rgl\u00f6mlig njutningsstund.<\/p>\n<p data-start=\"183\" data-end=\"206\"><strong data-start=\"183\" data-end=\"204\">Tillg\u00e4ngliga smaker<\/strong><\/p>\n<ul data-start=\"207\" data-end=\"288\">\n<li data-start=\"207\" data-end=\"226\">\n<p data-start=\"209\" data-end=\"226\">Kakao och choklad<\/p>\n<\/li>\n<li data-start=\"227\" data-end=\"244\">\n<p data-start=\"229\" data-end=\"244\">M\u00f6rk choklad<\/p>\n<\/li>\n<li data-start=\"245\" data-end=\"269\">\n<p data-start=\"247\" data-end=\"269\">Vit choklad och hasseln\u00f6t<\/p>\n<\/li>\n<li data-start=\"270\" data-end=\"288\">\n<p data-start=\"272\" data-end=\"288\">Choklad och pistage<\/p>\n<\/li>\n<\/ul>\n<p data-start=\"290\" data-end=\"304\"><strong data-start=\"290\" data-end=\"302\">Funktioner<\/strong><\/p>\n<ul data-start=\"305\" data-end=\"468\">\n<li data-start=\"305\" data-end=\"342\">\n<p data-start=\"307\" data-end=\"342\">En krispig wafer toppad med ett lent choklad\u00f6verdrag<\/p>\n<\/li>\n<li data-start=\"343\" data-end=\"376\">\n<p data-start=\"345\" data-end=\"376\">Rik, kr\u00e4mig fyllning med \u00f6verd\u00e5diga smaker<\/p>\n<\/li>\n<li data-start=\"377\" data-end=\"421\">\n<p data-start=\"379\" data-end=\"421\">Gott till kaffet eller som mellanm\u00e5l n\u00e4r som helst<\/p>\n<\/li>\n<li data-start=\"422\" data-end=\"468\">\n<p data-start=\"424\" data-end=\"468\">Snyggt f\u00f6rpackade f\u00f6r att bibeh\u00e5lla krispighet och f\u00e4rskhet<\/p>\n<\/li>\n<\/ul>\n<p data-start=\"470\" data-end=\"489\"><strong data-start=\"470\" data-end=\"487\">Produktinformation<\/strong><\/p>\n<ul data-start=\"490\" data-end=\"615\">\n<li data-start=\"490\" data-end=\"525\">\n<p data-start=\"492\" data-end=\"525\">Varum\u00e4rke: Mr Bite SNAP<\/p>\n<\/li>\n<li data-start=\"526\" data-end=\"555\">\n<p data-start=\"528\" data-end=\"555\">Antal: 24 stycken per f\u00f6rpackning<\/p>\n<\/li>\n<\/ul>\n<p data-start=\"617\" data-end=\"639\"><strong data-start=\"617\" data-end=\"637\">F\u00f6rvaring och sk\u00f6tsel<\/strong><\/p>\n<ul data-start=\"640\" data-end=\"757\" data-is-last-node=\"\" data-is-only-node=\"\">\n<li data-start=\"640\" data-end=\"694\">\n<p data-start=\"642\" data-end=\"694\">F\u00f6rvaras svalt, torrt och skyddat fr\u00e5n direkt v\u00e4rme<\/p>\n<\/li>\n<li data-start=\"695\" data-end=\"757\" data-is-last-node=\"\">\n<p data-start=\"697\" data-end=\"757\" data-is-last-node=\"\">B\u00e4st att konsumera inom h\u00e5llbarhetstiden f\u00f6r att bibeh\u00e5lla optimal smak<\/p>\n<\/li>\n<\/ul>","protected":false},"excerpt":{"rendered":"<p data-start=\"46\" data-end=\"181\">Prova den fylliga och krispiga smaken med <strong data-start=\"75\" data-end=\"105\">Mr Bite Snap Wafer kex<\/strong>Den perfekta kombinationen av knaprighet och kr\u00e4mig smak f\u00f6r en of\u00f6rgl\u00f6mlig njutningsstund.<\/p>\n<p data-start=\"183\" data-end=\"206\"><strong data-start=\"183\" data-end=\"204\">Tillg\u00e4ngliga smaker<\/strong><\/p>\n<ul data-start=\"207\" data-end=\"288\">\n<li data-start=\"207\" data-end=\"226\">\n<p data-start=\"209\" data-end=\"226\">Kakao och choklad<\/p>\n<\/li>\n<li data-start=\"227\" data-end=\"244\">\n<p data-start=\"229\" data-end=\"244\">M\u00f6rk choklad<\/p>\n<\/li>\n<li data-start=\"245\" data-end=\"269\">\n<p data-start=\"247\" data-end=\"269\">Vit choklad och hasseln\u00f6t<\/p>\n<\/li>\n<li data-start=\"270\" data-end=\"288\">\n<p data-start=\"272\" data-end=\"288\">Choklad och pistage<\/p>\n<\/li>\n<\/ul>\n<p data-start=\"290\" data-end=\"304\">","protected":false},"featured_media":56629,"template":"","meta":[],"product_brand":[],"product_cat":[377,227,347],"product_tag":[],"class_list":{"0":"post-56628","1":"product","2":"type-product","3":"status-publish","4":"has-post-thumbnail","6":"product_cat-377","7":"product_cat-227","8":"product_cat-347","10":"first","11":"outofstock","12":"taxable","13":"shipping-taxable","14":"product-type-variable"},"_links":{"self":[{"href":"https:\/\/senabel.com\/sv\/wp-json\/wp\/v2\/product\/56628","targetHints":{"allow":["GET"]}}],"collection":[{"href":"https:\/\/senabel.com\/sv\/wp-json\/wp\/v2\/product"}],"about":[{"href":"https:\/\/senabel.com\/sv\/wp-json\/wp\/v2\/types\/product"}],"version-history":[{"count":5,"href":"https:\/\/senabel.com\/sv\/wp-json\/wp\/v2\/product\/56628\/revisions"}],"predecessor-version":[{"id":56693,"href":"https:\/\/senabel.com\/sv\/wp-json\/wp\/v2\/product\/56628\/revisions\/56693"}],"wp:featuredmedia":[{"embeddable":true,"href":"https:\/\/senabel.com\/sv\/wp-json\/wp\/v2\/media\/56629"}],"wp:attachment":[{"href":"https:\/\/senabel.com\/sv\/wp-json\/wp\/v2\/media?parent=56628"}],"wp:term":[{"taxonomy":"product_brand","embeddable":true,"href":"https:\/\/senabel.com\/sv\/wp-json\/wp\/v2\/product_brand?post=56628"},{"taxonomy":"product_cat","embeddable":true,"href":"https:\/\/senabel.com\/sv\/wp-json\/wp\/v2\/product_cat?post=56628"},{"taxonomy":"product_tag","embeddable":true,"href":"https:\/\/senabel.com\/sv\/wp-json\/wp\/v2\/product_tag?post=56628"}],"curies":[{"name":"wp","href":"https:\/\/api.w.org\/{rel}","templated":true}]}}