{"id":56530,"date":"2025-10-11T10:54:12","date_gmt":"2025-10-11T10:54:12","guid":{"rendered":"https:\/\/senabel.com\/?post_type=product&#038;p=56530"},"modified":"2026-03-28T11:17:42","modified_gmt":"2026-03-28T11:17:42","slug":"ahmad-tea-engelsk-frukost","status":"publish","type":"product","link":"https:\/\/senabel.com\/sv\/product\/ahmad-tea-english-breakfast\/","title":{"rendered":"Ahmad Tea English Breakfast - Ahmad Tea English Breakfast"},"content":{"rendered":"<p data-start=\"58\" data-end=\"267\">B\u00f6rja dagen med en kopp engelsk lyx med <strong data-start=\"98\" data-end=\"126\">Ahmed English Breakfast Tea<\/strong>En klassisk blandning av de finaste svarta tebladen, noggrant utvalda fr\u00e5n de finaste plantagerna, f\u00f6r att ge dig en stark smak och arom som uttrycker brittisk \u00e4kthet.<\/p>\n<p data-start=\"269\" data-end=\"283\"><strong data-start=\"269\" data-end=\"281\">Funktioner<\/strong><\/p>\n<ul data-start=\"284\" data-end=\"435\">\n<li data-start=\"284\" data-end=\"321\">\n<p data-start=\"286\" data-end=\"321\">En rik och kraftfull smak som \u00e4r perfekt f\u00f6r att starta dagen<\/p>\n<\/li>\n<li data-start=\"322\" data-end=\"356\">\n<p data-start=\"324\" data-end=\"356\">Kan serveras med eller utan mj\u00f6lk<\/p>\n<\/li>\n<li data-start=\"357\" data-end=\"395\">\n<p data-start=\"359\" data-end=\"395\">Prisbel\u00f6nt <em data-start=\"374\" data-end=\"393\">Utm\u00e4rkelsen Great Taste<\/em><\/p>\n<\/li>\n<li data-start=\"396\" data-end=\"435\">\n<p data-start=\"398\" data-end=\"435\">Omsorgsfullt f\u00f6rpackade f\u00f6r att bevara f\u00e4rskheten<\/p>\n<\/li>\n<\/ul>\n<p data-start=\"437\" data-end=\"456\"><strong data-start=\"437\" data-end=\"454\">Produktinformation<\/strong><\/p>\n<ul data-start=\"457\" data-end=\"578\">\n<li data-start=\"457\" data-end=\"497\">\n<p data-start=\"459\" data-end=\"497\">Varum\u00e4rke: Ahmad Tea - London<\/p>\n<\/li>\n<li data-start=\"498\" data-end=\"530\">\n<p data-start=\"500\" data-end=\"530\">Typ av te Fint engelskt svart te<\/p>\n<\/li>\n<li data-start=\"531\" data-end=\"554\">\n<p data-start=\"533\" data-end=\"554\">F\u00f6rpackningen: 100 tep\u00e5sar<\/p>\n<\/li>\n<li data-start=\"555\" data-end=\"578\">\n<p data-start=\"557\" data-end=\"578\">Land av ursprung: England<\/p>\n<\/li>\n<\/ul>\n<p data-start=\"580\" data-end=\"599\"><strong data-start=\"580\" data-end=\"597\">Hur man f\u00f6rbereder sig<\/strong><\/p>\n<ul data-start=\"600\" data-end=\"711\">\n<li data-start=\"600\" data-end=\"634\">\n<p data-start=\"602\" data-end=\"634\">L\u00e4gg tep\u00e5sen i en kopp kokande vatten<\/p>\n<\/li>\n<li data-start=\"635\" data-end=\"670\">\n<p data-start=\"637\" data-end=\"670\">L\u00e5t verka i 3-5 minuter efter \u00f6nskem\u00e5l<\/p>\n<\/li>\n<li data-start=\"671\" data-end=\"711\">\n<p data-start=\"673\" data-end=\"711\">Du kan tills\u00e4tta mj\u00f6lk eller socker efter smak<\/p>\n<\/li>\n<\/ul>\n<p data-start=\"713\" data-end=\"735\"><strong data-start=\"713\" data-end=\"733\">F\u00f6rvaring och sk\u00f6tsel<\/strong><\/p>\n<ul data-start=\"736\" data-end=\"830\" data-is-last-node=\"\" data-is-only-node=\"\">\n<li data-start=\"736\" data-end=\"784\">\n<p data-start=\"738\" data-end=\"784\">F\u00f6rvaras svalt, torrt och skyddat fr\u00e5n solljus<\/p>\n<\/li>\n<li data-start=\"785\" data-end=\"830\" data-is-last-node=\"\">\n<p data-start=\"787\" data-end=\"830\" data-is-last-node=\"\">F\u00f6rslut v\u00e4l efter anv\u00e4ndning f\u00f6r att bevara smaken<\/p>\n<\/li>\n<\/ul>","protected":false},"excerpt":{"rendered":"<p>B\u00f6rja dagen med en kopp engelsk lyx med <strong data-start=\"98\" data-end=\"126\">Ahmed English Breakfast Tea<\/strong>En klassisk blandning av de finaste svarta tebladen, noggrant utvalda fr\u00e5n de finaste plantagerna, f\u00f6r att ge dig en stark smak och arom som uttrycker brittisk \u00e4kthet.<\/p>","protected":false},"featured_media":56531,"template":"","meta":[],"product_brand":[],"product_cat":[349,373],"product_tag":[],"class_list":{"0":"post-56530","1":"product","2":"type-product","3":"status-publish","4":"has-post-thumbnail","6":"product_cat-349","7":"product_cat-373","9":"first","10":"instock","11":"taxable","12":"shipping-taxable","13":"purchasable","14":"product-type-simple"},"_links":{"self":[{"href":"https:\/\/senabel.com\/sv\/wp-json\/wp\/v2\/product\/56530","targetHints":{"allow":["GET"]}}],"collection":[{"href":"https:\/\/senabel.com\/sv\/wp-json\/wp\/v2\/product"}],"about":[{"href":"https:\/\/senabel.com\/sv\/wp-json\/wp\/v2\/types\/product"}],"version-history":[{"count":3,"href":"https:\/\/senabel.com\/sv\/wp-json\/wp\/v2\/product\/56530\/revisions"}],"predecessor-version":[{"id":60591,"href":"https:\/\/senabel.com\/sv\/wp-json\/wp\/v2\/product\/56530\/revisions\/60591"}],"wp:featuredmedia":[{"embeddable":true,"href":"https:\/\/senabel.com\/sv\/wp-json\/wp\/v2\/media\/56531"}],"wp:attachment":[{"href":"https:\/\/senabel.com\/sv\/wp-json\/wp\/v2\/media?parent=56530"}],"wp:term":[{"taxonomy":"product_brand","embeddable":true,"href":"https:\/\/senabel.com\/sv\/wp-json\/wp\/v2\/product_brand?post=56530"},{"taxonomy":"product_cat","embeddable":true,"href":"https:\/\/senabel.com\/sv\/wp-json\/wp\/v2\/product_cat?post=56530"},{"taxonomy":"product_tag","embeddable":true,"href":"https:\/\/senabel.com\/sv\/wp-json\/wp\/v2\/product_tag?post=56530"}],"curies":[{"name":"wp","href":"https:\/\/api.w.org\/{rel}","templated":true}]}}