{"id":56506,"date":"2025-10-10T13:16:31","date_gmt":"2025-10-10T13:16:31","guid":{"rendered":"https:\/\/senabel.com\/?post_type=product&#038;p=56506"},"modified":"2025-12-31T00:12:19","modified_gmt":"2025-12-31T00:12:19","slug":"ben-al-shami-gront-kort-extra","status":"publish","type":"product","link":"https:\/\/senabel.com\/sv\/product\/ben-al-shami-green-card-extra\/","title":{"rendered":"Bin Al Shami Extra Gr\u00f6n Kardemumma - 450g"},"content":{"rendered":"<p data-start=\"29\" data-end=\"187\">Njut av \u00e4ktheten hos fint arabiskt kaffe med <strong data-start=\"69\" data-end=\"103\">Bin Al Shami Extra med gr\u00f6n kardemumma<\/strong>En lyxig blandning som kombinerar styrkan hos Arabica-kaffe med doften av kardemumma, med expertis som g\u00e5r tillbaka till 1924.<\/p>\n<p data-start=\"189\" data-end=\"203\"><strong data-start=\"189\" data-end=\"201\">Funktioner<\/strong><\/p>\n<ul data-start=\"204\" data-end=\"373\">\n<li data-start=\"204\" data-end=\"241\">\n<p data-start=\"206\" data-end=\"241\">En unik Levantine-blandning med en balanserad och fyllig smak<\/p>\n<\/li>\n<li data-start=\"242\" data-end=\"281\">\n<p data-start=\"244\" data-end=\"281\">Inneh\u00e5ller en h\u00f6gre andel naturlig gr\u00f6n kardemumma<\/p>\n<\/li>\n<li data-start=\"282\" data-end=\"332\">\n<p data-start=\"284\" data-end=\"332\">Kraftfull smak och lyxig doft av \u00e4kta kaffe<\/p>\n<\/li>\n<li data-start=\"333\" data-end=\"373\">\n<p data-start=\"335\" data-end=\"373\">Perfekt f\u00f6r arabiska och turkiska kaffe\u00e4lskare<\/p>\n<\/li>\n<\/ul>\n<p data-start=\"375\" data-end=\"394\"><strong data-start=\"375\" data-end=\"392\">Produktinformation<\/strong><\/p>\n<ul data-start=\"395\" data-end=\"532\">\n<li data-start=\"395\" data-end=\"416\">\n<p data-start=\"397\" data-end=\"416\">Vikt: Beroende p\u00e5 f\u00f6rpackningen<\/p>\n<\/li>\n<li data-start=\"417\" data-end=\"460\">\n<p data-start=\"419\" data-end=\"460\">Ingredienser: Malt arabiskt kaffe, naturlig gr\u00f6n kardemumma<\/p>\n<\/li>\n<li data-start=\"461\" data-end=\"502\">\n<p data-start=\"463\" data-end=\"502\">Ursprung: Bin El Chami Company - Sedan 1924<\/p>\n<\/li>\n<li data-start=\"503\" data-end=\"532\">\n<p data-start=\"505\" data-end=\"532\">Typ: Extra kardemummakaffe<\/p>\n<\/li>\n<\/ul>\n<p data-start=\"534\" data-end=\"556\"><strong data-start=\"534\" data-end=\"554\">F\u00f6rvaring och sk\u00f6tsel<\/strong><\/p>\n<ul data-start=\"557\" data-end=\"656\" data-is-last-node=\"\" data-is-only-node=\"\">\n<li data-start=\"557\" data-end=\"605\">\n<p data-start=\"559\" data-end=\"605\">F\u00f6rvaras svalt, torrt och skyddat fr\u00e5n solljus<\/p>\n<\/li>\n<li data-start=\"606\" data-end=\"656\" data-is-last-node=\"\">\n<p data-start=\"608\" data-end=\"656\" data-is-last-node=\"\">F\u00f6rsluter t\u00e4tt efter \u00f6ppning f\u00f6r att bevara den friska smaken<\/p>\n<\/li>\n<\/ul>","protected":false},"excerpt":{"rendered":"<p>Njut av \u00e4ktheten hos fint arabiskt kaffe med <strong data-start=\"69\" data-end=\"103\">Bin Al Shami Extra med gr\u00f6n kardemumma<\/strong>En lyxig blandning som kombinerar styrkan hos Arabica-kaffe med doften av kardemumma, med expertis som g\u00e5r tillbaka till 1924.<\/p>","protected":false},"featured_media":56507,"template":"","meta":[],"product_brand":[],"product_cat":[347,282],"product_tag":[],"class_list":{"0":"post-56506","1":"product","2":"type-product","3":"status-publish","4":"has-post-thumbnail","6":"product_cat-347","7":"product_cat-282","9":"first","10":"outofstock","11":"taxable","12":"shipping-taxable","13":"purchasable","14":"product-type-simple"},"_links":{"self":[{"href":"https:\/\/senabel.com\/sv\/wp-json\/wp\/v2\/product\/56506","targetHints":{"allow":["GET"]}}],"collection":[{"href":"https:\/\/senabel.com\/sv\/wp-json\/wp\/v2\/product"}],"about":[{"href":"https:\/\/senabel.com\/sv\/wp-json\/wp\/v2\/types\/product"}],"version-history":[{"count":1,"href":"https:\/\/senabel.com\/sv\/wp-json\/wp\/v2\/product\/56506\/revisions"}],"predecessor-version":[{"id":56508,"href":"https:\/\/senabel.com\/sv\/wp-json\/wp\/v2\/product\/56506\/revisions\/56508"}],"wp:featuredmedia":[{"embeddable":true,"href":"https:\/\/senabel.com\/sv\/wp-json\/wp\/v2\/media\/56507"}],"wp:attachment":[{"href":"https:\/\/senabel.com\/sv\/wp-json\/wp\/v2\/media?parent=56506"}],"wp:term":[{"taxonomy":"product_brand","embeddable":true,"href":"https:\/\/senabel.com\/sv\/wp-json\/wp\/v2\/product_brand?post=56506"},{"taxonomy":"product_cat","embeddable":true,"href":"https:\/\/senabel.com\/sv\/wp-json\/wp\/v2\/product_cat?post=56506"},{"taxonomy":"product_tag","embeddable":true,"href":"https:\/\/senabel.com\/sv\/wp-json\/wp\/v2\/product_tag?post=56506"}],"curies":[{"name":"wp","href":"https:\/\/api.w.org\/{rel}","templated":true}]}}