{"id":56503,"date":"2025-10-10T13:17:35","date_gmt":"2025-10-10T13:17:35","guid":{"rendered":"https:\/\/senabel.com\/?post_type=product&#038;p=56503"},"modified":"2026-01-09T14:43:59","modified_gmt":"2026-01-09T14:43:59","slug":"bin-haseeb-ar-super-extra","status":"publish","type":"product","link":"https:\/\/senabel.com\/sv\/product\/bin-haseeb-hal-super-extra\/","title":{"rendered":"Ben Hassib Hal Super Extra - 500g"},"content":{"rendered":"<p data-start=\"27\" data-end=\"177\">Njut av smaken av \u00e4kta kaffe med <strong data-start=\"58\" data-end=\"88\">Bin Hassib Super Extra p\u00e5 Al Hal<\/strong>Noggrant blandad f\u00f6r att ge dig en rik smak och en lyxig arabisk arom som uttrycker en expertis som g\u00e5r tillbaka till 1946.<\/p>\n<p data-start=\"179\" data-end=\"193\"><strong data-start=\"179\" data-end=\"191\">Funktioner<\/strong><\/p>\n<ul data-start=\"194\" data-end=\"347\">\n<li data-start=\"194\" data-end=\"233\">\n<p data-start=\"196\" data-end=\"233\">En lyxig blandning av det finaste Arabica-kaffet<\/p>\n<\/li>\n<li data-start=\"234\" data-end=\"274\">\n<p data-start=\"236\" data-end=\"274\">Inneh\u00e5ller en h\u00f6g andel lyxig kardemumma<\/p>\n<\/li>\n<li data-start=\"275\" data-end=\"313\">\n<p data-start=\"277\" data-end=\"313\">Balanserad konsistens och stark smak med en behaglig arom<\/p>\n<\/li>\n<li data-start=\"314\" data-end=\"347\">\n<p data-start=\"316\" data-end=\"347\">L\u00e4mplig f\u00f6r arabiskt och turkiskt kaffe<\/p>\n<\/li>\n<\/ul>\n<p data-start=\"349\" data-end=\"368\"><strong data-start=\"349\" data-end=\"366\">Produktinformation<\/strong><\/p>\n<ul data-start=\"369\" data-end=\"504\">\n<li data-start=\"369\" data-end=\"390\">\n<p data-start=\"371\" data-end=\"390\">Vikt: Beroende p\u00e5 f\u00f6rpackningen<\/p>\n<\/li>\n<li data-start=\"391\" data-end=\"429\">\n<p data-start=\"393\" data-end=\"429\">Ingredienser: Malt arabiskt kaffe, naturlig kardemumma<\/p>\n<\/li>\n<li data-start=\"430\" data-end=\"469\">\n<p data-start=\"432\" data-end=\"469\">Ursprung: Ben Hassib Company - Sedan 1946<\/p>\n<\/li>\n<li data-start=\"470\" data-end=\"504\">\n<p data-start=\"472\" data-end=\"504\">Typ av kaffe Super Extra Kardemumma Kaffe<\/p>\n<\/li>\n<\/ul>\n<p data-start=\"506\" data-end=\"528\"><strong data-start=\"506\" data-end=\"526\">F\u00f6rvaring och sk\u00f6tsel<\/strong><\/p>\n<ul data-start=\"529\" data-end=\"622\" data-is-last-node=\"\" data-is-only-node=\"\">\n<li data-start=\"529\" data-end=\"574\">\n<p data-start=\"531\" data-end=\"574\">F\u00f6rvaras svalt, torrt och skyddat fr\u00e5n fukt<\/p>\n<\/li>\n<li data-start=\"575\" data-end=\"622\" data-is-last-node=\"\">\n<p data-start=\"577\" data-end=\"622\" data-is-last-node=\"\">F\u00f6rslut v\u00e4l efter \u00f6ppnandet f\u00f6r att bevara den fr\u00e4scha smaken<\/p>\n<\/li>\n<\/ul>","protected":false},"excerpt":{"rendered":"<p>Njut av smaken av \u00e4kta kaffe med <strong data-start=\"58\" data-end=\"88\">Bin Hassib Super Extra p\u00e5 Al Hal<\/strong>Noggrant blandad f\u00f6r att ge dig en rik smak och en lyxig arabisk arom som uttrycker en expertis som g\u00e5r tillbaka till 1946.<\/p>","protected":false},"featured_media":56504,"template":"","meta":[],"product_brand":[],"product_cat":[347,282],"product_tag":[],"class_list":{"0":"post-56503","1":"product","2":"type-product","3":"status-publish","4":"has-post-thumbnail","6":"product_cat-347","7":"product_cat-282","9":"first","10":"outofstock","11":"taxable","12":"shipping-taxable","13":"purchasable","14":"product-type-simple"},"_links":{"self":[{"href":"https:\/\/senabel.com\/sv\/wp-json\/wp\/v2\/product\/56503","targetHints":{"allow":["GET"]}}],"collection":[{"href":"https:\/\/senabel.com\/sv\/wp-json\/wp\/v2\/product"}],"about":[{"href":"https:\/\/senabel.com\/sv\/wp-json\/wp\/v2\/types\/product"}],"version-history":[{"count":1,"href":"https:\/\/senabel.com\/sv\/wp-json\/wp\/v2\/product\/56503\/revisions"}],"predecessor-version":[{"id":56505,"href":"https:\/\/senabel.com\/sv\/wp-json\/wp\/v2\/product\/56503\/revisions\/56505"}],"wp:featuredmedia":[{"embeddable":true,"href":"https:\/\/senabel.com\/sv\/wp-json\/wp\/v2\/media\/56504"}],"wp:attachment":[{"href":"https:\/\/senabel.com\/sv\/wp-json\/wp\/v2\/media?parent=56503"}],"wp:term":[{"taxonomy":"product_brand","embeddable":true,"href":"https:\/\/senabel.com\/sv\/wp-json\/wp\/v2\/product_brand?post=56503"},{"taxonomy":"product_cat","embeddable":true,"href":"https:\/\/senabel.com\/sv\/wp-json\/wp\/v2\/product_cat?post=56503"},{"taxonomy":"product_tag","embeddable":true,"href":"https:\/\/senabel.com\/sv\/wp-json\/wp\/v2\/product_tag?post=56503"}],"curies":[{"name":"wp","href":"https:\/\/api.w.org\/{rel}","templated":true}]}}